{"id":34052,"date":"2025-03-21T12:15:22","date_gmt":"2025-03-21T11:15:22","guid":{"rendered":"https:\/\/promatmedical.com\/bj\/produit\/rouleaux-de-gaze-en-coton-80-cm-x-2-m\/"},"modified":"2025-03-21T12:15:22","modified_gmt":"2025-03-21T11:15:22","slug":"rouleaux-de-gaze-en-coton-80-cm-x-2-m","status":"publish","type":"product","link":"https:\/\/promatmedical.com\/en\/product\/rouleaux-de-gaze-en-coton-80-cm-x-2-m\/","title":{"rendered":"Rouleaux de gaze en coton 80 cm x 2 m"},"content":{"rendered":"<p>ROULEAUX DE GAZE 100% COTON<\/p>\n<p>Rouleaux de gaze 100% en coton avec 20 fils\/cm2 conformes \u00e0 la Pharmacop\u00e9e Europ\u00e9enne et \u00e0 EN 14079.<br \/>\nD\u00e9t\u00e9ctables aux rayons X (environ 60% de Sulfate de Baryum), largeur 80 cm, pli\u00e9 de 8 \u00e0 10 cm de couches.<\/p>\n<p>\u2022 Largeur ouvert: 80 cm x 2 m<br \/>\n\u2022 Largeur pli\u00e9: 10 cm x 2 m<br \/>\n\u2022 Couches: 8<br \/>\n\u2022 Fils cm2: 20<\/p>\n<p>Bo\u00eete multilingue: GB, FR, IT, ES, PT, DE, NL, SE.<\/p>","protected":false},"excerpt":{"rendered":"<p>ROULEAUX DE GAZE 100% COTON Rouleaux de gaze 100% en coton avec 20 fils\/cm2 conformes \u00e0 la Pharmacop\u00e9e Europ\u00e9enne et \u00e0 EN 14079. D\u00e9t\u00e9ctables aux rayons X (environ 60% de Sulfate de Baryum), largeur 80 cm, pli\u00e9 de 8 \u00e0 10 cm de couches. \u2022 Largeur ouvert: 80 cm x 2 m \u2022 Largeur pli\u00e9: [&hellip;]<\/p>\n","protected":false},"featured_media":34051,"comment_status":"open","ping_status":"closed","template":"","meta":[],"product_brand":[],"product_cat":[166],"product_tag":[],"class_list":{"0":"post-34052","1":"product","2":"type-product","3":"status-publish","4":"has-post-thumbnail","6":"product_cat-equipements-medicaux-et-chirurgicaux","8":"first","9":"instock","10":"taxable","11":"shipping-taxable","12":"purchasable","13":"product-type-simple"},"_links":{"self":[{"href":"https:\/\/promatmedical.com\/en\/wp-json\/wp\/v2\/product\/34052","targetHints":{"allow":["GET"]}}],"collection":[{"href":"https:\/\/promatmedical.com\/en\/wp-json\/wp\/v2\/product"}],"about":[{"href":"https:\/\/promatmedical.com\/en\/wp-json\/wp\/v2\/types\/product"}],"replies":[{"embeddable":true,"href":"https:\/\/promatmedical.com\/en\/wp-json\/wp\/v2\/comments?post=34052"}],"wp:featuredmedia":[{"embeddable":true,"href":"https:\/\/promatmedical.com\/en\/wp-json\/wp\/v2\/media\/34051"}],"wp:attachment":[{"href":"https:\/\/promatmedical.com\/en\/wp-json\/wp\/v2\/media?parent=34052"}],"wp:term":[{"taxonomy":"product_brand","embeddable":true,"href":"https:\/\/promatmedical.com\/en\/wp-json\/wp\/v2\/product_brand?post=34052"},{"taxonomy":"product_cat","embeddable":true,"href":"https:\/\/promatmedical.com\/en\/wp-json\/wp\/v2\/product_cat?post=34052"},{"taxonomy":"product_tag","embeddable":true,"href":"https:\/\/promatmedical.com\/en\/wp-json\/wp\/v2\/product_tag?post=34052"}],"curies":[{"name":"wp","href":"https:\/\/api.w.org\/{rel}","templated":true}]}}