{"id":34097,"date":"2025-03-21T12:20:05","date_gmt":"2025-03-21T11:20:05","guid":{"rendered":"https:\/\/promatmedical.com\/bj\/produit\/inadine-3m-95x95-cm\/"},"modified":"2025-03-21T12:20:05","modified_gmt":"2025-03-21T11:20:05","slug":"inadine-3m-95x95-cm","status":"publish","type":"product","link":"https:\/\/promatmedical.com\/en\/product\/inadine-3m-95x95-cm\/","title":{"rendered":"Inadine 3m 9,5&#215;9,5 cm"},"content":{"rendered":"<p>INADINE\u2122 PANSEMENT NON ADH\u00c9SIF EN PVP-I<\/p>\n<p>\u2022 Inadine\u2122 9,5&#215;9,5 cm<\/p>\n<p>Pansement non adh\u00e9sif en tissu de viscose tricot\u00e9e \u00e0 basse adh\u00e9rance impr\u00e9gn\u00e9 d&#8217;une base de poly\u00e9thyl\u00e8neglycol (PEG) contenant Povidone Iod\u00e9e 10%.<br \/>\nCon\u00e7u pour prot\u00e9ger les blessures m\u00eame infect\u00e9es, avec un effet antimicrobien durable contre bact\u00e9ries, mycobact\u00e9ries, myc\u00e8tes, protozoaires et virus, incluant les esp\u00e8ces r\u00e9sistantes telles que le staphylococcus aureus r\u00e9sistant \u00e0 la m\u00e9ticilline (SARM).<br \/>\nR\u00e9duit au minimum l&#8217;adh\u00e9rence au lit de la plaie, limitant ainsi la douleur pour le patient et le risque d&#8217;endommager le tissu de granulation lors du retrait du pansement.<br \/>\nLe passage de la couleur orange au blanc indique la perte d&#8217;efficacit\u00e9 antiseptique et la n\u00e9cessit\u00e9 de remplacer le pansement.<\/p>\n<p>Poids: 3,25g.<\/p>\n<p>Indiqu\u00e9 pour les blessures ulc\u00e9reuses, la pr\u00e9vention d&#8217;infections en cas de br\u00fblures mineures, les l\u00e9sions cutan\u00e9es traumatiques et les blessures hautement infect\u00e9es.<\/p>\n<p>Sans latex.<br \/>\nEmballage individuel dans un sachet en aluminium.<br \/>\nSt\u00e9rilisation par rayons gamma.<\/p>","protected":false},"excerpt":{"rendered":"<p>INADINE\u2122 PANSEMENT NON ADH\u00c9SIF EN PVP-I \u2022 Inadine\u2122 9,5&#215;9,5 cm Pansement non adh\u00e9sif en tissu de viscose tricot\u00e9e \u00e0 basse adh\u00e9rance impr\u00e9gn\u00e9 d&#8217;une base de poly\u00e9thyl\u00e8neglycol (PEG) contenant Povidone Iod\u00e9e 10%. Con\u00e7u pour prot\u00e9ger les blessures m\u00eame infect\u00e9es, avec un effet antimicrobien durable contre bact\u00e9ries, mycobact\u00e9ries, myc\u00e8tes, protozoaires et virus, incluant les esp\u00e8ces r\u00e9sistantes telles [&hellip;]<\/p>\n","protected":false},"featured_media":34096,"comment_status":"open","ping_status":"closed","template":"","meta":[],"product_brand":[],"product_cat":[166],"product_tag":[],"class_list":{"0":"post-34097","1":"product","2":"type-product","3":"status-publish","4":"has-post-thumbnail","6":"product_cat-equipements-medicaux-et-chirurgicaux","8":"first","9":"instock","10":"taxable","11":"shipping-taxable","12":"purchasable","13":"product-type-simple"},"_links":{"self":[{"href":"https:\/\/promatmedical.com\/en\/wp-json\/wp\/v2\/product\/34097","targetHints":{"allow":["GET"]}}],"collection":[{"href":"https:\/\/promatmedical.com\/en\/wp-json\/wp\/v2\/product"}],"about":[{"href":"https:\/\/promatmedical.com\/en\/wp-json\/wp\/v2\/types\/product"}],"replies":[{"embeddable":true,"href":"https:\/\/promatmedical.com\/en\/wp-json\/wp\/v2\/comments?post=34097"}],"wp:featuredmedia":[{"embeddable":true,"href":"https:\/\/promatmedical.com\/en\/wp-json\/wp\/v2\/media\/34096"}],"wp:attachment":[{"href":"https:\/\/promatmedical.com\/en\/wp-json\/wp\/v2\/media?parent=34097"}],"wp:term":[{"taxonomy":"product_brand","embeddable":true,"href":"https:\/\/promatmedical.com\/en\/wp-json\/wp\/v2\/product_brand?post=34097"},{"taxonomy":"product_cat","embeddable":true,"href":"https:\/\/promatmedical.com\/en\/wp-json\/wp\/v2\/product_cat?post=34097"},{"taxonomy":"product_tag","embeddable":true,"href":"https:\/\/promatmedical.com\/en\/wp-json\/wp\/v2\/product_tag?post=34097"}],"curies":[{"name":"wp","href":"https:\/\/api.w.org\/{rel}","templated":true}]}}