{"id":34101,"date":"2025-03-21T12:20:22","date_gmt":"2025-03-21T11:20:22","guid":{"rendered":"https:\/\/promatmedical.com\/bj\/produit\/kerramax-care-3m-135x155-cm\/"},"modified":"2025-03-21T12:20:22","modified_gmt":"2025-03-21T11:20:22","slug":"kerramax-care-3m-135x155-cm","status":"publish","type":"product","link":"https:\/\/promatmedical.com\/en\/product\/kerramax-care-3m-135x155-cm\/","title":{"rendered":"Kerramax care 3m 13,5&#215;15,5 cm"},"content":{"rendered":"<p>KERRAMAX CARE\u2122 PANSEMENT SUPER-ABSORBANT<\/p>\n<p>Code 3M\u2122 : PRD500-100<br \/>\nKerramax\u2122 Care 13,5&#215;15,5 cm<\/p>\n<p>La exclusive couche \u00e0 effet de m\u00e8che distribue le fluide horizontalement et verticalement sur tout le pansement, exploitant ainsi la pleine capacit\u00e9 d&#8217;absorption.<br \/>\nLa Technologie Exu-Safe\u2122, inicorpor\u00e9e dans le noyau du pansement, est une m\u00e9thode avanc\u00e9e pour absorber un niveau \u00e9lev\u00e9 d&#8217;exsudat des blessures, incluant bact\u00e9ries et m\u00e9talloprot\u00e9ases matricielles (MMP), de sorte \u00e0 cr\u00e9er un environnement optimal pour la cicatrisation des plaies.<br \/>\nProt\u00e8ge le d\u00e9licat tissu des blessures et de la zone environnante, contribuant ainsi \u00e0 r\u00e9duire le risque de mac\u00e9ration, m\u00eame sous compression.<br \/>\nLe bord thermoscell\u00e9 \u00e9vite les fuites d&#8217;exsudat.<\/p>\n<p>Il peut \u00eatre laiss\u00e9 en place jusqu&#8217;\u00e0 7 jours.<br \/>\nCapacit\u00e9 d&#8217;absorption: 0,95 g\/cm2<br \/>\nIndiqu\u00e9 pour: plaies de pression, ulc\u00e8res veineux de jambe et ulc\u00e8res du pied diab\u00e9tique.<\/p>\n<p>Sans latex.<br \/>\nSt\u00e9rilisation \u00e0 l&#8217;oxyde d&#8217;\u00e9thyl\u00e8ne.<\/p>","protected":false},"excerpt":{"rendered":"<p>KERRAMAX CARE\u2122 PANSEMENT SUPER-ABSORBANT Code 3M\u2122 : PRD500-100 Kerramax\u2122 Care 13,5&#215;15,5 cm La exclusive couche \u00e0 effet de m\u00e8che distribue le fluide horizontalement et verticalement sur tout le pansement, exploitant ainsi la pleine capacit\u00e9 d&#8217;absorption. La Technologie Exu-Safe\u2122, inicorpor\u00e9e dans le noyau du pansement, est une m\u00e9thode avanc\u00e9e pour absorber un niveau \u00e9lev\u00e9 d&#8217;exsudat des [&hellip;]<\/p>\n","protected":false},"featured_media":34100,"comment_status":"open","ping_status":"closed","template":"","meta":[],"product_brand":[],"product_cat":[166],"product_tag":[],"class_list":{"0":"post-34101","1":"product","2":"type-product","3":"status-publish","4":"has-post-thumbnail","6":"product_cat-equipements-medicaux-et-chirurgicaux","8":"first","9":"instock","10":"taxable","11":"shipping-taxable","12":"purchasable","13":"product-type-simple"},"_links":{"self":[{"href":"https:\/\/promatmedical.com\/en\/wp-json\/wp\/v2\/product\/34101","targetHints":{"allow":["GET"]}}],"collection":[{"href":"https:\/\/promatmedical.com\/en\/wp-json\/wp\/v2\/product"}],"about":[{"href":"https:\/\/promatmedical.com\/en\/wp-json\/wp\/v2\/types\/product"}],"replies":[{"embeddable":true,"href":"https:\/\/promatmedical.com\/en\/wp-json\/wp\/v2\/comments?post=34101"}],"wp:featuredmedia":[{"embeddable":true,"href":"https:\/\/promatmedical.com\/en\/wp-json\/wp\/v2\/media\/34100"}],"wp:attachment":[{"href":"https:\/\/promatmedical.com\/en\/wp-json\/wp\/v2\/media?parent=34101"}],"wp:term":[{"taxonomy":"product_brand","embeddable":true,"href":"https:\/\/promatmedical.com\/en\/wp-json\/wp\/v2\/product_brand?post=34101"},{"taxonomy":"product_cat","embeddable":true,"href":"https:\/\/promatmedical.com\/en\/wp-json\/wp\/v2\/product_cat?post=34101"},{"taxonomy":"product_tag","embeddable":true,"href":"https:\/\/promatmedical.com\/en\/wp-json\/wp\/v2\/product_tag?post=34101"}],"curies":[{"name":"wp","href":"https:\/\/api.w.org\/{rel}","templated":true}]}}