{"id":34146,"date":"2025-03-21T12:24:55","date_gmt":"2025-03-21T11:24:55","guid":{"rendered":"https:\/\/promatmedical.com\/bj\/produit\/softcast-3m-7-5-cm-x-365-m-bleu\/"},"modified":"2025-03-21T12:24:55","modified_gmt":"2025-03-21T11:24:55","slug":"softcast-3m-7-5-cm-x-365-m-bleu","status":"publish","type":"product","link":"https:\/\/promatmedical.com\/en\/product\/softcast-3m-7-5-cm-x-365-m-bleu\/","title":{"rendered":"Softcast 3m 7.5 cm x 3,65 m &#8211; bleu"},"content":{"rendered":"<p>Bande de moulage 3M\u2122 Soft-Cast\u2122<\/p>\n<p>\u2022 Code 3M: 82103<br \/>\n\u2022 Couleur: Bleu<br \/>\n\u2022 Dimensions: 7,5 cm x 3,65 m<\/p>\n<p>Bandage d\u2019immobilisation en fibre de verre qui ne durcit pas jusqu\u2019\u00e0 un \u00e9tat compl\u00e8tement rigide, mais demeure flexible et souple m\u00eame apr\u00e8s le s\u00e9chage complet.<\/p>\n<p>&#8211; les bords souples et pliables du pl\u00e2tre am\u00e9liorent le confort du patient<br \/>\n&#8211; utilisable en combinaison avec des attelles rigides en fibre de verre, car les bords souples offrent un confort suppl\u00e9mentaire<\/p>\n<p>Applications sugg\u00e9r\u00e9es:<br \/>\n&#8211; m\u00e9decine du sport: entorse du puce, du poignet et de la cheville<br \/>\n&#8211; orthop\u00e9die p\u00e9diatrique: immobilisation en s\u00e9rie pour le traitement du pied-bot<br \/>\n&#8211; orthop\u00e9die g\u00e9n\u00e9rale: immobilisation secondaire, immobilisation hybride, corsets<br \/>\n&#8211; ergoth\u00e9rapie: attelles amovibles<\/p>","protected":false},"excerpt":{"rendered":"<p>Bande de moulage 3M\u2122 Soft-Cast\u2122 \u2022 Code 3M: 82103 \u2022 Couleur: Bleu \u2022 Dimensions: 7,5 cm x 3,65 m Bandage d\u2019immobilisation en fibre de verre qui ne durcit pas jusqu\u2019\u00e0 un \u00e9tat compl\u00e8tement rigide, mais demeure flexible et souple m\u00eame apr\u00e8s le s\u00e9chage complet. &#8211; les bords souples et pliables du pl\u00e2tre am\u00e9liorent le confort [&hellip;]<\/p>\n","protected":false},"featured_media":34145,"comment_status":"open","ping_status":"closed","template":"","meta":[],"product_brand":[],"product_cat":[166],"product_tag":[],"class_list":{"0":"post-34146","1":"product","2":"type-product","3":"status-publish","4":"has-post-thumbnail","6":"product_cat-equipements-medicaux-et-chirurgicaux","8":"first","9":"instock","10":"taxable","11":"shipping-taxable","12":"purchasable","13":"product-type-simple"},"_links":{"self":[{"href":"https:\/\/promatmedical.com\/en\/wp-json\/wp\/v2\/product\/34146","targetHints":{"allow":["GET"]}}],"collection":[{"href":"https:\/\/promatmedical.com\/en\/wp-json\/wp\/v2\/product"}],"about":[{"href":"https:\/\/promatmedical.com\/en\/wp-json\/wp\/v2\/types\/product"}],"replies":[{"embeddable":true,"href":"https:\/\/promatmedical.com\/en\/wp-json\/wp\/v2\/comments?post=34146"}],"wp:featuredmedia":[{"embeddable":true,"href":"https:\/\/promatmedical.com\/en\/wp-json\/wp\/v2\/media\/34145"}],"wp:attachment":[{"href":"https:\/\/promatmedical.com\/en\/wp-json\/wp\/v2\/media?parent=34146"}],"wp:term":[{"taxonomy":"product_brand","embeddable":true,"href":"https:\/\/promatmedical.com\/en\/wp-json\/wp\/v2\/product_brand?post=34146"},{"taxonomy":"product_cat","embeddable":true,"href":"https:\/\/promatmedical.com\/en\/wp-json\/wp\/v2\/product_cat?post=34146"},{"taxonomy":"product_tag","embeddable":true,"href":"https:\/\/promatmedical.com\/en\/wp-json\/wp\/v2\/product_tag?post=34146"}],"curies":[{"name":"wp","href":"https:\/\/api.w.org\/{rel}","templated":true}]}}