{"id":34157,"date":"2025-03-21T12:26:23","date_gmt":"2025-03-21T11:26:23","guid":{"rendered":"https:\/\/promatmedical.com\/bj\/produit\/microfoam-3m-50-mm-x-5-m\/"},"modified":"2025-03-21T12:26:23","modified_gmt":"2025-03-21T11:26:23","slug":"microfoam-3m-50-mm-x-5-m","status":"publish","type":"product","link":"https:\/\/promatmedical.com\/en\/product\/microfoam-3m-50-mm-x-5-m\/","title":{"rendered":"Microfoam 3m 50 mm x 5 m"},"content":{"rendered":"<p>Ruban chirurgical 3M\u2122 MICROFOAM<\/p>\n<p>Bande \u00e9lastique en mousse hautement adaptable qui s\u2019\u00e9tend pour des applications de compression ou pour fixer les pansements dans des zones d\u00e9licates.<br \/>\n\u00c9tirement multi-directionnel pour s\u2019adapter au gonflement et favoriser le confort. Adh\u00e9rence d\u00e9licate et s\u00fbre \u00e0 des sites ayant des contours irr\u00e9guliers.<br \/>\nImperm\u00e9able. Hypoallerg\u00e9nique et sans latex de caoutchouc naturel.<\/p>\n<p>\u2022 Code 3M: 1528-2<br \/>\n\u2022 Dimensions: 50 mm x 5 m<\/p>","protected":false},"excerpt":{"rendered":"<p>Ruban chirurgical 3M\u2122 MICROFOAM Bande \u00e9lastique en mousse hautement adaptable qui s\u2019\u00e9tend pour des applications de compression ou pour fixer les pansements dans des zones d\u00e9licates. \u00c9tirement multi-directionnel pour s\u2019adapter au gonflement et favoriser le confort. Adh\u00e9rence d\u00e9licate et s\u00fbre \u00e0 des sites ayant des contours irr\u00e9guliers. Imperm\u00e9able. Hypoallerg\u00e9nique et sans latex de caoutchouc naturel. [&hellip;]<\/p>\n","protected":false},"featured_media":34156,"comment_status":"open","ping_status":"closed","template":"","meta":[],"product_brand":[],"product_cat":[166],"product_tag":[],"class_list":{"0":"post-34157","1":"product","2":"type-product","3":"status-publish","4":"has-post-thumbnail","6":"product_cat-equipements-medicaux-et-chirurgicaux","8":"first","9":"instock","10":"taxable","11":"shipping-taxable","12":"purchasable","13":"product-type-simple"},"_links":{"self":[{"href":"https:\/\/promatmedical.com\/en\/wp-json\/wp\/v2\/product\/34157","targetHints":{"allow":["GET"]}}],"collection":[{"href":"https:\/\/promatmedical.com\/en\/wp-json\/wp\/v2\/product"}],"about":[{"href":"https:\/\/promatmedical.com\/en\/wp-json\/wp\/v2\/types\/product"}],"replies":[{"embeddable":true,"href":"https:\/\/promatmedical.com\/en\/wp-json\/wp\/v2\/comments?post=34157"}],"wp:featuredmedia":[{"embeddable":true,"href":"https:\/\/promatmedical.com\/en\/wp-json\/wp\/v2\/media\/34156"}],"wp:attachment":[{"href":"https:\/\/promatmedical.com\/en\/wp-json\/wp\/v2\/media?parent=34157"}],"wp:term":[{"taxonomy":"product_brand","embeddable":true,"href":"https:\/\/promatmedical.com\/en\/wp-json\/wp\/v2\/product_brand?post=34157"},{"taxonomy":"product_cat","embeddable":true,"href":"https:\/\/promatmedical.com\/en\/wp-json\/wp\/v2\/product_cat?post=34157"},{"taxonomy":"product_tag","embeddable":true,"href":"https:\/\/promatmedical.com\/en\/wp-json\/wp\/v2\/product_tag?post=34157"}],"curies":[{"name":"wp","href":"https:\/\/api.w.org\/{rel}","templated":true}]}}