{"id":34213,"date":"2025-03-21T12:32:44","date_gmt":"2025-03-21T11:32:44","guid":{"rendered":"https:\/\/promatmedical.com\/bj\/produit\/instrument-a-detartarer-fig-1\/"},"modified":"2025-10-15T11:32:16","modified_gmt":"2025-10-15T10:32:16","slug":"instrument-a-detartarer-fig-1","status":"publish","type":"product","link":"https:\/\/promatmedical.com\/en\/product\/instrument-a-detartarer-fig-1\/","title":{"rendered":"Instrument \u00e0 d\u00e9tartarer &#8211; fig. 1"},"content":{"rendered":"<p>Instrument \u00e0 d\u00e9tartrer <\/p>\n<p>\u2022 Mod\u00e8le: FIG. 1<\/p>","protected":false},"excerpt":{"rendered":"<p>Instrument \u00e0 d\u00e9tartrer \u2022 Mod\u00e8le: FIG. 1<\/p>","protected":false},"featured_media":34212,"comment_status":"open","ping_status":"closed","template":"","meta":[],"product_brand":[],"product_cat":[166],"product_tag":[],"class_list":{"0":"post-34213","1":"product","2":"type-product","3":"status-publish","4":"has-post-thumbnail","6":"product_cat-equipements-medicaux-et-chirurgicaux","8":"first","9":"instock","10":"taxable","11":"shipping-taxable","12":"purchasable","13":"product-type-simple"},"_links":{"self":[{"href":"https:\/\/promatmedical.com\/en\/wp-json\/wp\/v2\/product\/34213","targetHints":{"allow":["GET"]}}],"collection":[{"href":"https:\/\/promatmedical.com\/en\/wp-json\/wp\/v2\/product"}],"about":[{"href":"https:\/\/promatmedical.com\/en\/wp-json\/wp\/v2\/types\/product"}],"replies":[{"embeddable":true,"href":"https:\/\/promatmedical.com\/en\/wp-json\/wp\/v2\/comments?post=34213"}],"wp:featuredmedia":[{"embeddable":true,"href":"https:\/\/promatmedical.com\/en\/wp-json\/wp\/v2\/media\/34212"}],"wp:attachment":[{"href":"https:\/\/promatmedical.com\/en\/wp-json\/wp\/v2\/media?parent=34213"}],"wp:term":[{"taxonomy":"product_brand","embeddable":true,"href":"https:\/\/promatmedical.com\/en\/wp-json\/wp\/v2\/product_brand?post=34213"},{"taxonomy":"product_cat","embeddable":true,"href":"https:\/\/promatmedical.com\/en\/wp-json\/wp\/v2\/product_cat?post=34213"},{"taxonomy":"product_tag","embeddable":true,"href":"https:\/\/promatmedical.com\/en\/wp-json\/wp\/v2\/product_tag?post=34213"}],"curies":[{"name":"wp","href":"https:\/\/api.w.org\/{rel}","templated":true}]}}