{"id":34430,"date":"2025-03-21T14:36:55","date_gmt":"2025-03-21T13:36:55","guid":{"rendered":"https:\/\/promatmedical.com\/bj\/produit\/sonde-spo2-veterinaire-rechange-pour-80710\/"},"modified":"2025-11-09T12:39:13","modified_gmt":"2025-11-09T11:39:13","slug":"sonde-spo2-veterinaire-rechange-pour-80710","status":"publish","type":"product","link":"https:\/\/promatmedical.com\/en\/product\/sonde-spo2-veterinaire-rechange-pour-80710\/","title":{"rendered":"Sonde spo2 v\u00e9t\u00e9rinaire &#8211; rechange pour 80710"},"content":{"rendered":"<p>Sonde SpO2 v\u00e9t\u00e9rinaire &#8211; rechange<\/p>","protected":false},"excerpt":{"rendered":"<p>Sonde SpO2 v\u00e9t\u00e9rinaire &#8211; rechange<\/p>","protected":false},"featured_media":18466,"comment_status":"open","ping_status":"closed","template":"","meta":[],"product_brand":[],"product_cat":[166],"product_tag":[],"class_list":{"0":"post-34430","1":"product","2":"type-product","3":"status-publish","4":"has-post-thumbnail","6":"product_cat-equipements-medicaux-et-chirurgicaux","8":"first","9":"instock","10":"taxable","11":"shipping-taxable","12":"purchasable","13":"product-type-simple"},"_links":{"self":[{"href":"https:\/\/promatmedical.com\/en\/wp-json\/wp\/v2\/product\/34430","targetHints":{"allow":["GET"]}}],"collection":[{"href":"https:\/\/promatmedical.com\/en\/wp-json\/wp\/v2\/product"}],"about":[{"href":"https:\/\/promatmedical.com\/en\/wp-json\/wp\/v2\/types\/product"}],"replies":[{"embeddable":true,"href":"https:\/\/promatmedical.com\/en\/wp-json\/wp\/v2\/comments?post=34430"}],"wp:featuredmedia":[{"embeddable":true,"href":"https:\/\/promatmedical.com\/en\/wp-json\/wp\/v2\/media\/18466"}],"wp:attachment":[{"href":"https:\/\/promatmedical.com\/en\/wp-json\/wp\/v2\/media?parent=34430"}],"wp:term":[{"taxonomy":"product_brand","embeddable":true,"href":"https:\/\/promatmedical.com\/en\/wp-json\/wp\/v2\/product_brand?post=34430"},{"taxonomy":"product_cat","embeddable":true,"href":"https:\/\/promatmedical.com\/en\/wp-json\/wp\/v2\/product_cat?post=34430"},{"taxonomy":"product_tag","embeddable":true,"href":"https:\/\/promatmedical.com\/en\/wp-json\/wp\/v2\/product_tag?post=34430"}],"curies":[{"name":"wp","href":"https:\/\/api.w.org\/{rel}","templated":true}]}}