{"id":34433,"date":"2025-03-21T14:37:13","date_gmt":"2025-03-21T13:37:13","guid":{"rendered":"https:\/\/promatmedical.com\/bj\/produit\/kit-cryochirurgical-cryomega-vet-dual-delivery\/"},"modified":"2025-11-09T12:39:13","modified_gmt":"2025-11-09T11:39:13","slug":"kit-cryochirurgical-cryomega-vet-dual-delivery","status":"publish","type":"product","link":"https:\/\/promatmedical.com\/en\/product\/kit-cryochirurgical-cryomega-vet-dual-delivery\/","title":{"rendered":"Kit cryochirurgical cryomega vet dual delivery"},"content":{"rendered":"<p>KIT CRYOCHIRURGICAL CRYOMEGA\u00ae VET DUAL DELIVERY<\/p>\n<p>CryOmega\u00ae Vet Dual Delivery est le choix parfait pour le traitement cryochirurgical des l\u00e9sions b\u00e9nignes.<br \/>\nLe cryog\u00e8ne atteint une temp\u00e9rature de -68 C\u00b0 et est imm\u00e9diatement utilisable, pouvant \u00eatre administr\u00e9 moyennant les c\u00f4nes ou les embouts de contact.<br \/>\nIl combine la portabilit\u00e9 d\u2019un bidon et l\u2019efficacit\u00e9 des unit\u00e9s \u00e0 base d\u2019azote liquide, plus co\u00fbteuses.<br \/>\nForme appropri\u00e9e pour l\u2019utilisation d\u2019une seule main, facilit\u00e9 d\u2019emploi, aucune n\u00e9cessit\u00e9 de sutures.<\/p>\n<p>Mode d\u2019emploi multilingue: GB, FR, IT, ES, DE. GR, RO, NL, BG, SE, PL, PT disponibles sur www.gimaitaly.com<\/p>\n<p>\u2022 Gel efficace<br \/>\n\u2022 Aucune n\u00e9cessit\u00e9 d\u2019anesth\u00e9sie<br \/>\n\u2022 Haute efficacit\u00e9<\/p>\n<p>\u2022 2 modes d\u2019administration: c\u00f4nes ou embouts de contact<br \/>\n&#8211; C\u00f4nes: Dimensions diff\u00e9rentes pour un traitement pr\u00e9cis<br \/>\n&#8211; Embouts de contact: Appropri\u00e9s pour traiter des surfaces difficiles \u00e0 atteindre ou \u00e0 peau fine<\/p>","protected":false},"excerpt":{"rendered":"<p>KIT CRYOCHIRURGICAL CRYOMEGA\u00ae VET DUAL DELIVERY CryOmega\u00ae Vet Dual Delivery est le choix parfait pour le traitement cryochirurgical des l\u00e9sions b\u00e9nignes. Le cryog\u00e8ne atteint une temp\u00e9rature de -68 C\u00b0 et est imm\u00e9diatement utilisable, pouvant \u00eatre administr\u00e9 moyennant les c\u00f4nes ou les embouts de contact. Il combine la portabilit\u00e9 d\u2019un bidon et l\u2019efficacit\u00e9 des unit\u00e9s \u00e0 [&hellip;]<\/p>\n","protected":false},"featured_media":34432,"comment_status":"open","ping_status":"closed","template":"","meta":[],"product_brand":[],"product_cat":[166],"product_tag":[],"class_list":{"0":"post-34433","1":"product","2":"type-product","3":"status-publish","4":"has-post-thumbnail","6":"product_cat-equipements-medicaux-et-chirurgicaux","8":"first","9":"instock","10":"taxable","11":"shipping-taxable","12":"purchasable","13":"product-type-simple"},"_links":{"self":[{"href":"https:\/\/promatmedical.com\/en\/wp-json\/wp\/v2\/product\/34433","targetHints":{"allow":["GET"]}}],"collection":[{"href":"https:\/\/promatmedical.com\/en\/wp-json\/wp\/v2\/product"}],"about":[{"href":"https:\/\/promatmedical.com\/en\/wp-json\/wp\/v2\/types\/product"}],"replies":[{"embeddable":true,"href":"https:\/\/promatmedical.com\/en\/wp-json\/wp\/v2\/comments?post=34433"}],"wp:featuredmedia":[{"embeddable":true,"href":"https:\/\/promatmedical.com\/en\/wp-json\/wp\/v2\/media\/34432"}],"wp:attachment":[{"href":"https:\/\/promatmedical.com\/en\/wp-json\/wp\/v2\/media?parent=34433"}],"wp:term":[{"taxonomy":"product_brand","embeddable":true,"href":"https:\/\/promatmedical.com\/en\/wp-json\/wp\/v2\/product_brand?post=34433"},{"taxonomy":"product_cat","embeddable":true,"href":"https:\/\/promatmedical.com\/en\/wp-json\/wp\/v2\/product_cat?post=34433"},{"taxonomy":"product_tag","embeddable":true,"href":"https:\/\/promatmedical.com\/en\/wp-json\/wp\/v2\/product_tag?post=34433"}],"curies":[{"name":"wp","href":"https:\/\/api.w.org\/{rel}","templated":true}]}}