{"id":34439,"date":"2025-03-21T14:38:07","date_gmt":"2025-03-21T13:38:07","guid":{"rendered":"https:\/\/promatmedical.com\/bj\/produit\/magnetotherapie-veterinaire-kora-kit-de-base\/"},"modified":"2025-11-09T12:39:50","modified_gmt":"2025-11-09T11:39:50","slug":"magnetotherapy-veterinary-kora-basic-kit","status":"publish","type":"product","link":"https:\/\/promatmedical.com\/en\/product\/magnetotherapy-veterinary-kora-basic-kit\/","title":{"rendered":"Kora Veterinary Magnetic Therapy \u2013 Basic Kit"},"content":{"rendered":"<p>Kora Veterinary Magnetotherapy Basic Kit<\/p>\n<p>Veterinary device for therapy by pulsed electromagnetic fields (CEMP).<br \/>\nIdeal for reducing pain and inflammation in pets.<br \/>\nDesigned for the treatment of neuropathies, ulcers and diseases of the musculoskeletal system of cats and dogs of any size.<br \/>\nEasy-to-use programs ensure safe and effective therapy for pets.<br \/>\nFor small and medium-sized animals, it is recommended to use a single mat kora mattress; In the case of large and medium-sized animals, it is preferable to combine 2 mattresses with Velcro and connect them to a single device.<\/p>\n<p>18 programs:<br \/>\nanalgesia<br \/>\nsciatic nerve<br \/>\narthritis<br \/>\nneuropathy<br \/>\nosteoarthritis<br \/>\nprostheses<br \/>\nmuscle atrophy<br \/>\nosteonecrosis<br \/>\ndiscopathy<br \/>\nosteoporosis<br \/>\nfractures<br \/>\nhealing<br \/>\nLigamentary lesion<br \/>\ntendon lesion<br \/>\n1 Hz treatment<br \/>\n18Hz treatment<br \/>\n50 Hz treatment<br \/>\n75 Hz treatment<\/p>","protected":false},"excerpt":{"rendered":"<p>KIT DE BASE MAGN\u00c9TOTH\u00c9RAPIE V\u00c9T\u00c9RINAIRE KORA Dispositif v\u00e9t\u00e9rinaire pour th\u00e9rapie par champs \u00e9lectromagn\u00e9tiques puls\u00e9s (CEMP). Id\u00e9al pour r\u00e9duire douleur et inflammation chez les animaux domestiques. Con\u00e7u pour le traitement des neuropathies, des ulc\u00e8res et des maladies du syst\u00e8me musculo-squelettique des chats et des chiens de toute taille. Des programmes faciles \u00e0 utiliser garantissent une th\u00e9rapie [&hellip;]<\/p>\n","protected":false},"featured_media":34438,"comment_status":"open","ping_status":"closed","template":"","meta":[],"product_brand":[],"product_cat":[166],"product_tag":[],"class_list":{"0":"post-34439","1":"product","2":"type-product","3":"status-publish","4":"has-post-thumbnail","6":"product_cat-equipements-medicaux-et-chirurgicaux","8":"first","9":"instock","10":"featured","11":"taxable","12":"shipping-taxable","13":"purchasable","14":"product-type-simple"},"_links":{"self":[{"href":"https:\/\/promatmedical.com\/en\/wp-json\/wp\/v2\/product\/34439","targetHints":{"allow":["GET"]}}],"collection":[{"href":"https:\/\/promatmedical.com\/en\/wp-json\/wp\/v2\/product"}],"about":[{"href":"https:\/\/promatmedical.com\/en\/wp-json\/wp\/v2\/types\/product"}],"replies":[{"embeddable":true,"href":"https:\/\/promatmedical.com\/en\/wp-json\/wp\/v2\/comments?post=34439"}],"wp:featuredmedia":[{"embeddable":true,"href":"https:\/\/promatmedical.com\/en\/wp-json\/wp\/v2\/media\/34438"}],"wp:attachment":[{"href":"https:\/\/promatmedical.com\/en\/wp-json\/wp\/v2\/media?parent=34439"}],"wp:term":[{"taxonomy":"product_brand","embeddable":true,"href":"https:\/\/promatmedical.com\/en\/wp-json\/wp\/v2\/product_brand?post=34439"},{"taxonomy":"product_cat","embeddable":true,"href":"https:\/\/promatmedical.com\/en\/wp-json\/wp\/v2\/product_cat?post=34439"},{"taxonomy":"product_tag","embeddable":true,"href":"https:\/\/promatmedical.com\/en\/wp-json\/wp\/v2\/product_tag?post=34439"}],"curies":[{"name":"wp","href":"https:\/\/api.w.org\/{rel}","templated":true}]}}