{"id":9458,"date":"2019-02-10T19:32:02","date_gmt":"2019-02-10T18:32:02","guid":{"rendered":"https:\/\/promatmedical.com\/?post_type=product&#038;p=9458"},"modified":"2025-10-15T11:32:16","modified_gmt":"2025-10-15T10:32:16","slug":"lampe-frontale-bt-410","status":"publish","type":"product","link":"https:\/\/promatmedical.com\/en\/product\/lampe-frontale-bt-410\/","title":{"rendered":"Headlamp BT-410"},"content":{"rendered":"<h1 id=\"title\" class=\"a-size-large a-spacing-none\">headlamp BT-410<\/h1>\n<ul>\n<li><strong>Description<\/strong><\/li>\n<\/ul>\n<p>La lampe frontale BT-410 assure le confort du praticien lors des examens m\u00e9dicaux ou de l&#8217;utilisation au bloc op\u00e9ratoire.<\/p>\n<p>Puissante, gr\u00e2ce \u00e0 ses LED, la lampe frontale BT-410 fourni un \u00e9clairage lumineux \u00e0 haute densit\u00e9.<\/p>\n<p>Orientable et focalisable, la lampe frontale BT-410 fonctionne sur batterie et peut aller jusqu&#8217;\u00e0 4 heures d&#8217;autonomie.<\/p>\n<ul>\n<li><strong>Sp\u00e9cificit\u00e9s<\/strong><\/li>\n<\/ul>\n<p>&#8211; Eclairage LED avec lumi\u00e8re claire et permanente (15 000 lx \u00e0 25 cm de distance)<\/p>\n<p>&#8211; Longue dur\u00e9e de vie (50 000 heures)<\/p>\n<p>&#8211; Temp\u00e9rature : 6000 Kelvin<\/p>\n<p>&#8211; Ajustement facile du bandeau (53.4 &#8211; 63.8 cm)<\/p>","protected":false},"excerpt":{"rendered":"<ul class=\"ul-style check\">\n<li>\u00a04 h d&#8217;autonomie<\/li>\n<li>Orientable et focalisable<\/li>\n<li>\u00e9clairage lumineux \u00e0 haute densit\u00e9<\/li>\n<\/ul>","protected":false},"featured_media":17680,"comment_status":"open","ping_status":"closed","template":"","meta":[],"product_brand":[],"product_cat":[138,147,53,142,141],"product_tag":[132],"class_list":{"0":"post-9458","1":"product","2":"type-product","3":"status-publish","4":"has-post-thumbnail","6":"product_cat-accessoires-diagnostic","7":"product_cat-bloc-operatoire","8":"product_cat-equipement-de-specialites","9":"product_cat-gynecologie","10":"product_cat-orl","11":"product_tag-appareil-medicaux","12":"ts_product_brand-pouret-medical","14":"first","15":"instock","16":"sale","17":"featured","18":"purchasable","19":"product-type-simple"},"_links":{"self":[{"href":"https:\/\/promatmedical.com\/en\/wp-json\/wp\/v2\/product\/9458","targetHints":{"allow":["GET"]}}],"collection":[{"href":"https:\/\/promatmedical.com\/en\/wp-json\/wp\/v2\/product"}],"about":[{"href":"https:\/\/promatmedical.com\/en\/wp-json\/wp\/v2\/types\/product"}],"replies":[{"embeddable":true,"href":"https:\/\/promatmedical.com\/en\/wp-json\/wp\/v2\/comments?post=9458"}],"wp:featuredmedia":[{"embeddable":true,"href":"https:\/\/promatmedical.com\/en\/wp-json\/wp\/v2\/media\/17680"}],"wp:attachment":[{"href":"https:\/\/promatmedical.com\/en\/wp-json\/wp\/v2\/media?parent=9458"}],"wp:term":[{"taxonomy":"product_brand","embeddable":true,"href":"https:\/\/promatmedical.com\/en\/wp-json\/wp\/v2\/product_brand?post=9458"},{"taxonomy":"product_cat","embeddable":true,"href":"https:\/\/promatmedical.com\/en\/wp-json\/wp\/v2\/product_cat?post=9458"},{"taxonomy":"product_tag","embeddable":true,"href":"https:\/\/promatmedical.com\/en\/wp-json\/wp\/v2\/product_tag?post=9458"}],"curies":[{"name":"wp","href":"https:\/\/api.w.org\/{rel}","templated":true}]}}