{"id":34544,"date":"2025-11-07T09:37:54","date_gmt":"2025-11-07T08:37:54","guid":{"rendered":"https:\/\/promat.specialwp.com\/?page_id=34544"},"modified":"2025-11-10T11:27:21","modified_gmt":"2025-11-10T10:27:21","slug":"mentions-legales","status":"publish","type":"page","link":"https:\/\/promatmedical.com\/fr\/mentions-legales\/","title":{"rendered":"Mentions L\u00e9gales"},"content":{"rendered":"\n<p>Conform\u00e9ment aux dispositions de la loi n\u00b0 2017-20 portant Code du num\u00e9rique en R\u00e9publique du B\u00e9nin, il est pr\u00e9cis\u00e9 aux utilisateurs du site <a href=\"https:\/\/www.google.com\/url?sa=E&amp;q=http%3A%2F%2Fwww.promat-medical.com\" target=\"_blank\" rel=\"noreferrer noopener\">www.promatmedical.com<\/a> l&#8217;identit\u00e9 des diff\u00e9rents intervenants dans le cadre de sa r\u00e9alisation et de son suivi.<\/p>\n\n\n\n<hr class=\"wp-block-separator has-alpha-channel-opacity\"\/>\n\n\n\n<h2 class=\"wp-block-heading\"><strong>1. \u00c9diteur du Site<\/strong><\/h2>\n\n\n\n<p>Le pr\u00e9sent site est \u00e9dit\u00e9 et g\u00e9r\u00e9 par :<\/p>\n\n\n\n<p><strong>PROMAT-MEDICAL SARL<\/strong><br>Soci\u00e9t\u00e9 \u00e0 Responsabilit\u00e9 Limit\u00e9e<br>Capital social de : &#8230; FCFA<\/p>\n\n\n\n<p><strong>Si\u00e8ge social :<\/strong> PROMAT-MEDICAL SARL, Qtier Kpond\u00e9hou, Rue 1259B, Cotonou, B\u00e9nin<br><strong>RCCM :<\/strong> RB\/COT\/16B17105<br><strong>IFU :<\/strong> 3201642474014<\/p>\n\n\n\n<p><strong>T\u00e9l\u00e9phone :<\/strong> 00229 01 61 58 57 93<br><strong>Adresse email :<\/strong> contact@promatmedical.com<\/p>\n\n\n\n<p><strong>Directeur de la publication :<\/strong> Abdel ADJIBADE<\/p>\n\n\n\n<hr class=\"wp-block-separator has-alpha-channel-opacity\"\/>\n\n\n\n<h2 class=\"wp-block-heading\"><strong>2. Conception et R\u00e9alisation du Site Web<\/strong><\/h2>\n\n\n\n<p>Le design, le d\u00e9veloppement technique et la r\u00e9alisation du site ont \u00e9t\u00e9 assur\u00e9s par :<\/p>\n\n\n\n<p><strong>Serge Aremu<\/strong><br>www.sergearemu.com<br>contact@sergearemu.com<\/p>\n\n\n\n<hr class=\"wp-block-separator has-alpha-channel-opacity\"\/>\n\n\n\n<h2 class=\"wp-block-heading\"><strong>3. H\u00e9bergement du Site<\/strong><\/h2>\n\n\n\n<p>Le site <a href=\"https:\/\/www.google.com\/url?sa=E&amp;q=http%3A%2F%2Fwww.promat-medical.com\" target=\"_blank\" rel=\"noreferrer noopener\">www.promatmedical.com<\/a> est h\u00e9berg\u00e9 par :<\/p>\n\n\n\n<p><strong>Hostinger International Ltd.<\/strong><br><strong>Adresse du si\u00e8ge social :<\/strong> 61 Lordou Vironos Street, 6023 Larnaca, Chypre<br><strong>Contact :<\/strong> <a target=\"_blank\" href=\"https:\/\/www.google.com\/url?sa=E&amp;q=https%3A%2F%2Fwww.hostinger.fr%2Fcontact\" rel=\"noreferrer noopener\">https:\/\/www.hostinger.fr\/contact<\/a><\/p>\n\n\n\n<hr class=\"wp-block-separator has-alpha-channel-opacity\"\/>\n\n\n\n<h2 class=\"wp-block-heading\"><strong>4. Propri\u00e9t\u00e9 Intellectuelle<\/strong><\/h2>\n\n\n\n<p>L&#8217;ensemble des \u00e9l\u00e9ments constituant ce site (textes, graphismes, logos, images, etc.) sont la propri\u00e9t\u00e9 exclusive de la soci\u00e9t\u00e9 PROMAT-MEDICAL SARL, \u00e0 l&#8217;exception des marques ou contenus appartenant \u00e0 d&#8217;autres soci\u00e9t\u00e9s partenaires. Toute reproduction, m\u00eame partielle, est strictement interdite sans l&#8217;accord \u00e9crit de PROMAT-MEDICAL SARL.<\/p>\n\n\n\n<hr class=\"wp-block-separator has-alpha-channel-opacity\"\/>\n\n\n\n<h2 class=\"wp-block-heading\"><strong>5. Donn\u00e9es Personnelles<\/strong><\/h2>\n\n\n\n<p>La collecte et le traitement des donn\u00e9es personnelles sont effectu\u00e9s dans le respect de notre <strong>Politique de Confidentialit\u00e9<\/strong>.<\/p>\n\n\n\n<hr class=\"wp-block-separator has-alpha-channel-opacity\"\/>\n\n\n\n<h2 class=\"wp-block-heading\"><strong>6. Limitation de Responsabilit\u00e9<\/strong><\/h2>\n\n\n\n<p>PROMAT-MEDICAL SARL s&#8217;efforce d&#8217;assurer l&#8217;exactitude des informations diffus\u00e9es sur ce site, mais ne peut garantir leur exhaustivit\u00e9. La soci\u00e9t\u00e9 d\u00e9cline toute responsabilit\u00e9 pour toute impr\u00e9cision ou omission.<\/p>\n\n\n\n<hr class=\"wp-block-separator has-alpha-channel-opacity\"\/>\n\n\n\n<h2 class=\"wp-block-heading\"><strong>7. Droit Applicable<\/strong><\/h2>\n\n\n\n<p>Le pr\u00e9sent site et ses mentions l\u00e9gales sont r\u00e9gis par le droit b\u00e9ninois. En cas de litige, les tribunaux de Cotonou seront seuls comp\u00e9tents.<\/p>\n","protected":false},"excerpt":{"rendered":"<p>Conform\u00e9ment aux dispositions de la loi n\u00b0 2017-20 portant Code du num\u00e9rique en R\u00e9publique du B\u00e9nin, il est pr\u00e9cis\u00e9 aux utilisateurs du site www.promatmedical.com l&#8217;identit\u00e9 des diff\u00e9rents intervenants dans le cadre de sa r\u00e9alisation et de son suivi. 1. \u00c9diteur du Site Le pr\u00e9sent site est \u00e9dit\u00e9 et g\u00e9r\u00e9 par : PROMAT-MEDICAL SARLSoci\u00e9t\u00e9 \u00e0 Responsabilit\u00e9 [&hellip;]<\/p>\n","protected":false},"author":1631,"featured_media":0,"parent":0,"menu_order":0,"comment_status":"closed","ping_status":"closed","template":"","meta":{"footnotes":""},"class_list":["post-34544","page","type-page","status-publish","hentry"],"_links":{"self":[{"href":"https:\/\/promatmedical.com\/fr\/wp-json\/wp\/v2\/pages\/34544","targetHints":{"allow":["GET"]}}],"collection":[{"href":"https:\/\/promatmedical.com\/fr\/wp-json\/wp\/v2\/pages"}],"about":[{"href":"https:\/\/promatmedical.com\/fr\/wp-json\/wp\/v2\/types\/page"}],"author":[{"embeddable":true,"href":"https:\/\/promatmedical.com\/fr\/wp-json\/wp\/v2\/users\/1631"}],"replies":[{"embeddable":true,"href":"https:\/\/promatmedical.com\/fr\/wp-json\/wp\/v2\/comments?post=34544"}],"version-history":[{"count":0,"href":"https:\/\/promatmedical.com\/fr\/wp-json\/wp\/v2\/pages\/34544\/revisions"}],"wp:attachment":[{"href":"https:\/\/promatmedical.com\/fr\/wp-json\/wp\/v2\/media?parent=34544"}],"curies":[{"name":"wp","href":"https:\/\/api.w.org\/{rel}","templated":true}]}}