{"id":760,"date":"2014-12-15T07:00:36","date_gmt":"2014-12-15T07:00:36","guid":{"rendered":"https:\/\/promatmedical.com\/?page_id=760"},"modified":"2025-11-08T15:13:51","modified_gmt":"2025-11-08T14:13:51","slug":"foire-aux-questions","status":"publish","type":"page","link":"https:\/\/promatmedical.com\/fr\/foire-aux-questions\/","title":{"rendered":"Foire aux questions"},"content":{"rendered":"<div class=\"wpb-content-wrapper\"><div class=\"vc_row wpb_row vc_row-fluid vc_column-gap-default ts-row-wide\"  ><div class=\"wpb_column vc_column_container vc_col-sm-12\">\n\t<div class=\"wpb_wrapper\">\n\t<h1 style=\"text-align: center\" class=\"vc_custom_heading vc_do_custom_heading h1-big\" >Foire Aux Questions<\/h1>\n\t<div class=\"wpb_text_column wpb_content_element vc_custom_1762610365353\" >\n\t\t<div class=\"wpb_wrapper\">\n\t\t\t<p class=\"ng-star-inserted\" style=\"text-align: center;\"><span class=\"ng-star-inserted\">Retrouvez ici les r\u00e9ponses sur nos \u00e9quipements m\u00e9dicaux, nos services et notre fonctionnement. Nous souhaitons vous apporter toute la clart\u00e9 n\u00e9cessaire pour votre projet.<\/span><\/p>\n<p class=\"ng-star-inserted\" style=\"text-align: center;\"><span class=\"ng-star-inserted\">Pour <a href=\"\/contact\/\">toute autre demande<\/a>, notre \u00e9quipe est \u00e0 votre disposition.<\/span><\/p>\n\n\t\t<\/div>\n\t<\/div>\n<div class=\"vc_row wpb_row vc_inner vc_row-fluid vc_column-gap-default\"><div class=\"wpb_column vc_column_container vc_col-sm-12 vc_hidden-md vc_hidden-sm vc_hidden-xs\"><div class=\"vc_column-inner\"><div class=\"wpb_wrapper\"><div class=\"vc_empty_space\"   style=\"height: 75px\"><span class=\"vc_empty_space_inner\"><\/span><\/div><\/div><\/div><\/div><\/div>\t<\/div>\n<\/div><\/div>\t<div  class=\"vc_row wpb_row vc_row-fluid vc_custom_1594261948051 vc_column-gap-default ts-row-wide loading\"  data-vc-full-width=\"true\" data-vc-full-width-init=\"false\"  ><div class=\"wpb_column vc_column_container vc_col-sm-12\">\n\t<div class=\"wpb_wrapper\">\n\t<div  class=\"vc_do_toggle vc_toggle vc_toggle_default vc_toggle_color_default  vc_toggle_size_md vc_toggle_active\"><div class=\"vc_toggle_title\"><h4>Qui est PROMAT-MEDICAL SARL ?<\/h4><i class=\"vc_toggle_icon\"><\/i><\/div><div class=\"vc_toggle_content\"><p class=\"ng-star-inserted\"><span class=\"ng-star-inserted\">PROMAT-MEDICAL SARL est une soci\u00e9t\u00e9 b\u00e9ninoise, cr\u00e9\u00e9e en ao\u00fbt 2016. Nous sommes sp\u00e9cialis\u00e9s dans la vente d&#8217;<\/span><strong class=\"ng-star-inserted\"><span class=\"ng-star-inserted\">\u00e9quipements m\u00e9dicaux<\/span><\/strong><span class=\"ng-star-inserted\">&nbsp;et accessoires.<\/span><\/p>\n<p class=\"ng-star-inserted\"><span class=\"ng-star-inserted\"> Nous sommes une entreprise formelle (RCCM RB\/COT\/16B17105).<\/span><\/p>\n<\/div><\/div><div  class=\"vc_do_toggle vc_toggle vc_toggle_default vc_toggle_color_default  vc_toggle_size_md\"><div class=\"vc_toggle_title\"><h4>\u00cates-vous un distributeur officiel ?<\/h4><i class=\"vc_toggle_icon\"><\/i><\/div><div class=\"vc_toggle_content\"><p class=\"ng-star-inserted\"><span class=\"ng-star-inserted\">Oui. Nous sommes fiers d&#8217;\u00eatre le&nbsp;<\/span><strong class=\"ng-star-inserted\"><span class=\"ng-star-inserted\">repr\u00e9sentant officiel de la marque Philips au B\u00e9nin<\/span><\/strong><span class=\"ng-star-inserted\">. <\/span><\/p>\n<p class=\"ng-star-inserted\"><span class=\"ng-star-inserted\">Nous travaillons \u00e9galement en partenariat avec plusieurs autres grandes marques internationales comme <a href=\"http:\/\/nimedixmedical.com\" target=\"_blank\" rel=\"noopener\">NIMEDIX MEDICAL<\/a>.<\/span><\/p>\n<\/div><\/div><div  class=\"vc_do_toggle vc_toggle vc_toggle_default vc_toggle_color_default  vc_toggle_size_md\"><div class=\"vc_toggle_title\"><h4>Vendez-vous du mat\u00e9riel neuf et d&#039;occasion ?<\/h4><i class=\"vc_toggle_icon\"><\/i><\/div><div class=\"vc_toggle_content\"><p class=\"ng-star-inserted\"><span class=\"ng-star-inserted\">Absolument. Nous proposons une large gamme de&nbsp;<\/span><strong class=\"ng-star-inserted\"><span class=\"ng-star-inserted\">mat\u00e9riel m\u00e9dical neuf et d&#8217;occasion<\/span><\/strong><span class=\"ng-star-inserted\">. <\/span><\/p>\n<p class=\"ng-star-inserted\"><span class=\"ng-star-inserted\">Chaque \u00e9quipement d&#8217;occasion est rigoureusement contr\u00f4l\u00e9 pour garantir sa parfaite fonctionnalit\u00e9.<\/span><\/p>\n<\/div><\/div><div  class=\"vc_do_toggle vc_toggle vc_toggle_default vc_toggle_color_default  vc_toggle_size_md\"><div class=\"vc_toggle_title\"><h4>Quels types d&#039;\u00e9quipements proposez-vous ?<\/h4><i class=\"vc_toggle_icon\"><\/i><\/div><div class=\"vc_toggle_content\"><p class=\"ng-star-inserted\"><span class=\"ng-star-inserted\">Notre catalogue couvre tous les besoins d&#8217;un&nbsp;<\/span><strong class=\"ng-star-inserted\"><span class=\"ng-star-inserted\">\u00e9tablissement hospitalier<\/span><\/strong><span class=\"ng-star-inserted\">. <\/span><\/p>\n<p class=\"ng-star-inserted\"><span class=\"ng-star-inserted\">Cela va de l&#8217;imagerie m\u00e9dicale au bloc op\u00e9ratoire, en passant par le mobilier et les \u00e9quipements de laboratoire.<\/span><\/p>\n<\/div><\/div><div  class=\"vc_do_toggle vc_toggle vc_toggle_default vc_toggle_color_default  vc_toggle_size_md\"><div class=\"vc_toggle_title\"><h4>Vos \u00e9quipements sont-ils sous garantie ? <\/h4><i class=\"vc_toggle_icon\"><\/i><\/div><div class=\"vc_toggle_content\"><p class=\"ng-star-inserted\"><span class=\"ng-star-inserted\">Oui. Tous nos produits neufs b\u00e9n\u00e9ficient de la garantie constructeur. <\/span><\/p>\n<p class=\"ng-star-inserted\"><span class=\"ng-star-inserted\">Une garantie limit\u00e9e s&#8217;applique \u00e9galement sur une s\u00e9lection de notre&nbsp;<\/span><strong class=\"ng-star-inserted\"><span class=\"ng-star-inserted\">mat\u00e9riel m\u00e9dical d&#8217;occasion<\/span><\/strong><span class=\"ng-star-inserted\">.<\/span><\/p>\n<\/div><\/div><div  class=\"vc_do_toggle vc_toggle vc_toggle_default vc_toggle_color_default  vc_toggle_size_md\"><div class=\"vc_toggle_title\"><h4>Comment fonctionne la demande de devis ?<\/h4><i class=\"vc_toggle_icon\"><\/i><\/div><div class=\"vc_toggle_content\"><p class=\"ng-star-inserted\"><span class=\"ng-star-inserted\">Le processus est simple. <a href=\"\/notre-catalogue\/\">Parcourez le catalogue<\/a>, ajoutez des produits \u00e0 votre &#8220;panier de devis&#8221;, puis validez votre demande. <\/span><\/p>\n<p class=\"ng-star-inserted\"><span class=\"ng-star-inserted\">Notre \u00e9quipe vous envoie une offre d\u00e9taill\u00e9e.<\/span><\/p>\n<\/div><\/div><div  class=\"vc_do_toggle vc_toggle vc_toggle_default vc_toggle_color_default  vc_toggle_size_md\"><div class=\"vc_toggle_title\"><h4>Peut-on payer en ligne sur le site ?<\/h4><i class=\"vc_toggle_icon\"><\/i><\/div><div class=\"vc_toggle_content\"><p class=\"ng-star-inserted\"><span class=\"ng-star-inserted\">Non. Le site sert exclusivement \u00e0 demander des devis. <\/span><\/p>\n<p class=\"ng-star-inserted\"><span class=\"ng-star-inserted\">Le r\u00e8glement se fait apr\u00e8s la validation de l&#8217;offre commerciale, par virement ou autre moyen de paiement conventionnel.<\/span><\/p>\n<\/div><\/div><div  class=\"vc_do_toggle vc_toggle vc_toggle_default vc_toggle_color_default  vc_toggle_size_md\"><div class=\"vc_toggle_title\"><h4>Livrez-vous partout au B\u00e9nin ?<\/h4><i class=\"vc_toggle_icon\"><\/i><\/div><div class=\"vc_toggle_content\"><p class=\"ng-star-inserted\"><span class=\"ng-star-inserted\">Oui. Nous organisons la livraison de votre&nbsp;<\/span><strong class=\"ng-star-inserted\"><span class=\"ng-star-inserted\">mat\u00e9riel m\u00e9dical \u00e0 Cotonou et dans tout le B\u00e9nin<\/span><\/strong><span class=\"ng-star-inserted\">. <\/span><\/p>\n<p class=\"ng-star-inserted\"><span class=\"ng-star-inserted\">Nous pouvons aussi \u00e9tudier les options pour la sous-r\u00e9gion.<\/span><\/p>\n<\/div><\/div><div  class=\"vc_do_toggle vc_toggle vc_toggle_default vc_toggle_color_default  vc_toggle_size_md\"><div class=\"vc_toggle_title\"><h4>Proposez vous un service apr\u00e8s-vente ?<\/h4><i class=\"vc_toggle_icon\"><\/i><\/div><div class=\"vc_toggle_content\"><p class=\"ng-star-inserted\"><span class=\"ng-star-inserted\">Oui. Notre service apr\u00e8s-vente inclut l&#8217;<\/span><strong class=\"ng-star-inserted\"><span class=\"ng-star-inserted\">installation et la configuration<\/span><\/strong><span class=\"ng-star-inserted\">&nbsp;de vos \u00e9quipements. <\/span><\/p>\n<p class=\"ng-star-inserted\"><span class=\"ng-star-inserted\">Nos techniciens assurent \u00e9galement le support et la maintenance.<\/span><\/p>\n<\/div><\/div><div  class=\"vc_do_toggle vc_toggle vc_toggle_default vc_toggle_color_default  vc_toggle_size_md\"><div class=\"vc_toggle_title\"><h4>Qu&#039;est-ce que l&#039;expertise en efficacit\u00e9 \u00e9nerg\u00e9tique ?<\/h4><i class=\"vc_toggle_icon\"><\/i><\/div><div class=\"vc_toggle_content\"><div class=\"virtual-scroll-container model-prompt-container\" data-turn-role=\"Model\">\n<div class=\"turn-content\">\n<p class=\"ng-star-inserted\"><span class=\"ng-star-inserted\">Notre \u00e9quipe d&#8217;experts peut vous conseiller sur le choix d&#8217;\u00e9quipements peu \u00e9nergivores. <\/span><\/p>\n<p class=\"ng-star-inserted\"><span class=\"ng-star-inserted\">Nous vous aidons \u00e0 r\u00e9duire vos co\u00fbts de fonctionnement sur le long terme.<\/span><\/p>\n<div class=\"turn-information ng-star-inserted\"><\/div>\n<\/div>\n<\/div>\n<div class=\"turn-footer ng-star-inserted\"><\/div>\n<\/div><\/div>\t<\/div>\n<\/div><\/div><div class=\"vc_row-full-width\"><\/div>\t<div  class=\"vc_row wpb_row vc_row-fluid vc_column-gap-default ts-row-wide\"  ><div class=\"wpb_column vc_column_container vc_col-sm-12 vc_hidden-md vc_hidden-sm vc_hidden-xs\">\n\t<div class=\"wpb_wrapper\">\n\t<div class=\"vc_empty_space\"   style=\"height: 50px\"><span class=\"vc_empty_space_inner\"><\/span><\/div>\t<\/div>\n<\/div><\/div>\n<\/div>","protected":false},"excerpt":{"rendered":"Foire Aux Questions Retrouvez ici les r\u00e9ponses sur nos \u00e9quipements m\u00e9dicaux, nos services et notre fonctionnement. Nous souhaitons vous apporter toute la clart\u00e9 n\u00e9cessaire pour votre projet. Pour toute autre demande, notre \u00e9quipe est \u00e0 votre disposition. Qui est PROMAT-MEDICAL SARL ?PROMAT-MEDICAL SARL est une soci\u00e9t\u00e9 b\u00e9ninoise, cr\u00e9\u00e9e en ao\u00fbt 2016. Nous sommes sp\u00e9cialis\u00e9s dans [...]","protected":false},"author":1,"featured_media":0,"parent":0,"menu_order":0,"comment_status":"closed","ping_status":"open","template":"","meta":{"footnotes":""},"class_list":["post-760","page","type-page","status-publish","hentry"],"_links":{"self":[{"href":"https:\/\/promatmedical.com\/fr\/wp-json\/wp\/v2\/pages\/760","targetHints":{"allow":["GET"]}}],"collection":[{"href":"https:\/\/promatmedical.com\/fr\/wp-json\/wp\/v2\/pages"}],"about":[{"href":"https:\/\/promatmedical.com\/fr\/wp-json\/wp\/v2\/types\/page"}],"author":[{"embeddable":true,"href":"https:\/\/promatmedical.com\/fr\/wp-json\/wp\/v2\/users\/1"}],"replies":[{"embeddable":true,"href":"https:\/\/promatmedical.com\/fr\/wp-json\/wp\/v2\/comments?post=760"}],"version-history":[{"count":0,"href":"https:\/\/promatmedical.com\/fr\/wp-json\/wp\/v2\/pages\/760\/revisions"}],"wp:attachment":[{"href":"https:\/\/promatmedical.com\/fr\/wp-json\/wp\/v2\/media?parent=760"}],"curies":[{"name":"wp","href":"https:\/\/api.w.org\/{rel}","templated":true}]}}