{"id":90,"date":"2014-10-15T04:23:57","date_gmt":"2014-10-15T04:23:57","guid":{"rendered":"https:\/\/promatmedical.com\/wishlist\/"},"modified":"2025-11-07T14:28:14","modified_gmt":"2025-11-07T13:28:14","slug":"liste-des-favoris","status":"publish","type":"page","link":"https:\/\/promatmedical.com\/fr\/liste-des-favoris\/","title":{"rendered":"Liste des favoris"},"content":{"rendered":"<div class=\"wpb-content-wrapper\"><div class=\"vc_row wpb_row vc_row-fluid vc_custom_1584516828343 vc_column-gap-default ts-row-wide\"  ><div class=\"wpb_column vc_column_container vc_col-sm-12\">\n\t<div class=\"wpb_wrapper\">\n\t\n\t<div class=\"wpb_text_column wpb_content_element\" >\n\t\t<div class=\"wpb_wrapper\">\n\t\t\t\t\t<div class=\"ts-wishlist-table-wrapper woocommerce empty-wishlist\">\n\t\t\t<div class=\"heading-row\">\n\t\t\t\t<span class=\"product-remove\"><\/span>\n\t\t\t\t<span class=\"product-thumbnail\"><\/span>\n\t\t\t\t<span class=\"product-name\">Nom du produit<\/span>\n\t\t\t\t<span class=\"product-price\">Prix<\/span>\n\t\t\t\t<span class=\"product-stock-status\">L&#039;\u00e9tat du Stock<\/span>\n\t\t\t\t\t\t\t\t<span class=\"product-add-to-cart\"><\/span>\n\t\t\t\t\t\t\t<\/div>\n\t\t\t<div class=\"items\">\n\t\t\t\t\t\t\t\t<div class=\"item\"><span>Aucun produit ajout\u00e9 \u00e0 la liste de favoris<\/span><\/div>\n\t\t\t\t\t\t\t<\/div>\n\t\t<\/div>\n\t\t\n\n\t\t<\/div>\n\t<\/div>\n\t<\/div>\n<\/div><\/div>\t<div  class=\"vc_row wpb_row vc_row-fluid vc_column-gap-default ts-row-wide\"  ><div class=\"wpb_column vc_column_container vc_col-sm-12 vc_hidden-md vc_hidden-sm vc_hidden-xs\">\n\t<div class=\"wpb_wrapper\">\n\t<div class=\"vc_empty_space\"   style=\"height: 40px\"><span class=\"vc_empty_space_inner\"><\/span><\/div>\t<\/div>\n<\/div><\/div>\n<\/div>","protected":false},"excerpt":{"rendered":"Nom du produit Prix L&#039;\u00e9tat du Stock Aucun produit ajout\u00e9 \u00e0 la liste de favoris","protected":false},"author":1,"featured_media":0,"parent":0,"menu_order":0,"comment_status":"closed","ping_status":"closed","template":"","meta":{"footnotes":""},"class_list":["post-90","page","type-page","status-publish","hentry"],"_links":{"self":[{"href":"https:\/\/promatmedical.com\/fr\/wp-json\/wp\/v2\/pages\/90","targetHints":{"allow":["GET"]}}],"collection":[{"href":"https:\/\/promatmedical.com\/fr\/wp-json\/wp\/v2\/pages"}],"about":[{"href":"https:\/\/promatmedical.com\/fr\/wp-json\/wp\/v2\/types\/page"}],"author":[{"embeddable":true,"href":"https:\/\/promatmedical.com\/fr\/wp-json\/wp\/v2\/users\/1"}],"replies":[{"embeddable":true,"href":"https:\/\/promatmedical.com\/fr\/wp-json\/wp\/v2\/comments?post=90"}],"version-history":[{"count":0,"href":"https:\/\/promatmedical.com\/fr\/wp-json\/wp\/v2\/pages\/90\/revisions"}],"wp:attachment":[{"href":"https:\/\/promatmedical.com\/fr\/wp-json\/wp\/v2\/media?parent=90"}],"curies":[{"name":"wp","href":"https:\/\/api.w.org\/{rel}","templated":true}]}}