{"id":16434,"date":"2020-05-19T22:44:26","date_gmt":"2020-05-19T21:44:26","guid":{"rendered":"https:\/\/promatmedical.com\/?post_type=product&#038;p=16434"},"modified":"2025-10-15T11:21:07","modified_gmt":"2025-10-15T10:21:07","slug":"concentrateur-oxygene-everflo-q-marque-philips","status":"publish","type":"product","link":"https:\/\/promatmedical.com\/fr\/produit\/concentrateur-oxygene-everflo-q-marque-philips\/","title":{"rendered":"Concentrateur d&#8217;Oxyg\u00e8ne EverFlo Q"},"content":{"rendered":"<h2>Concentrateur d&#8217;Oxyg\u00e8ne EverFlo Q<\/h2>\n<p><span class=\"\">De marque Philips, L&#8217;EverFlo Q compact de 31 livres de Respironics est le premier concentrateur ultra-silencieux disponible \u00e0 un prix abordable. <\/span><span class=\"goog-text-highlight\">Il a la facilit\u00e9 d&#8217;utilisation de notre concentrateur d&#8217;oxyg\u00e8ne EverFlo populaire et ajoute un niveau sonore ultra-silencieux.<\/span><\/p>\n<ul>\n<li class=\"p-heading-02 p-heading-bold\"><strong>Fonctionnalit\u00e9s<\/strong><\/li>\n<\/ul>\n<div class=\"p-feature-contents\">\n<div class=\"HCFEA0003510-1 tc-p53-feature-tile component-base\">\n<div class=\"p-grid-item p-l-one-half p-m-one-half p-l-clear p-m-clear \">\n<div class=\"p-feature-tile p-content-bottom\">\n<div class=\"p-feature p-image-description p-no-description\">\n<p class=\"p-heading-03 p-heading-bold p-desc p-description-left\">La conception compacte ressemble moins \u00e0 une machine m\u00e9dicale: La conception ergonomique d&#8217;EverFlo prend moins de place et n&#8217;attire pas autant l&#8217;attention.<\/p>\n<\/div>\n<\/div>\n<\/div>\n<\/div>\n<div class=\"HCFEA0001293 tc-p53-feature-tile component-base\">\n<div class=\"p-grid-item p-l-one-half p-m-one-half \">\n<div class=\"p-feature-tile p-content-bottom\">\n<div class=\"p-feature p-image-description p-no-description\">\n<p class=\"p-heading-03 p-heading-bold p-desc p-description-left\">La s\u00e9rie Right Fit se concentre sur les besoins des patients: EverFlo fait partie de Right Fit, un portefeuille complet de produits et de programmes d&#8217;oxyg\u00e8ne inspir\u00e9s par les patients et con\u00e7us pour les entreprises.<\/p>\n<\/div>\n<\/div>\n<\/div>\n<\/div>\n<div class=\"HCFEA0000857 tc-p53-feature-tile component-base\">\n<div class=\"p-grid-item p-l-one-half p-m-one-half p-l-clear p-m-clear \">\n<div class=\"p-feature-tile p-content-bottom\">\n<div class=\"p-feature p-image-description p-no-description\">\n<p class=\"p-heading-03 p-heading-bold p-desc p-description-left\">Le fonctionnement ultra silencieux r\u00e9duit les plaintes de bruit: L&#8217;EverFlo Q n&#8217;a qu&#8217;un niveau sonore de 40 d\u00e9cibels, ce qui augmente consid\u00e9rablement la satisfaction des patients.\u00a0Un avantage fonctionnel qui attire \u00e0 la fois les m\u00e9decins et les patients.<\/p>\n<p class=\"p-heading-03 p-heading-bold p-desc p-description-left\"><span class=\"\">L\u00e9ger pour un transport facile: <\/span>L&#8217;EverFlo Q ne p\u00e8se que 31 livres, ce qui r\u00e9duit les co\u00fbts d&#8217;exp\u00e9dition et de stockage et les risques de blessures.<\/p>\n<p>&nbsp;<\/p>\n<\/div>\n<\/div>\n<\/div>\n<\/div>\n<\/div>\n<div>\n<div class=\"p-tc11-accordion p-tc11-active--m-l p-tc11__accordion--closed p-tc11-accordion--notopborder p-tc11-accordion--nobottomborder p-l-spacing-top-c p-l-spacing-bottom-a p-m-spacing-top-c p-m-spacing-bottom-a\" data-close-popup-label=\"Back\" data-toggle-item-selector=\"p-s08__toggle-item\" data-hide-item-selector=\"p-s08__toggle-item\" data-accordion-toggle=\"true\" data-comp-id=\"tc11Accordion\">\n<div class=\"p-tc11-accordion-wrapper\">\n<div class=\"p-layout-row\">\n<div class=\"p-layout-inner\">\n<div class=\"p-tc11-item-toggle\">\n<div class=\"s08_specification_de s08-specification-details-v2 component-base\">\n<section id=\"specifications\" class=\"p-s08v2-technical-specifications p-row-gutter p-comp-spacing-bottom\" data-display-items=\"0\" data-comp-id=\"s08v2TechnicalSpecifications\" data-countmax=\"1\">\n<ul>\n<li class=\"p-s08v2__maintitle p-heading-02 p-heading-bold\"><strong>Caract\u00e9ristiques<\/strong><\/li>\n<\/ul>\n<dl class=\"p-specification-chapter p-accordion p-s-spacing-top-b p-xs-spacing-top-b\">\n<dd class=\"p-s08v2__table-wrapper \">\n<table class=\"p-s08v2__table\" style=\"height: 948px;\" width=\"1116\">\n<caption class=\"p-s08v2__title--desktop p-heading-04-large\">Syst\u00e8me g\u00e9n\u00e9ral<\/caption>\n<tbody class=\"p-s08v2__table-tbody\">\n<tr class=\"p-s08v2__table-tr\">\n<th class=\"p-s08v2__table-th p-heading-04 p-heading-book\" scope=\"row\">Tension d&#8217;entr\u00e9e<\/th>\n<td class=\"p-s08v2__table-td p-body-copy-02 p-heading-light\">\n<ul>\n<li>120 VCA +\/- 10%<\/li>\n<\/ul>\n<\/td>\n<\/tr>\n<tr class=\"p-s08v2__table-tr\">\n<th class=\"p-s08v2__table-th p-heading-04 p-heading-book\" scope=\"row\">Niveau sonore<\/th>\n<td class=\"p-s08v2__table-td p-body-copy-02 p-heading-light\">\n<ul>\n<li style=\"text-align: left;\">40 (typique) dB<\/li>\n<\/ul>\n<\/td>\n<\/tr>\n<tr class=\"p-s08v2__table-tr\">\n<th class=\"p-s08v2__table-th p-heading-04 p-heading-book\" scope=\"row\">Dimensions<\/th>\n<td class=\"p-s08v2__table-td p-body-copy-02 p-heading-light\">\n<ul>\n<li style=\"text-align: left;\">58,4 cm H x 38,1 cm L x 24,1 cm P (23 &#8220;H x 15&#8221; L x 9,5 &#8220;P)<\/li>\n<\/ul>\n<\/td>\n<\/tr>\n<tr class=\"p-s08v2__table-tr\">\n<th class=\"p-s08v2__table-th p-heading-04 p-heading-book\" scope=\"row\">Niveaux d&#8217;alarme OPI (indicateur de pourcentage d&#8217;oxyg\u00e8ne)<\/th>\n<td class=\"p-s08v2__table-td p-body-copy-02 p-heading-light\">\n<ul>\n<li style=\"text-align: left;\">Faible en oxyg\u00e8ne (82%) et tr\u00e8s faible en oxyg\u00e8ne (70%)<\/li>\n<\/ul>\n<\/td>\n<\/tr>\n<tr class=\"p-s08v2__table-tr\">\n<th class=\"p-s08v2__table-th p-heading-04 p-heading-book\" scope=\"row\">Fr\u00e9quence d&#8217;entr\u00e9e<\/th>\n<td class=\"p-s08v2__table-td p-body-copy-02 p-heading-light\">\n<ul>\n<li style=\"text-align: left;\">60 Hz<\/li>\n<\/ul>\n<\/td>\n<\/tr>\n<tr class=\"p-s08v2__table-tr\">\n<th class=\"p-s08v2__table-th p-heading-04 p-heading-book\" scope=\"row\"><span class=\"\">Consommation \u00e9lectrique moyenne<\/span><\/th>\n<td class=\"p-s08v2__table-td p-body-copy-02 p-heading-light\">\n<ul>\n<li style=\"text-align: left;\">350 watts<\/li>\n<\/ul>\n<\/td>\n<\/tr>\n<tr class=\"p-s08v2__table-tr\">\n<th class=\"p-s08v2__table-th p-heading-04 p-heading-book\" scope=\"row\">Oxygen Concentration*<\/th>\n<td class=\"p-s08v2__table-td p-body-copy-02 p-heading-light\">\n<ul>\n<li style=\"text-align: left;\">(\u00e0 5 LPM) 93% +\/- 3%<\/li>\n<\/ul>\n<\/td>\n<\/tr>\n<tr class=\"p-s08v2__table-tr\">\n<th class=\"p-s08v2__table-th p-heading-04 p-heading-book\" scope=\"row\">Pression de sortie<\/th>\n<td class=\"p-s08v2__table-td p-body-copy-02 p-heading-light\">\n<ul>\n<li style=\"text-align: left;\">5,5 PSI<\/li>\n<\/ul>\n<\/td>\n<\/tr>\n<tr class=\"p-s08v2__table-tr\">\n<th class=\"p-s08v2__table-th p-heading-04 p-heading-book\" scope=\"row\">Poids<\/th>\n<td class=\"p-s08v2__table-td p-body-copy-02 p-heading-light\">\n<ul>\n<li style=\"text-align: left;\">14 (31) kg (livres)<\/li>\n<\/ul>\n<\/td>\n<\/tr>\n<tr class=\"p-s08v2__table-tr\">\n<th class=\"p-s08v2__table-th p-heading-04 p-heading-book\" scope=\"row\">D\u00e9bit de litre<\/th>\n<td class=\"p-s08v2__table-td p-body-copy-02 p-heading-light\">\n<ul>\n<li style=\"text-align: left;\">0.5-5 l\/min<\/li>\n<\/ul>\n<\/td>\n<\/tr>\n<tr class=\"p-s08v2__table-tr\">\n<th class=\"p-s08v2__table-th p-heading-04 p-heading-book\" scope=\"row\">Temp\u00e9rature de fonctionnement<\/th>\n<td class=\"p-s08v2__table-td p-body-copy-02 p-heading-light\">\n<ul>\n<li style=\"text-align: left;\">12 \u00b0 C \u00e0 32 \u00b0 C \/ 55 \u00b0 F \u00e0 90 \u00b0 F<\/li>\n<\/ul>\n<\/td>\n<\/tr>\n<tr class=\"p-s08v2__table-tr\">\n<th class=\"p-s08v2__table-th p-heading-04 p-heading-book\" scope=\"row\">Humidit\u00e9 de stockage \/ transport<\/th>\n<td class=\"p-s08v2__table-td p-body-copy-02 p-heading-light\">\n<ul>\n<li style=\"text-align: left;\">-34 \u00b0 C \u00e0 71 \u00b0 C (-30 \u00b0 F \u00e0 160 \u00b0 F) jusqu&#8217;\u00e0 95% d&#8217;humidit\u00e9 relative<\/li>\n<\/ul>\n<\/td>\n<\/tr>\n<tr class=\"p-s08v2__table-tr\">\n<th class=\"p-s08v2__table-th p-heading-04 p-heading-book\" scope=\"row\">humidit\u00e9 d&#8217;exploitation<\/th>\n<td class=\"p-s08v2__table-td p-body-copy-02 p-heading-light\">\n<ul>\n<li style=\"text-align: left;\">jusqu&#8217;\u00e0 95%<\/li>\n<\/ul>\n<\/td>\n<\/tr>\n<tr class=\"p-s08v2__table-tr\">\n<th class=\"p-s08v2__table-th p-heading-04 p-heading-book\" scope=\"row\">Altitude de fonctionnement<\/th>\n<td class=\"p-s08v2__table-td p-body-copy-02 p-heading-light\">\n<ul>\n<li style=\"text-align: left;\">0 \u00e0 2286 m (0 \u00e0 7500 pieds)<\/li>\n<\/ul>\n<\/td>\n<\/tr>\n<\/tbody>\n<\/table>\n<\/dd>\n<\/dl>\n<\/section>\n<\/div>\n<\/div>\n<\/div>\n<\/div>\n<\/div>\n<div class=\"p-tc11__trigger-buttons p-spacing-top-a\"><\/div>\n<\/div>\n<\/div>\n<ul class=\"ul-style-none style-horizontal\">\n<li><img loading=\"lazy\" decoding=\"async\" class=\"size-full wp-image-16690 alignnone\" src=\"https:\/\/promatmedical.com\/wp-content\/uploads\/2020\/01\/ul-icon3.png\" alt=\"\" width=\"24\" height=\"24\" \/>Certifi\u00e9, Compact sans bruit, Sans Entretien<\/li>\n<\/ul>\n","protected":false},"excerpt":{"rendered":"<ul class=\"ul-style check\">\n<li>D\u00e9bit &lt;= 5L<\/li>\n<li>Compact et sans bruit<\/li>\n<li>Sans Entretien<\/li>\n<\/ul>\n","protected":false},"featured_media":17596,"comment_status":"open","ping_status":"closed","template":"","meta":[],"product_brand":[],"product_cat":[153],"product_tag":[],"class_list":{"0":"post-16434","1":"product","2":"type-product","3":"status-publish","4":"has-post-thumbnail","6":"product_cat-secours-respiratoires","7":"ts_product_brand-phlips","9":"first","10":"instock","11":"sale","12":"shipping-taxable","13":"purchasable","14":"product-type-simple"},"_links":{"self":[{"href":"https:\/\/promatmedical.com\/fr\/wp-json\/wp\/v2\/product\/16434","targetHints":{"allow":["GET"]}}],"collection":[{"href":"https:\/\/promatmedical.com\/fr\/wp-json\/wp\/v2\/product"}],"about":[{"href":"https:\/\/promatmedical.com\/fr\/wp-json\/wp\/v2\/types\/product"}],"replies":[{"embeddable":true,"href":"https:\/\/promatmedical.com\/fr\/wp-json\/wp\/v2\/comments?post=16434"}],"wp:featuredmedia":[{"embeddable":true,"href":"https:\/\/promatmedical.com\/fr\/wp-json\/wp\/v2\/media\/17596"}],"wp:attachment":[{"href":"https:\/\/promatmedical.com\/fr\/wp-json\/wp\/v2\/media?parent=16434"}],"wp:term":[{"taxonomy":"product_brand","embeddable":true,"href":"https:\/\/promatmedical.com\/fr\/wp-json\/wp\/v2\/product_brand?post=16434"},{"taxonomy":"product_cat","embeddable":true,"href":"https:\/\/promatmedical.com\/fr\/wp-json\/wp\/v2\/product_cat?post=16434"},{"taxonomy":"product_tag","embeddable":true,"href":"https:\/\/promatmedical.com\/fr\/wp-json\/wp\/v2\/product_tag?post=16434"}],"curies":[{"name":"wp","href":"https:\/\/api.w.org\/{rel}","templated":true}]}}