{"id":17787,"date":"2021-04-13T11:58:49","date_gmt":"2021-04-13T10:58:49","guid":{"rendered":"https:\/\/promatmedical.com\/bj\/?post_type=product&#038;p=17787"},"modified":"2025-03-08T08:12:37","modified_gmt":"2025-03-08T07:12:37","slug":"debitmetre","status":"publish","type":"product","link":"https:\/\/promatmedical.com\/fr\/produit\/debitmetre\/","title":{"rendered":"D\u00e9bitm\u00e8tre AsthmaCheck Peak"},"content":{"rendered":"<h2>D\u00e9bitm\u00e8tre AsthmaCheck Peak<\/h2>\n<p>La gestion \u00e0 trois zones contribue \u00e0 la conformit\u00e9<br \/>\nL&#8217;embout buccal confortable est con\u00e7u pour augmenter la conformit\u00e9<br \/>\nConstruction robuste et durable pour une tranquillit\u00e9 d&#8217;esprit<br \/>\nPoign\u00e9e facile \u00e0 saisir pour des lectures pr\u00e9cises<\/p>\n<ul>\n<li class=\"p-s08v2__maintitle p-heading-02 p-heading-bold\"><strong>Caract\u00e9ristiques<\/strong><\/li>\n<\/ul>\n<dl class=\"p-specification-chapter p-accordion p-s-spacing-top-b p-xs-spacing-top-b\">\n<dd class=\"p-s08v2__table-wrapper \">\n<table class=\"p-s08v2__table\">\n<caption class=\"p-s08v2__title--desktop p-heading-04-large\"><span>Donn\u00e9es de performance<\/span><\/caption>\n<tbody class=\"p-s08v2__table-tbody\">\n<tr class=\"p-s08v2__table-tr\">\n<th class=\"p-s08v2__table-th p-heading-04 p-heading-book\" scope=\"row\"><span>Pr\u00e9cision<\/span><\/th>\n<td class=\"p-s08v2__table-td p-body-copy-02 p-heading-light\">\n<ul class=\"p-s08v2__spec-list\">\n<li>\n<div class=\"\"><span>+\/- 10% ou 20 L \/ min., Selon la valeur la plus \u00e9lev\u00e9e<\/span><\/div>\n<\/li>\n<\/ul>\n<\/td>\n<\/tr>\n<tr class=\"p-s08v2__table-tr\">\n<th class=\"p-s08v2__table-th p-heading-04 p-heading-book\" scope=\"row\"><span>Reproductibilit\u00e9<\/span><\/th>\n<td class=\"p-s08v2__table-td p-body-copy-02 p-heading-light\">\n<ul class=\"p-s08v2__spec-list\">\n<li>\n<div class=\"\"><span>\u2264 5% ou 10 L \/ min., Selon la valeur la plus \u00e9lev\u00e9e<\/span><\/div>\n<\/li>\n<\/ul>\n<\/td>\n<\/tr>\n<tr class=\"p-s08v2__table-tr\">\n<th class=\"p-s08v2__table-th p-heading-04 p-heading-book\" scope=\"row\">Interdevice Variability<\/th>\n<td class=\"p-s08v2__table-td p-body-copy-02 p-heading-light\">\n<ul class=\"p-s08v2__spec-list\">\n<li>\n<div class=\"\"><span>\u226410% ou 20 L \/ min., Selon la valeur la plus \u00e9lev\u00e9e<\/span><\/div>\n<\/li>\n<\/ul>\n<\/td>\n<\/tr>\n<\/tbody>\n<\/table>\n<\/dd>\n<dd class=\"p-s08v2__table-wrapper \">\n<table class=\"p-s08v2__table\">\n<caption class=\"p-s08v2__title--desktop p-heading-04-large\"><span>Syst\u00e8me g\u00e9n\u00e9ral<\/span><\/caption>\n<tbody class=\"p-s08v2__table-tbody\">\n<tr class=\"p-s08v2__table-tr\">\n<th class=\"p-s08v2__table-th p-heading-04 p-heading-book\" scope=\"row\">Dimensions<\/th>\n<td class=\"p-s08v2__table-td p-body-copy-02 p-heading-light\">\n<ul class=\"p-s08v2__spec-list\">\n<li>\n<div class=\"\"><span>15,5 cm L x 5,8 cm L x 1,9 cm H (6,1 &#8220;L x 2,3&#8221; L x 0,75 &#8220;H)<\/span><\/div>\n<\/li>\n<\/ul>\n<\/td>\n<\/tr>\n<tr class=\"p-s08v2__table-tr\">\n<th class=\"p-s08v2__table-th p-heading-04 p-heading-book\" scope=\"row\"><span>Poids<\/span><\/th>\n<td class=\"p-s08v2__table-td p-body-copy-02 p-heading-light\">\n<ul class=\"p-s08v2__spec-list\">\n<li>\n<div class=\"\"><span>56,7 (2,0) grammes (oz)<\/span><\/div>\n<\/li>\n<\/ul>\n<\/td>\n<\/tr>\n<\/tbody>\n<\/table>\n<\/dd>\n<\/dl>\n","protected":false},"excerpt":{"rendered":"<ul>\n<li>Pr\u00e9cision: +\/- 10% ou 20 L \/ min<\/li>\n<li>Reproductibilit\u00e9: \u2264 5% ou 10 L \/ min<\/li>\n<li>Variabilit\u00e9: \u226410% ou 20 L \/ min<\/li>\n<\/ul>\n","protected":false},"featured_media":17790,"comment_status":"open","ping_status":"closed","template":"","meta":[],"product_brand":[],"product_cat":[53,90,153,164,83],"product_tag":[132],"class_list":{"0":"post-17787","1":"product","2":"type-product","3":"status-publish","4":"has-post-thumbnail","6":"product_cat-equipement-de-specialites","7":"product_cat-materiel-de-diagnostic-medical","8":"product_cat-secours-respiratoires","9":"product_cat-traitements-specialises","10":"product_cat-urgences-secours","11":"product_tag-appareil-medicaux","12":"ts_product_brand-phlips","14":"first","15":"instock","16":"sale","17":"shipping-taxable","18":"purchasable","19":"product-type-simple"},"_links":{"self":[{"href":"https:\/\/promatmedical.com\/fr\/wp-json\/wp\/v2\/product\/17787","targetHints":{"allow":["GET"]}}],"collection":[{"href":"https:\/\/promatmedical.com\/fr\/wp-json\/wp\/v2\/product"}],"about":[{"href":"https:\/\/promatmedical.com\/fr\/wp-json\/wp\/v2\/types\/product"}],"replies":[{"embeddable":true,"href":"https:\/\/promatmedical.com\/fr\/wp-json\/wp\/v2\/comments?post=17787"}],"wp:featuredmedia":[{"embeddable":true,"href":"https:\/\/promatmedical.com\/fr\/wp-json\/wp\/v2\/media\/17790"}],"wp:attachment":[{"href":"https:\/\/promatmedical.com\/fr\/wp-json\/wp\/v2\/media?parent=17787"}],"wp:term":[{"taxonomy":"product_brand","embeddable":true,"href":"https:\/\/promatmedical.com\/fr\/wp-json\/wp\/v2\/product_brand?post=17787"},{"taxonomy":"product_cat","embeddable":true,"href":"https:\/\/promatmedical.com\/fr\/wp-json\/wp\/v2\/product_cat?post=17787"},{"taxonomy":"product_tag","embeddable":true,"href":"https:\/\/promatmedical.com\/fr\/wp-json\/wp\/v2\/product_tag?post=17787"}],"curies":[{"name":"wp","href":"https:\/\/api.w.org\/{rel}","templated":true}]}}