{"id":17813,"date":"2021-04-23T11:41:54","date_gmt":"2021-04-23T10:41:54","guid":{"rendered":"https:\/\/promatmedical.com\/bj\/?post_type=product&#038;p=17813"},"modified":"2025-03-08T08:16:13","modified_gmt":"2025-03-08T07:16:13","slug":"centrifugeuse-ecospin3","status":"publish","type":"product","link":"https:\/\/promatmedical.com\/fr\/produit\/centrifugeuse-ecospin3\/","title":{"rendered":"Centrifugeuse ECOspin III"},"content":{"rendered":"<h2>Centrifugeuse ECOspin III<\/h2>\n<p>Centrifugeuse de paillasse compacte, id\u00e9ale pour la s\u00e9paration de l&#8217;urine, du s\u00e9rum et du plasma en cabinet ou en laboratoire.<\/p>\n<p>Equip\u00e9 d&#8217;un rotor angulaire 12 places, pour des tubes d&#8217;un volume allant jusqu&#8217;\u00e0 15 ml et d&#8217;une vitesse maximale de 4500 tr \/ min et d&#8217;un RCF de 2400 g, il est id\u00e9alement adapt\u00e9 au laboratoire de routine d&#8217;un m\u00e9decin g\u00e9n\u00e9raliste.<\/p>\n<p>La centrifugeuse de paillasse ECOspin est compacte, ne n\u00e9cessite que peu d&#8217;espace et est facile \u00e0 utiliser.<br \/>\nLes derniers param\u00e8tres utilis\u00e9s pour la dur\u00e9e de fonctionnement et la vitesse sont automatiquement enregistr\u00e9s.<br \/>\nPour la s\u00e9curit\u00e9 de l&#8217;utilisateur, le couvercle est verrouill\u00e9 \u00e9lectromagn\u00e9tiquement pendant le fonctionnement. Le bo\u00eetier en plastique r\u00e9sistant et le<br \/>\nclavier \u00e0 membrane hygi\u00e9nique permettent un nettoyage et une d\u00e9sinfection faciles.<\/p>\n<ul>\n<li>Plage de vitesse 300 &#8211; 4500 tr \/ min<\/li>\n<li>Rotor angulaire 12 places (15 ml)<\/li>\n<li>Pr\u00e9s\u00e9lection num\u00e9rique du temps de fonctionnement et de la vitesse<\/li>\n<li>Moteur sans balais avec contr\u00f4le \u00e9lectronique de la vitesse<\/li>\n<li>Clavier en aluminium hygi\u00e9nique<\/li>\n<li>Verrouillage \u00e9lectromagn\u00e9tique du couvercle<\/li>\n<li>Bo\u00eetier en plastique facile \u00e0 nettoyer<\/li>\n<\/ul>\n<p><strong>Donn\u00e9es techniques:<\/strong><\/p>\n<ul>\n<li>Rotor: 12 places pour tubes jusqu&#8217;\u00e0 15 ml<\/li>\n<li>Vitesse: 300 ~ 4500 tr \/ min.<\/li>\n<li>Max. RCF: 2400 g<\/li>\n<li>Tension: 110 ~ 240 Volt AC \/ 50-60 Hz<\/li>\n<li>Bruit: 56 dB (A)<\/li>\n<li>Dimensions: (LxPxH) 255 x 245 x 140 mm<\/li>\n<li>Poids: 6 kg (net)<\/li>\n<\/ul>\n","protected":false},"excerpt":{"rendered":"<ul>\n<li>Rotor angulaire 12 places<\/li>\n<li>Volume tube &lt;= 15 ml<\/li>\n<li>Vitesse max de 4500 tr \/ min<\/li>\n<li>RCF de 2400 g<\/li>\n<\/ul>\n","protected":false},"featured_media":17805,"comment_status":"open","ping_status":"closed","template":"","meta":[],"product_brand":[],"product_cat":[53,146],"product_tag":[132],"class_list":{"0":"post-17813","1":"product","2":"type-product","3":"status-publish","4":"has-post-thumbnail","6":"product_cat-equipement-de-specialites","7":"product_cat-laboratoire","8":"product_tag-appareil-medicaux","9":"ts_product_brand-medical-econet","11":"first","12":"instock","13":"sale","14":"shipping-taxable","15":"purchasable","16":"product-type-simple"},"_links":{"self":[{"href":"https:\/\/promatmedical.com\/fr\/wp-json\/wp\/v2\/product\/17813","targetHints":{"allow":["GET"]}}],"collection":[{"href":"https:\/\/promatmedical.com\/fr\/wp-json\/wp\/v2\/product"}],"about":[{"href":"https:\/\/promatmedical.com\/fr\/wp-json\/wp\/v2\/types\/product"}],"replies":[{"embeddable":true,"href":"https:\/\/promatmedical.com\/fr\/wp-json\/wp\/v2\/comments?post=17813"}],"wp:featuredmedia":[{"embeddable":true,"href":"https:\/\/promatmedical.com\/fr\/wp-json\/wp\/v2\/media\/17805"}],"wp:attachment":[{"href":"https:\/\/promatmedical.com\/fr\/wp-json\/wp\/v2\/media?parent=17813"}],"wp:term":[{"taxonomy":"product_brand","embeddable":true,"href":"https:\/\/promatmedical.com\/fr\/wp-json\/wp\/v2\/product_brand?post=17813"},{"taxonomy":"product_cat","embeddable":true,"href":"https:\/\/promatmedical.com\/fr\/wp-json\/wp\/v2\/product_cat?post=17813"},{"taxonomy":"product_tag","embeddable":true,"href":"https:\/\/promatmedical.com\/fr\/wp-json\/wp\/v2\/product_tag?post=17813"}],"curies":[{"name":"wp","href":"https:\/\/api.w.org\/{rel}","templated":true}]}}