{"id":17846,"date":"2021-04-30T11:46:24","date_gmt":"2021-04-30T10:46:24","guid":{"rendered":"https:\/\/promatmedical.com\/bj\/?post_type=product&#038;p=17846"},"modified":"2025-03-08T07:22:46","modified_gmt":"2025-03-08T06:22:46","slug":"speculum-jetable","status":"publish","type":"product","link":"https:\/\/promatmedical.com\/fr\/produit\/speculum-jetable\/","title":{"rendered":"Sp\u00e9culum \u00e0 usage unique"},"content":{"rendered":"<h2>Sp\u00e9culum \u00e0 usage unique<\/h2>\n<p>Disponible en carton de 100 pi\u00e8ces emball\u00e9es sous sachet pelable.<\/p>\n<p><strong>Caract\u00e9ristiques<\/strong><\/p>\n<ul>\n<li>St\u00e9rilisation oxyde \u00e9thyl\u00e8ne<\/li>\n<li>Emballage sous sachet pelable<\/li>\n<li>Utilisation pour examen et petite chirurgie gyn\u00e9cologique<\/li>\n<li>Bord arrondi et absence de bruit lors de la manipulation<\/li>\n<li>Adaptabilit\u00e9 \u00e0 la morphologie de la patiente<\/li>\n<li>Vis de s\u00e9curit\u00e9 avec blocage rapide<\/li>\n<\/ul>\n<p><strong>Tailles disponibles :<\/strong><\/p>\n<ul>\n<li>LARGE (L)<\/li>\n<li>Medium (M)<\/li>\n<\/ul>\n","protected":false},"excerpt":{"rendered":"<ul>\n<li>Carton de 100 pcs<\/li>\n<li>St\u00e9rilisation oxyde \u00e9thyl\u00e8ne<\/li>\n<li>Adaptabilit\u00e9 \u00e0 la morphologie de la patiente<\/li>\n<li>Tailles: LARGE (L) , Medium (M)<\/li>\n<\/ul>\n","protected":false},"featured_media":17862,"comment_status":"open","ping_status":"closed","template":"","meta":[],"product_brand":[],"product_cat":[37,137,90],"product_tag":[135],"class_list":{"0":"post-17846","1":"product","2":"type-product","3":"status-publish","4":"has-post-thumbnail","6":"product_cat-consommables-medicaux","7":"product_cat-diagnostic-specialises","8":"product_cat-materiel-de-diagnostic-medical","9":"product_tag-instruments-accessoires","11":"first","12":"instock","13":"shipping-taxable","14":"purchasable","15":"product-type-simple"},"_links":{"self":[{"href":"https:\/\/promatmedical.com\/fr\/wp-json\/wp\/v2\/product\/17846","targetHints":{"allow":["GET"]}}],"collection":[{"href":"https:\/\/promatmedical.com\/fr\/wp-json\/wp\/v2\/product"}],"about":[{"href":"https:\/\/promatmedical.com\/fr\/wp-json\/wp\/v2\/types\/product"}],"replies":[{"embeddable":true,"href":"https:\/\/promatmedical.com\/fr\/wp-json\/wp\/v2\/comments?post=17846"}],"wp:featuredmedia":[{"embeddable":true,"href":"https:\/\/promatmedical.com\/fr\/wp-json\/wp\/v2\/media\/17862"}],"wp:attachment":[{"href":"https:\/\/promatmedical.com\/fr\/wp-json\/wp\/v2\/media?parent=17846"}],"wp:term":[{"taxonomy":"product_brand","embeddable":true,"href":"https:\/\/promatmedical.com\/fr\/wp-json\/wp\/v2\/product_brand?post=17846"},{"taxonomy":"product_cat","embeddable":true,"href":"https:\/\/promatmedical.com\/fr\/wp-json\/wp\/v2\/product_cat?post=17846"},{"taxonomy":"product_tag","embeddable":true,"href":"https:\/\/promatmedical.com\/fr\/wp-json\/wp\/v2\/product_tag?post=17846"}],"curies":[{"name":"wp","href":"https:\/\/api.w.org\/{rel}","templated":true}]}}