{"id":17886,"date":"2021-05-05T16:14:45","date_gmt":"2021-05-05T15:14:45","guid":{"rendered":"https:\/\/promatmedical.com\/bj\/?post_type=product&#038;p=17886"},"modified":"2025-10-15T11:32:15","modified_gmt":"2025-10-15T10:32:15","slug":"station-orl","status":"publish","type":"product","link":"https:\/\/promatmedical.com\/fr\/produit\/station-orl\/","title":{"rendered":"Unit\u00e9 ORL Entermed Micronomic 50"},"content":{"rendered":"<h2>Station ORL Entermed Micronomic 50<\/h2>\n<ul>\n<li><strong>Description<\/strong><\/li>\n<\/ul>\n<p>&#8211; Mati\u00e8re m\u00e9tal et polyur\u00e9thane<br \/>\n&#8211; Sur roulettes avec plateaux et tiroirs<br \/>\n&#8211; Rangements instrumentation<br \/>\n&#8211; Fa\u00e7ade technique avec r\u00e9glages et support lat\u00e9ral<br \/>\n&#8211; Bac instruments sales et bac d\u00e9chets<br \/>\n&#8211; Syst\u00e8me d\u2019aspiration avec bocal 35L\/minute<br \/>\n&#8211; Filtre antibact\u00e9ries<br \/>\n&#8211; Crochet support casque lumi\u00e8re<br \/>\n&#8211; Source de lumi\u00e8re froide LED 3400K avec c\u00e2ble de lumi\u00e8re pour endoscope et fibroscope<br \/>\n&#8211; Dim. : Haut. 90 x Long. 60 x Prof. 60 cm<br \/>\n&#8211; Poids : 60 Kg<br \/>\n&#8211; Bocal d&#8217;aspiration avec couvercle et valve antireflux<\/p>\n<p>&nbsp;<\/p>\n<ul>\n<li><strong>Optionnel<\/strong><\/li>\n<\/ul>\n<p>&#8211; Support chauffant pour endoscope rigide \u00f8 4 mm<br \/>\n&#8211; Chauffe-miroir laryngien<br \/>\n&#8211; Compresseur \u00e0 air avec pi\u00e8ce \u00e0 main et 3 sprays<br \/>\n&#8211; Seringue \u00e0 eau chaude<br \/>\n&#8211; Filtre \u00e0 eau pour seringue<br \/>\n&#8211; Micro cam\u00e9ra endoscopique<br \/>\n&#8211; PC int\u00e9gr\u00e9 : m\u00e9moire, carte vid\u00e9o, clavier<br \/>\n&#8211; Moniteur full HD 24\u2019 avec support d\u2019accroche<br \/>\n&#8211; Unit\u00e9 5 tiroirs &#8211; Dim. H90 x L60 x P60 cm &#8211; Poids 57 Kgs<br \/>\n&#8211; Microscope LED Kaps<br \/>\n&#8211; Adaptateur pour cam\u00e9ra microscope Kaps<br \/>\n&#8211; G\u00e9n\u00e9rateur bistouri \u00e9lectro chirurgical 1E<br \/>\n&#8211; G\u00e9n\u00e9rateur de lumi\u00e8re LED 120<br \/>\n&#8211; Colonne adaptatrice pour microscope Kaps<br \/>\n&#8211; Casque \u00e9clairant LED<\/p>\n","protected":false},"excerpt":{"rendered":"<p>&#8211; Mati\u00e8re m\u00e9tal et polyur\u00e9thane<br \/>\n&#8211; Sur roulettes avec plateaux et tiroirs<br \/>\n&#8211; Rangements instrumentation<br \/>\n&#8211; Fa\u00e7ade technique avec r\u00e9glages et support lat\u00e9ral<br \/>\n&#8211; Bac instruments sales et bac d\u00e9chets<br \/>\n&#8211; Syst\u00e8me d\u2019aspiration avec bocal 35L\/minute<br \/>\n&#8211; Crochet support casque lumi\u00e8re<br \/>\n&#8211; Source de lumi\u00e8re froide LED 3400K avec c\u00e2ble de lumi\u00e8re pour endoscope et fibroscope<br \/>\n&#8211; Dim. : Haut. 90 x Long. 60 x Prof. 60 cm<br \/>\n&#8211; Poids : 60 Kg<br \/>\n&#8211; Bocal d&#8217;aspiration avec couvercle et valve antireflux<\/p>\n","protected":false},"featured_media":17872,"comment_status":"open","ping_status":"closed","template":"","meta":[],"product_brand":[],"product_cat":[137,53,90,141],"product_tag":[132],"class_list":{"0":"post-17886","1":"product","2":"type-product","3":"status-publish","4":"has-post-thumbnail","6":"product_cat-diagnostic-specialises","7":"product_cat-equipement-de-specialites","8":"product_cat-materiel-de-diagnostic-medical","9":"product_cat-orl","10":"product_tag-appareil-medicaux","11":"ts_product_brand-pouret-medical","13":"first","14":"onbackorder","15":"featured","16":"sold-individually","17":"shipping-taxable","18":"purchasable","19":"product-type-simple"},"_links":{"self":[{"href":"https:\/\/promatmedical.com\/fr\/wp-json\/wp\/v2\/product\/17886","targetHints":{"allow":["GET"]}}],"collection":[{"href":"https:\/\/promatmedical.com\/fr\/wp-json\/wp\/v2\/product"}],"about":[{"href":"https:\/\/promatmedical.com\/fr\/wp-json\/wp\/v2\/types\/product"}],"replies":[{"embeddable":true,"href":"https:\/\/promatmedical.com\/fr\/wp-json\/wp\/v2\/comments?post=17886"}],"wp:featuredmedia":[{"embeddable":true,"href":"https:\/\/promatmedical.com\/fr\/wp-json\/wp\/v2\/media\/17872"}],"wp:attachment":[{"href":"https:\/\/promatmedical.com\/fr\/wp-json\/wp\/v2\/media?parent=17886"}],"wp:term":[{"taxonomy":"product_brand","embeddable":true,"href":"https:\/\/promatmedical.com\/fr\/wp-json\/wp\/v2\/product_brand?post=17886"},{"taxonomy":"product_cat","embeddable":true,"href":"https:\/\/promatmedical.com\/fr\/wp-json\/wp\/v2\/product_cat?post=17886"},{"taxonomy":"product_tag","embeddable":true,"href":"https:\/\/promatmedical.com\/fr\/wp-json\/wp\/v2\/product_tag?post=17886"}],"curies":[{"name":"wp","href":"https:\/\/api.w.org\/{rel}","templated":true}]}}