{"id":17906,"date":"2021-05-14T17:02:17","date_gmt":"2021-05-14T16:02:17","guid":{"rendered":"https:\/\/promatmedical.com\/bj\/?post_type=product&#038;p=17906"},"modified":"2025-10-15T11:21:06","modified_gmt":"2025-10-15T10:21:06","slug":"moniteur-multiparametrique-vismo-pvm-4000","status":"publish","type":"product","link":"https:\/\/promatmedical.com\/fr\/produit\/moniteur-multiparametrique-vismo-pvm-4000\/","title":{"rendered":"Moniteur multiparam\u00e9trique Vismo PVM-4000"},"content":{"rendered":"<h2>Moniteur multiparam\u00e9trique Vismo PVM-4000<\/h2>\n<p><b><span><span class=\"\">La s\u00e9rie Vismo<\/span><\/span><\/b><span><span class=\"\">\u00a0\u00a0est une gamme de moniteurs de chevet de haute pr\u00e9cision, pratique et simple \u00e0 utiliser, adapt\u00e9e \u00e0 tous les types de milieux cliniques, de Nihon Kohden, le fabricant mondial de produits innovants et de technologies de pointe.<\/span><\/span><\/p>\n<table style=\"height: 276px;\" width=\"771\">\n<tbody>\n<tr>\n<td><span>Param\u00e8tres mesur\u00e9s<\/span><\/td>\n<td><span>SPO2, temp\u00e9rature, ECG, IBP, ETCO2, NIBP, RESP<\/span><\/td>\n<\/tr>\n<tr>\n<td><span>Type d&#8217;affichage<\/span><\/td>\n<td><span>LCD<\/span><\/td>\n<\/tr>\n<tr>\n<td><span>Taille de l&#8217;\u00e9cran<\/span><\/td>\n<td><span>10,4 pouces<\/span><\/td>\n<\/tr>\n<tr>\n<td><span>Marque<\/span><\/td>\n<td><span>NIHON KOHDEN<\/span><\/td>\n<\/tr>\n<tr>\n<td><span>Mod\u00e8le<\/span><\/td>\n<td><span>PVM-4700<\/span><\/td>\n<\/tr>\n<tr>\n<td><span>Poids<\/span><\/td>\n<td>3.3 kg<\/td>\n<\/tr>\n<tr>\n<td><span>Interbed<\/span><\/td>\n<td><span>8 lits<\/span><\/td>\n<\/tr>\n<tr>\n<td><span>R\u00e9solution d&#8217;affichage<\/span><\/td>\n<td>800 x 600<\/td>\n<\/tr>\n<tr>\n<td><span>Dur\u00e9e de fonctionnement de la batterie<\/span><\/td>\n<td><span>6 heures<\/span><\/td>\n<\/tr>\n<\/tbody>\n<\/table>\n","protected":false},"excerpt":{"rendered":"<p>Param\u00e8tres mesur\u00e9s:<\/p>\n<ul>\n<li>SPO2 &#8211; Temp\u00e9rature,<\/li>\n<li>ECG &#8211; IBP- ETCO2<\/li>\n<li>NIBP- RESP<\/li>\n<\/ul>\n","protected":false},"featured_media":17904,"comment_status":"open","ping_status":"closed","template":"","meta":[],"product_brand":[],"product_cat":[137,53,90,152],"product_tag":[132],"class_list":{"0":"post-17906","1":"product","2":"type-product","3":"status-publish","4":"has-post-thumbnail","6":"product_cat-diagnostic-specialises","7":"product_cat-equipement-de-specialites","8":"product_cat-materiel-de-diagnostic-medical","9":"product_cat-surveillance-et-reanimation","10":"product_tag-appareil-medicaux","11":"ts_product_brand-nihon-kohden","13":"first","14":"onbackorder","15":"featured","16":"sold-individually","17":"shipping-taxable","18":"product-type-simple"},"_links":{"self":[{"href":"https:\/\/promatmedical.com\/fr\/wp-json\/wp\/v2\/product\/17906","targetHints":{"allow":["GET"]}}],"collection":[{"href":"https:\/\/promatmedical.com\/fr\/wp-json\/wp\/v2\/product"}],"about":[{"href":"https:\/\/promatmedical.com\/fr\/wp-json\/wp\/v2\/types\/product"}],"replies":[{"embeddable":true,"href":"https:\/\/promatmedical.com\/fr\/wp-json\/wp\/v2\/comments?post=17906"}],"wp:featuredmedia":[{"embeddable":true,"href":"https:\/\/promatmedical.com\/fr\/wp-json\/wp\/v2\/media\/17904"}],"wp:attachment":[{"href":"https:\/\/promatmedical.com\/fr\/wp-json\/wp\/v2\/media?parent=17906"}],"wp:term":[{"taxonomy":"product_brand","embeddable":true,"href":"https:\/\/promatmedical.com\/fr\/wp-json\/wp\/v2\/product_brand?post=17906"},{"taxonomy":"product_cat","embeddable":true,"href":"https:\/\/promatmedical.com\/fr\/wp-json\/wp\/v2\/product_cat?post=17906"},{"taxonomy":"product_tag","embeddable":true,"href":"https:\/\/promatmedical.com\/fr\/wp-json\/wp\/v2\/product_tag?post=17906"}],"curies":[{"name":"wp","href":"https:\/\/api.w.org\/{rel}","templated":true}]}}