{"id":32551,"date":"2025-03-21T10:17:00","date_gmt":"2025-03-21T09:17:00","guid":{"rendered":"https:\/\/promatmedical.com\/bj\/produit\/fauteuil-elite-dossier-haut-skai-autre-couleur\/"},"modified":"2025-03-21T10:17:00","modified_gmt":"2025-03-21T09:17:00","slug":"fauteuil-elite-dossier-haut-skai-autre-couleur","status":"publish","type":"product","link":"https:\/\/promatmedical.com\/fr\/produit\/fauteuil-elite-dossier-haut-skai-autre-couleur\/","title":{"rendered":"Fauteuil elite dossier haut &#8211; skai &#8211; autre couleur"},"content":{"rendered":"<p>Fauteuil direction \u00e0 dossiers haut.<br \/>\nBase et accoudoirs en acier et chrome.<br \/>\nHauteur r\u00e9glable par piston \u00e0 gaz.<\/p>\n<p>Autre couleur disponible sous 30 jours. Commande min. 4 pi\u00e8ces.<\/p>\n<p>Made in Italy.<\/p>\n","protected":false},"excerpt":{"rendered":"<p>Fauteuil direction \u00e0 dossiers haut. Base et accoudoirs en acier et chrome. Hauteur r\u00e9glable par piston \u00e0 gaz. Autre couleur disponible sous 30 jours. Commande min. 4 pi\u00e8ces. Made in Italy.<\/p>\n","protected":false},"featured_media":32550,"comment_status":"open","ping_status":"closed","template":"","meta":[],"product_brand":[],"product_cat":[166],"product_tag":[],"class_list":{"0":"post-32551","1":"product","2":"type-product","3":"status-publish","4":"has-post-thumbnail","6":"product_cat-equipements-medicaux-et-chirurgicaux","8":"first","9":"instock","10":"taxable","11":"shipping-taxable","12":"purchasable","13":"product-type-simple"},"_links":{"self":[{"href":"https:\/\/promatmedical.com\/fr\/wp-json\/wp\/v2\/product\/32551","targetHints":{"allow":["GET"]}}],"collection":[{"href":"https:\/\/promatmedical.com\/fr\/wp-json\/wp\/v2\/product"}],"about":[{"href":"https:\/\/promatmedical.com\/fr\/wp-json\/wp\/v2\/types\/product"}],"replies":[{"embeddable":true,"href":"https:\/\/promatmedical.com\/fr\/wp-json\/wp\/v2\/comments?post=32551"}],"wp:featuredmedia":[{"embeddable":true,"href":"https:\/\/promatmedical.com\/fr\/wp-json\/wp\/v2\/media\/32550"}],"wp:attachment":[{"href":"https:\/\/promatmedical.com\/fr\/wp-json\/wp\/v2\/media?parent=32551"}],"wp:term":[{"taxonomy":"product_brand","embeddable":true,"href":"https:\/\/promatmedical.com\/fr\/wp-json\/wp\/v2\/product_brand?post=32551"},{"taxonomy":"product_cat","embeddable":true,"href":"https:\/\/promatmedical.com\/fr\/wp-json\/wp\/v2\/product_cat?post=32551"},{"taxonomy":"product_tag","embeddable":true,"href":"https:\/\/promatmedical.com\/fr\/wp-json\/wp\/v2\/product_tag?post=32551"}],"curies":[{"name":"wp","href":"https:\/\/api.w.org\/{rel}","templated":true}]}}