{"id":32556,"date":"2025-03-21T10:17:21","date_gmt":"2025-03-21T09:17:21","guid":{"rendered":"https:\/\/promatmedical.com\/bj\/produit\/fauteuil-elevateur-arianna-1-moteur-bleu\/"},"modified":"2025-03-21T10:17:21","modified_gmt":"2025-03-21T09:17:21","slug":"fauteuil-elevateur-arianna-1-moteur-bleu","status":"publish","type":"product","link":"https:\/\/promatmedical.com\/fr\/produit\/fauteuil-elevateur-arianna-1-moteur-bleu\/","title":{"rendered":"Fauteuil \u00e9l\u00e9vateur arianna 1 moteur &#8211; bleu"},"content":{"rendered":"<p>FAUTEUILS \u00c9L\u00c9VATEURS ARIANNA \u00e0 1 moteur<br \/>\nFauteuil \u00e9l\u00e9vateur \u00e0 1 moteur: le dossier et le repose-jambes peuvent \u00eatre soulev\u00e9s ou inclin\u00e9s ensemble.<\/p>\n<p>\u2022 Couleur: bleu<br \/>\n\u2022 1 moteur<br \/>\n\u2022 Ignifuge: NON<br \/>\n\u2022 Repose-jambes: standard<\/p>\n<p>Fauteuils \u00e9l\u00e9vateurs avec syst\u00e8me de soul\u00e8vement \u00e9lectrique qui permet de soulever le fauteuil de sa base pour aider l\u2019utilisateur \u00e0 se mettre debout.<\/p>\n<p>Alimentation: 100-240 V &#8211; 50\/60 Hz.<\/p>\n<p>Mode d\u2019emploi multilingue: GB, FR, IT, ES.<\/p>\n","protected":false},"excerpt":{"rendered":"<p>FAUTEUILS \u00c9L\u00c9VATEURS ARIANNA \u00e0 1 moteur Fauteuil \u00e9l\u00e9vateur \u00e0 1 moteur: le dossier et le repose-jambes peuvent \u00eatre soulev\u00e9s ou inclin\u00e9s ensemble. \u2022 Couleur: bleu \u2022 1 moteur \u2022 Ignifuge: NON \u2022 Repose-jambes: standard Fauteuils \u00e9l\u00e9vateurs avec syst\u00e8me de soul\u00e8vement \u00e9lectrique qui permet de soulever le fauteuil de sa base pour aider l\u2019utilisateur \u00e0 se [&hellip;]<\/p>\n","protected":false},"featured_media":32555,"comment_status":"open","ping_status":"closed","template":"","meta":[],"product_brand":[],"product_cat":[166],"product_tag":[],"class_list":{"0":"post-32556","1":"product","2":"type-product","3":"status-publish","4":"has-post-thumbnail","6":"product_cat-equipements-medicaux-et-chirurgicaux","8":"first","9":"instock","10":"taxable","11":"shipping-taxable","12":"purchasable","13":"product-type-simple"},"_links":{"self":[{"href":"https:\/\/promatmedical.com\/fr\/wp-json\/wp\/v2\/product\/32556","targetHints":{"allow":["GET"]}}],"collection":[{"href":"https:\/\/promatmedical.com\/fr\/wp-json\/wp\/v2\/product"}],"about":[{"href":"https:\/\/promatmedical.com\/fr\/wp-json\/wp\/v2\/types\/product"}],"replies":[{"embeddable":true,"href":"https:\/\/promatmedical.com\/fr\/wp-json\/wp\/v2\/comments?post=32556"}],"wp:featuredmedia":[{"embeddable":true,"href":"https:\/\/promatmedical.com\/fr\/wp-json\/wp\/v2\/media\/32555"}],"wp:attachment":[{"href":"https:\/\/promatmedical.com\/fr\/wp-json\/wp\/v2\/media?parent=32556"}],"wp:term":[{"taxonomy":"product_brand","embeddable":true,"href":"https:\/\/promatmedical.com\/fr\/wp-json\/wp\/v2\/product_brand?post=32556"},{"taxonomy":"product_cat","embeddable":true,"href":"https:\/\/promatmedical.com\/fr\/wp-json\/wp\/v2\/product_cat?post=32556"},{"taxonomy":"product_tag","embeddable":true,"href":"https:\/\/promatmedical.com\/fr\/wp-json\/wp\/v2\/product_tag?post=32556"}],"curies":[{"name":"wp","href":"https:\/\/api.w.org\/{rel}","templated":true}]}}