{"id":32572,"date":"2025-03-21T10:18:18","date_gmt":"2025-03-21T09:18:18","guid":{"rendered":"https:\/\/promatmedical.com\/bj\/produit\/fauteuil-elevateur-ginevra-2-moteurs-vert\/"},"modified":"2025-03-21T10:18:18","modified_gmt":"2025-03-21T09:18:18","slug":"fauteuil-elevateur-ginevra-2-moteurs-vert","status":"publish","type":"product","link":"https:\/\/promatmedical.com\/fr\/produit\/fauteuil-elevateur-ginevra-2-moteurs-vert\/","title":{"rendered":"Fauteuil \u00e9l\u00e9vateur ginevra 2 moteurs &#8211; vert"},"content":{"rendered":"<p>FAUTEUILS \u00c9L\u00c9VATEURS GINEVRA \u00e0 2 moteurs<br \/>\nFauteuil \u00e9l\u00e9vateur 2 moteurs avec repose-jambes soulevable standard\/extra: On peut obtenir une position compl\u00e8tement allong\u00e9e pour une exp\u00e9rience de repos total. Le dossier et le repose-jambes peuvent bouger ind\u00e9pendamment l\u2019un de l\u2019autre. Le repose-jambes extra permet un soul\u00e8vement de 8 cm par rapport \u00e0 la position plate.<\/p>\n<p>\u2022 Couleur: vert<br \/>\n\u2022 2 moteurs<br \/>\n\u2022 Ignifuge: NON<br \/>\n\u2022 Repose-jambes: standard<\/p>\n<p>Fauteuils \u00e9l\u00e9vateurs avec syst\u00e8me de soul\u00e8vement \u00e9lectrique qui permet de soulever le fauteuil de sa base pour aider l\u2019utilisateur \u00e0 se mettre debout.<\/p>\n<p>Alimentation: 100-240 V &#8211; 50\/60 Hz.<\/p>\n<p>Mode d\u2019emploi multilingue: GB, FR, IT, ES.<\/p>\n","protected":false},"excerpt":{"rendered":"<p>FAUTEUILS \u00c9L\u00c9VATEURS GINEVRA \u00e0 2 moteurs Fauteuil \u00e9l\u00e9vateur 2 moteurs avec repose-jambes soulevable standard\/extra: On peut obtenir une position compl\u00e8tement allong\u00e9e pour une exp\u00e9rience de repos total. Le dossier et le repose-jambes peuvent bouger ind\u00e9pendamment l\u2019un de l\u2019autre. Le repose-jambes extra permet un soul\u00e8vement de 8 cm par rapport \u00e0 la position plate. \u2022 Couleur: [&hellip;]<\/p>\n","protected":false},"featured_media":32571,"comment_status":"open","ping_status":"closed","template":"","meta":[],"product_brand":[],"product_cat":[166],"product_tag":[],"class_list":{"0":"post-32572","1":"product","2":"type-product","3":"status-publish","4":"has-post-thumbnail","6":"product_cat-equipements-medicaux-et-chirurgicaux","8":"first","9":"instock","10":"taxable","11":"shipping-taxable","12":"purchasable","13":"product-type-simple"},"_links":{"self":[{"href":"https:\/\/promatmedical.com\/fr\/wp-json\/wp\/v2\/product\/32572","targetHints":{"allow":["GET"]}}],"collection":[{"href":"https:\/\/promatmedical.com\/fr\/wp-json\/wp\/v2\/product"}],"about":[{"href":"https:\/\/promatmedical.com\/fr\/wp-json\/wp\/v2\/types\/product"}],"replies":[{"embeddable":true,"href":"https:\/\/promatmedical.com\/fr\/wp-json\/wp\/v2\/comments?post=32572"}],"wp:featuredmedia":[{"embeddable":true,"href":"https:\/\/promatmedical.com\/fr\/wp-json\/wp\/v2\/media\/32571"}],"wp:attachment":[{"href":"https:\/\/promatmedical.com\/fr\/wp-json\/wp\/v2\/media?parent=32572"}],"wp:term":[{"taxonomy":"product_brand","embeddable":true,"href":"https:\/\/promatmedical.com\/fr\/wp-json\/wp\/v2\/product_brand?post=32572"},{"taxonomy":"product_cat","embeddable":true,"href":"https:\/\/promatmedical.com\/fr\/wp-json\/wp\/v2\/product_cat?post=32572"},{"taxonomy":"product_tag","embeddable":true,"href":"https:\/\/promatmedical.com\/fr\/wp-json\/wp\/v2\/product_tag?post=32572"}],"curies":[{"name":"wp","href":"https:\/\/api.w.org\/{rel}","templated":true}]}}