{"id":32652,"date":"2025-03-21T10:23:20","date_gmt":"2025-03-21T09:23:20","guid":{"rendered":"https:\/\/promatmedical.com\/bj\/produit\/armoire-murale-multifonctions-standard-blanche\/"},"modified":"2025-03-21T10:23:20","modified_gmt":"2025-03-21T09:23:20","slug":"armoire-murale-multifonctions-standard-blanche","status":"publish","type":"product","link":"https:\/\/promatmedical.com\/fr\/produit\/armoire-murale-multifonctions-standard-blanche\/","title":{"rendered":"Armoire murale multifonctions &#8211; standard &#8211; blanche"},"content":{"rendered":"<p>ARMOIRE MURALE MULTIFONCTIONS &#8211; TAILLE STANDARD<\/p>\n<p>Couleur: blanc<br \/>\nDimensions: 103 x 20 x h 40 cm<\/p>\n<p>Armoire murale multifonctions pour organiser les produits jetables.<br \/>\nLes composants et les fentes sont modulables et peuvent \u00eatre organis\u00e9s selon les besoins de l\u2019utilisateur.<br \/>\nPorte en m\u00e9tal peint-\u00e0-poudre, avec rev\u00eatement en zinc et ouverture verticale.<br \/>\nAvec distributeur automatique de savon, distributeur de gobelets et 5 fentes.<\/p>\n","protected":false},"excerpt":{"rendered":"<p>ARMOIRE MURALE MULTIFONCTIONS &#8211; TAILLE STANDARD Couleur: blanc Dimensions: 103 x 20 x h 40 cm Armoire murale multifonctions pour organiser les produits jetables. Les composants et les fentes sont modulables et peuvent \u00eatre organis\u00e9s selon les besoins de l\u2019utilisateur. Porte en m\u00e9tal peint-\u00e0-poudre, avec rev\u00eatement en zinc et ouverture verticale. Avec distributeur automatique de [&hellip;]<\/p>\n","protected":false},"featured_media":32651,"comment_status":"open","ping_status":"closed","template":"","meta":[],"product_brand":[],"product_cat":[166],"product_tag":[],"class_list":{"0":"post-32652","1":"product","2":"type-product","3":"status-publish","4":"has-post-thumbnail","6":"product_cat-equipements-medicaux-et-chirurgicaux","8":"first","9":"instock","10":"taxable","11":"shipping-taxable","12":"purchasable","13":"product-type-simple"},"_links":{"self":[{"href":"https:\/\/promatmedical.com\/fr\/wp-json\/wp\/v2\/product\/32652","targetHints":{"allow":["GET"]}}],"collection":[{"href":"https:\/\/promatmedical.com\/fr\/wp-json\/wp\/v2\/product"}],"about":[{"href":"https:\/\/promatmedical.com\/fr\/wp-json\/wp\/v2\/types\/product"}],"replies":[{"embeddable":true,"href":"https:\/\/promatmedical.com\/fr\/wp-json\/wp\/v2\/comments?post=32652"}],"wp:featuredmedia":[{"embeddable":true,"href":"https:\/\/promatmedical.com\/fr\/wp-json\/wp\/v2\/media\/32651"}],"wp:attachment":[{"href":"https:\/\/promatmedical.com\/fr\/wp-json\/wp\/v2\/media?parent=32652"}],"wp:term":[{"taxonomy":"product_brand","embeddable":true,"href":"https:\/\/promatmedical.com\/fr\/wp-json\/wp\/v2\/product_brand?post=32652"},{"taxonomy":"product_cat","embeddable":true,"href":"https:\/\/promatmedical.com\/fr\/wp-json\/wp\/v2\/product_cat?post=32652"},{"taxonomy":"product_tag","embeddable":true,"href":"https:\/\/promatmedical.com\/fr\/wp-json\/wp\/v2\/product_tag?post=32652"}],"curies":[{"name":"wp","href":"https:\/\/api.w.org\/{rel}","templated":true}]}}