{"id":32701,"date":"2025-03-21T10:25:52","date_gmt":"2025-03-21T09:25:52","guid":{"rendered":"https:\/\/promatmedical.com\/bj\/produit\/bras-extensible-sans-rideau\/"},"modified":"2025-03-21T10:25:52","modified_gmt":"2025-03-21T09:25:52","slug":"bras-extensible-sans-rideau","status":"publish","type":"product","link":"https:\/\/promatmedical.com\/fr\/produit\/bras-extensible-sans-rideau\/","title":{"rendered":"Bras extensible &#8211; sans rideau"},"content":{"rendered":"<p>Rideaux \u00e0 bras oscillants &#8211; Bras orientable (sans rideaux).<\/p>\n<p>Syst\u00e8me de rideaux \u00e0 bras oscillants orientable horizontalement (180\u00b0).<br \/>\nExtension des bras tubulaires: 210 cm ouvert, 88 cm ferm\u00e9.<br \/>\nLes anneaux permettent au rideau de glisser facilement.<\/p>\n","protected":false},"excerpt":{"rendered":"<p>Rideaux \u00e0 bras oscillants &#8211; Bras orientable (sans rideaux). Syst\u00e8me de rideaux \u00e0 bras oscillants orientable horizontalement (180\u00b0). Extension des bras tubulaires: 210 cm ouvert, 88 cm ferm\u00e9. Les anneaux permettent au rideau de glisser facilement.<\/p>\n","protected":false},"featured_media":32700,"comment_status":"open","ping_status":"closed","template":"","meta":[],"product_brand":[],"product_cat":[166],"product_tag":[],"class_list":{"0":"post-32701","1":"product","2":"type-product","3":"status-publish","4":"has-post-thumbnail","6":"product_cat-equipements-medicaux-et-chirurgicaux","8":"first","9":"instock","10":"taxable","11":"shipping-taxable","12":"purchasable","13":"product-type-simple"},"_links":{"self":[{"href":"https:\/\/promatmedical.com\/fr\/wp-json\/wp\/v2\/product\/32701","targetHints":{"allow":["GET"]}}],"collection":[{"href":"https:\/\/promatmedical.com\/fr\/wp-json\/wp\/v2\/product"}],"about":[{"href":"https:\/\/promatmedical.com\/fr\/wp-json\/wp\/v2\/types\/product"}],"replies":[{"embeddable":true,"href":"https:\/\/promatmedical.com\/fr\/wp-json\/wp\/v2\/comments?post=32701"}],"wp:featuredmedia":[{"embeddable":true,"href":"https:\/\/promatmedical.com\/fr\/wp-json\/wp\/v2\/media\/32700"}],"wp:attachment":[{"href":"https:\/\/promatmedical.com\/fr\/wp-json\/wp\/v2\/media?parent=32701"}],"wp:term":[{"taxonomy":"product_brand","embeddable":true,"href":"https:\/\/promatmedical.com\/fr\/wp-json\/wp\/v2\/product_brand?post=32701"},{"taxonomy":"product_cat","embeddable":true,"href":"https:\/\/promatmedical.com\/fr\/wp-json\/wp\/v2\/product_cat?post=32701"},{"taxonomy":"product_tag","embeddable":true,"href":"https:\/\/promatmedical.com\/fr\/wp-json\/wp\/v2\/product_tag?post=32701"}],"curies":[{"name":"wp","href":"https:\/\/api.w.org\/{rel}","templated":true}]}}