{"id":32705,"date":"2025-03-21T10:26:05","date_gmt":"2025-03-21T09:26:05","guid":{"rendered":"https:\/\/promatmedical.com\/bj\/produit\/chariot-pour-1-rideau-pliable-sans-rideau\/"},"modified":"2025-03-21T10:26:05","modified_gmt":"2025-03-21T09:26:05","slug":"chariot-pour-1-rideau-pliable-sans-rideau","status":"publish","type":"product","link":"https:\/\/promatmedical.com\/fr\/produit\/chariot-pour-1-rideau-pliable-sans-rideau\/","title":{"rendered":"Chariot pour 1 rideau &#8211; pliable &#8211; sans rideau"},"content":{"rendered":"<p>Chariot \u00e0 rideaux &#8211; 1 rideau (sans rideaux).<\/p>\n<p>Chariot en acier inox AISI 304 avec 4 roulettes rotatives (2 blocables).<br \/>\nPermet l\u2019utilisation d\u2019un rideau 225 x h 145 cm.<br \/>\nPeut \u00eatre pli\u00e9 \u00e0 90\u00b0 vers le bas lorsqu\u2019il n\u2019est pas utilis\u00e9 tout en laissant le rideau attach\u00e9.<\/p>\n","protected":false},"excerpt":{"rendered":"<p>Chariot \u00e0 rideaux &#8211; 1 rideau (sans rideaux). Chariot en acier inox AISI 304 avec 4 roulettes rotatives (2 blocables). Permet l\u2019utilisation d\u2019un rideau 225 x h 145 cm. Peut \u00eatre pli\u00e9 \u00e0 90\u00b0 vers le bas lorsqu\u2019il n\u2019est pas utilis\u00e9 tout en laissant le rideau attach\u00e9.<\/p>\n","protected":false},"featured_media":32704,"comment_status":"open","ping_status":"closed","template":"","meta":[],"product_brand":[],"product_cat":[166],"product_tag":[],"class_list":{"0":"post-32705","1":"product","2":"type-product","3":"status-publish","4":"has-post-thumbnail","6":"product_cat-equipements-medicaux-et-chirurgicaux","8":"first","9":"instock","10":"taxable","11":"shipping-taxable","12":"purchasable","13":"product-type-simple"},"_links":{"self":[{"href":"https:\/\/promatmedical.com\/fr\/wp-json\/wp\/v2\/product\/32705","targetHints":{"allow":["GET"]}}],"collection":[{"href":"https:\/\/promatmedical.com\/fr\/wp-json\/wp\/v2\/product"}],"about":[{"href":"https:\/\/promatmedical.com\/fr\/wp-json\/wp\/v2\/types\/product"}],"replies":[{"embeddable":true,"href":"https:\/\/promatmedical.com\/fr\/wp-json\/wp\/v2\/comments?post=32705"}],"wp:featuredmedia":[{"embeddable":true,"href":"https:\/\/promatmedical.com\/fr\/wp-json\/wp\/v2\/media\/32704"}],"wp:attachment":[{"href":"https:\/\/promatmedical.com\/fr\/wp-json\/wp\/v2\/media?parent=32705"}],"wp:term":[{"taxonomy":"product_brand","embeddable":true,"href":"https:\/\/promatmedical.com\/fr\/wp-json\/wp\/v2\/product_brand?post=32705"},{"taxonomy":"product_cat","embeddable":true,"href":"https:\/\/promatmedical.com\/fr\/wp-json\/wp\/v2\/product_cat?post=32705"},{"taxonomy":"product_tag","embeddable":true,"href":"https:\/\/promatmedical.com\/fr\/wp-json\/wp\/v2\/product_tag?post=32705"}],"curies":[{"name":"wp","href":"https:\/\/api.w.org\/{rel}","templated":true}]}}