{"id":32706,"date":"2025-03-21T10:26:13","date_gmt":"2025-03-21T09:26:13","guid":{"rendered":"https:\/\/promatmedical.com\/bj\/produit\/chariot-pour-2-rideaux-pliable-sans-rideau\/"},"modified":"2025-03-21T10:26:13","modified_gmt":"2025-03-21T09:26:13","slug":"chariot-pour-2-rideaux-pliable-sans-rideau","status":"publish","type":"product","link":"https:\/\/promatmedical.com\/fr\/produit\/chariot-pour-2-rideaux-pliable-sans-rideau\/","title":{"rendered":"Chariot pour 2 rideaux &#8211; pliable &#8211; sans rideau"},"content":{"rendered":"<p>Chariot \u00e0 rideaux &#8211; 2 rideaux (sans rideaux).<\/p>\n<p>Chariot en acier inox AISI 304 avec 4 roulettes rotatives (2 blocables).<br \/>\nPermet l\u2019utilisation de deux rideaux (1 long 225 x h 145 cm et 1 court 175 x h 145 cm).<br \/>\nPeut \u00eatre pli\u00e9 \u00e0 90\u00b0 vers le bas lorsqu\u2019il n\u2019est pas utilis\u00e9 tout en laissant les rideaux attach\u00e9s.<\/p>\n","protected":false},"excerpt":{"rendered":"<p>Chariot \u00e0 rideaux &#8211; 2 rideaux (sans rideaux). Chariot en acier inox AISI 304 avec 4 roulettes rotatives (2 blocables). Permet l\u2019utilisation de deux rideaux (1 long 225 x h 145 cm et 1 court 175 x h 145 cm). Peut \u00eatre pli\u00e9 \u00e0 90\u00b0 vers le bas lorsqu\u2019il n\u2019est pas utilis\u00e9 tout en laissant [&hellip;]<\/p>\n","protected":false},"featured_media":32700,"comment_status":"open","ping_status":"closed","template":"","meta":[],"product_brand":[],"product_cat":[166],"product_tag":[],"class_list":{"0":"post-32706","1":"product","2":"type-product","3":"status-publish","4":"has-post-thumbnail","6":"product_cat-equipements-medicaux-et-chirurgicaux","8":"first","9":"instock","10":"taxable","11":"shipping-taxable","12":"purchasable","13":"product-type-simple"},"_links":{"self":[{"href":"https:\/\/promatmedical.com\/fr\/wp-json\/wp\/v2\/product\/32706","targetHints":{"allow":["GET"]}}],"collection":[{"href":"https:\/\/promatmedical.com\/fr\/wp-json\/wp\/v2\/product"}],"about":[{"href":"https:\/\/promatmedical.com\/fr\/wp-json\/wp\/v2\/types\/product"}],"replies":[{"embeddable":true,"href":"https:\/\/promatmedical.com\/fr\/wp-json\/wp\/v2\/comments?post=32706"}],"wp:featuredmedia":[{"embeddable":true,"href":"https:\/\/promatmedical.com\/fr\/wp-json\/wp\/v2\/media\/32700"}],"wp:attachment":[{"href":"https:\/\/promatmedical.com\/fr\/wp-json\/wp\/v2\/media?parent=32706"}],"wp:term":[{"taxonomy":"product_brand","embeddable":true,"href":"https:\/\/promatmedical.com\/fr\/wp-json\/wp\/v2\/product_brand?post=32706"},{"taxonomy":"product_cat","embeddable":true,"href":"https:\/\/promatmedical.com\/fr\/wp-json\/wp\/v2\/product_cat?post=32706"},{"taxonomy":"product_tag","embeddable":true,"href":"https:\/\/promatmedical.com\/fr\/wp-json\/wp\/v2\/product_tag?post=32706"}],"curies":[{"name":"wp","href":"https:\/\/api.w.org\/{rel}","templated":true}]}}