{"id":32744,"date":"2025-03-21T10:28:17","date_gmt":"2025-03-21T09:28:17","guid":{"rendered":"https:\/\/promatmedical.com\/bj\/produit\/rideaux-trevira-pour-paravent-peches\/"},"modified":"2025-03-21T10:28:17","modified_gmt":"2025-03-21T09:28:17","slug":"rideaux-trevira-pour-paravent-peches","status":"publish","type":"product","link":"https:\/\/promatmedical.com\/fr\/produit\/rideaux-trevira-pour-paravent-peches\/","title":{"rendered":"Rideaux tr\u00e9vira pour paravent &#8211; p\u00eaches"},"content":{"rendered":"<p>RIDEAUX EN TR\u00c9VIRA 45 x h 129 cm<\/p>\n<p>Rideaux en Tr\u00e9vira ignifug\u00e9s (classe I), antiallergiques, emp\u00eachant la prolif\u00e9ration bact\u00e9rienne, \u00e9tanches et r\u00e9sistants \u00e0 l\u2019abrasion.<br \/>\nTrame \u00e9paisse pour \u00e9viter les infiltrations de poussi\u00e8re et prot\u00e9ger l\u2019intimit\u00e9, lavables jusqu\u2019\u00e0 60\u00b0C.<br \/>\nDisponibles en 6 couleurs.<br \/>\nRideaux sur mesure disponibles sur demande.<br \/>\nMode d\u2019emploi multilingue: GB, FR, IT.<\/p>\n<p>Made in Italy.<\/p>\n","protected":false},"excerpt":{"rendered":"<p>RIDEAUX EN TR\u00c9VIRA 45 x h 129 cm Rideaux en Tr\u00e9vira ignifug\u00e9s (classe I), antiallergiques, emp\u00eachant la prolif\u00e9ration bact\u00e9rienne, \u00e9tanches et r\u00e9sistants \u00e0 l\u2019abrasion. Trame \u00e9paisse pour \u00e9viter les infiltrations de poussi\u00e8re et prot\u00e9ger l\u2019intimit\u00e9, lavables jusqu\u2019\u00e0 60\u00b0C. Disponibles en 6 couleurs. Rideaux sur mesure disponibles sur demande. Mode d\u2019emploi multilingue: GB, FR, IT. Made [&hellip;]<\/p>\n","protected":false},"featured_media":32743,"comment_status":"open","ping_status":"closed","template":"","meta":[],"product_brand":[],"product_cat":[166],"product_tag":[],"class_list":{"0":"post-32744","1":"product","2":"type-product","3":"status-publish","4":"has-post-thumbnail","6":"product_cat-equipements-medicaux-et-chirurgicaux","8":"first","9":"instock","10":"taxable","11":"shipping-taxable","12":"purchasable","13":"product-type-simple"},"_links":{"self":[{"href":"https:\/\/promatmedical.com\/fr\/wp-json\/wp\/v2\/product\/32744","targetHints":{"allow":["GET"]}}],"collection":[{"href":"https:\/\/promatmedical.com\/fr\/wp-json\/wp\/v2\/product"}],"about":[{"href":"https:\/\/promatmedical.com\/fr\/wp-json\/wp\/v2\/types\/product"}],"replies":[{"embeddable":true,"href":"https:\/\/promatmedical.com\/fr\/wp-json\/wp\/v2\/comments?post=32744"}],"wp:featuredmedia":[{"embeddable":true,"href":"https:\/\/promatmedical.com\/fr\/wp-json\/wp\/v2\/media\/32743"}],"wp:attachment":[{"href":"https:\/\/promatmedical.com\/fr\/wp-json\/wp\/v2\/media?parent=32744"}],"wp:term":[{"taxonomy":"product_brand","embeddable":true,"href":"https:\/\/promatmedical.com\/fr\/wp-json\/wp\/v2\/product_brand?post=32744"},{"taxonomy":"product_cat","embeddable":true,"href":"https:\/\/promatmedical.com\/fr\/wp-json\/wp\/v2\/product_cat?post=32744"},{"taxonomy":"product_tag","embeddable":true,"href":"https:\/\/promatmedical.com\/fr\/wp-json\/wp\/v2\/product_tag?post=32744"}],"curies":[{"name":"wp","href":"https:\/\/api.w.org\/{rel}","templated":true}]}}