{"id":32756,"date":"2025-03-21T10:29:01","date_gmt":"2025-03-21T09:29:01","guid":{"rendered":"https:\/\/promatmedical.com\/bj\/produit\/chariot-de-service-autres-couleurs\/"},"modified":"2025-03-21T10:29:01","modified_gmt":"2025-03-21T09:29:01","slug":"chariot-de-service-autres-couleurs","status":"publish","type":"product","link":"https:\/\/promatmedical.com\/fr\/produit\/chariot-de-service-autres-couleurs\/","title":{"rendered":"Chariot de service &#8211; autres couleurs"},"content":{"rendered":"<p>CHARIOT DE SERVICE &#8211; autres couleurs<br \/>\nDisponible sous 30 jours. Commande minimum: 5 unit\u00e9s.<\/p>\n<p>Structure en acier pratique et robuste peinte \u00e0 la poudre \u00e9poxy. Plateau d\u2019appui en plastique technopolym\u00e8re avec bords, coins arrondis et compartiments pour accessoires. Poign\u00e9e de pouss\u00e9e ergonomique. 3 tiroirs moyens 45,1&#215;48,5xh 15 cm et 1 tiroir grand 45&#215;49,5xh 22,5 cm avec glissement silencieux et bloc de fin de course. Verrouillage central. Pare-chocs p\u00e9rimetrique et 4 roulettes pivotantes antistatiques \u00d8 125 mm, (2 avec frein). Dimensions<br \/>\n60x50xh 100 cm.<\/p>\n<p>Made in Italy.<\/p>\n","protected":false},"excerpt":{"rendered":"<p>CHARIOT DE SERVICE &#8211; autres couleurs Disponible sous 30 jours. Commande minimum: 5 unit\u00e9s. Structure en acier pratique et robuste peinte \u00e0 la poudre \u00e9poxy. Plateau d\u2019appui en plastique technopolym\u00e8re avec bords, coins arrondis et compartiments pour accessoires. Poign\u00e9e de pouss\u00e9e ergonomique. 3 tiroirs moyens 45,1&#215;48,5xh 15 cm et 1 tiroir grand 45&#215;49,5xh 22,5 cm [&hellip;]<\/p>\n","protected":false},"featured_media":32755,"comment_status":"open","ping_status":"closed","template":"","meta":[],"product_brand":[],"product_cat":[166],"product_tag":[],"class_list":{"0":"post-32756","1":"product","2":"type-product","3":"status-publish","4":"has-post-thumbnail","6":"product_cat-equipements-medicaux-et-chirurgicaux","8":"first","9":"instock","10":"taxable","11":"shipping-taxable","12":"purchasable","13":"product-type-simple"},"_links":{"self":[{"href":"https:\/\/promatmedical.com\/fr\/wp-json\/wp\/v2\/product\/32756","targetHints":{"allow":["GET"]}}],"collection":[{"href":"https:\/\/promatmedical.com\/fr\/wp-json\/wp\/v2\/product"}],"about":[{"href":"https:\/\/promatmedical.com\/fr\/wp-json\/wp\/v2\/types\/product"}],"replies":[{"embeddable":true,"href":"https:\/\/promatmedical.com\/fr\/wp-json\/wp\/v2\/comments?post=32756"}],"wp:featuredmedia":[{"embeddable":true,"href":"https:\/\/promatmedical.com\/fr\/wp-json\/wp\/v2\/media\/32755"}],"wp:attachment":[{"href":"https:\/\/promatmedical.com\/fr\/wp-json\/wp\/v2\/media?parent=32756"}],"wp:term":[{"taxonomy":"product_brand","embeddable":true,"href":"https:\/\/promatmedical.com\/fr\/wp-json\/wp\/v2\/product_brand?post=32756"},{"taxonomy":"product_cat","embeddable":true,"href":"https:\/\/promatmedical.com\/fr\/wp-json\/wp\/v2\/product_cat?post=32756"},{"taxonomy":"product_tag","embeddable":true,"href":"https:\/\/promatmedical.com\/fr\/wp-json\/wp\/v2\/product_tag?post=32756"}],"curies":[{"name":"wp","href":"https:\/\/api.w.org\/{rel}","templated":true}]}}