{"id":32787,"date":"2025-03-21T10:30:37","date_gmt":"2025-03-21T09:30:37","guid":{"rendered":"https:\/\/promatmedical.com\/bj\/produit\/kart-personnalise\/"},"modified":"2025-03-21T10:30:37","modified_gmt":"2025-03-21T09:30:37","slug":"kart-personnalise","status":"publish","type":"product","link":"https:\/\/promatmedical.com\/fr\/produit\/kart-personnalise\/","title":{"rendered":"Kart personnalis\u00e9"},"content":{"rendered":"<p>KART PERSONNALIS\u00c9: CR\u00c9EZ VOTRE CHARIOT EN S\u00c9LECTIONNANT LA COULEUR, LES TIROIRS ET LE MOD\u00c8LE &#8211; disponible sous 45 jours<\/p>\n<p>Chariots multifonctions et d\u2019urgence en aluminium de qualit\u00e9 sup\u00e9rieure aux fonctionnalit\u00e9s incomparables.<br \/>\n&#8211; plan de travail en copolym\u00e8re \u00e0 r\u00e9sistance \u00e9lev\u00e9e avec rebord p\u00e9rim\u00e9tral pour contenir les liquides.<br \/>\n&#8211; structure en profil d\u2019aluminium extrud\u00e9 et surface au traitement antioxydant \u00e0 l\u2019argent pour plus de l\u00e9g\u00e8ret\u00e9, r\u00e9sistance et fiabilit\u00e9.<br \/>\n&#8211; poign\u00e9es ergonomiques en acier inox int\u00e9gr\u00e9es des 2 c\u00f4t\u00e9s pour une manoeuvrabilit\u00e9 optimale<br \/>\n&#8211; structure des tiroirs en t\u00f4le d\u2019acier et rev\u00eatement \u00e9poxy.<br \/>\n&#8211; tiroirs \u00e0 ouverture totale sur glissi\u00e8res \u00e0 roulement \u00e0 bille<br \/>\n&#8211; tiroirs interchangeables<br \/>\n&#8211; poign\u00e9es tiroirs en aluminium avec syst\u00e8me \u201caccroche\/d\u00e9croche\u201d pour pr\u00e9venir l\u2019ouverture accidentelle des tiroirs<br \/>\n&#8211; charge maximale des tiroirs: 20 kg (35 kg par tiroir h-200-283 mm)<br \/>\n&#8211; fermeture centralis\u00e9e avec serrure \u00e0 l\u2019avant ou cachet jetable (uniq. pour chariots d\u2019urgences)<br \/>\n&#8211; 6 poches lat\u00e9rales int\u00e9gr\u00e9es (3+3) pour flacons ou petits objets<br \/>\n&#8211; roues pivotantes \u00d8125 mm (deux avec freins) en caoutchouc thermoplastique avec pare-fi ls, moyeu sur roulement \u00e0 billes de pr\u00e9cision<\/p>\n<p>Couleurs disponibles:<br \/>\n\u2022 Rouge RAL 3020<br \/>\n\u2022 Orange RAL 2004<br \/>\n\u2022 Turquoise RAL 5018<br \/>\n\u2022 Bleu RAL 5010<br \/>\n\u2022 Bleu clair RAL5012<br \/>\n\u2022 Vert RAL6018<br \/>\n\u2022 Jaune RAL1021<\/p>\n<p>Choisissez vos tiroirs en consid\u00e9rant l\u2019interchangeabilit\u00e9.<br \/>\nLa somme des tiroirs doit \u00eatre 10\/10:<br \/>\n\u2022 petit = 1\/10<br \/>\n\u2022 moyen = 2\/10<br \/>\n\u2022 grand = 3\/10<br \/>\n\u2022 classeur = 4\/10<\/p>\n","protected":false},"excerpt":{"rendered":"<p>KART PERSONNALIS\u00c9: CR\u00c9EZ VOTRE CHARIOT EN S\u00c9LECTIONNANT LA COULEUR, LES TIROIRS ET LE MOD\u00c8LE &#8211; disponible sous 45 jours Chariots multifonctions et d\u2019urgence en aluminium de qualit\u00e9 sup\u00e9rieure aux fonctionnalit\u00e9s incomparables. &#8211; plan de travail en copolym\u00e8re \u00e0 r\u00e9sistance \u00e9lev\u00e9e avec rebord p\u00e9rim\u00e9tral pour contenir les liquides. &#8211; structure en profil d\u2019aluminium extrud\u00e9 et surface [&hellip;]<\/p>\n","protected":false},"featured_media":18466,"comment_status":"open","ping_status":"closed","template":"","meta":[],"product_brand":[],"product_cat":[166],"product_tag":[],"class_list":{"0":"post-32787","1":"product","2":"type-product","3":"status-publish","4":"has-post-thumbnail","6":"product_cat-equipements-medicaux-et-chirurgicaux","8":"first","9":"instock","10":"taxable","11":"shipping-taxable","12":"purchasable","13":"product-type-simple"},"_links":{"self":[{"href":"https:\/\/promatmedical.com\/fr\/wp-json\/wp\/v2\/product\/32787","targetHints":{"allow":["GET"]}}],"collection":[{"href":"https:\/\/promatmedical.com\/fr\/wp-json\/wp\/v2\/product"}],"about":[{"href":"https:\/\/promatmedical.com\/fr\/wp-json\/wp\/v2\/types\/product"}],"replies":[{"embeddable":true,"href":"https:\/\/promatmedical.com\/fr\/wp-json\/wp\/v2\/comments?post=32787"}],"wp:featuredmedia":[{"embeddable":true,"href":"https:\/\/promatmedical.com\/fr\/wp-json\/wp\/v2\/media\/18466"}],"wp:attachment":[{"href":"https:\/\/promatmedical.com\/fr\/wp-json\/wp\/v2\/media?parent=32787"}],"wp:term":[{"taxonomy":"product_brand","embeddable":true,"href":"https:\/\/promatmedical.com\/fr\/wp-json\/wp\/v2\/product_brand?post=32787"},{"taxonomy":"product_cat","embeddable":true,"href":"https:\/\/promatmedical.com\/fr\/wp-json\/wp\/v2\/product_cat?post=32787"},{"taxonomy":"product_tag","embeddable":true,"href":"https:\/\/promatmedical.com\/fr\/wp-json\/wp\/v2\/product_tag?post=32787"}],"curies":[{"name":"wp","href":"https:\/\/api.w.org\/{rel}","templated":true}]}}