{"id":32795,"date":"2025-03-21T10:31:03","date_gmt":"2025-03-21T09:31:03","guid":{"rendered":"https:\/\/promatmedical.com\/bj\/produit\/tiroirs-superieurs-pour-45660\/"},"modified":"2025-03-21T10:31:03","modified_gmt":"2025-03-21T09:31:03","slug":"tiroirs-superieurs-pour-45660","status":"publish","type":"product","link":"https:\/\/promatmedical.com\/fr\/produit\/tiroirs-superieurs-pour-45660\/","title":{"rendered":"Tiroirs sup\u00e9rieurs pour 45660"},"content":{"rendered":"<p>\u00c9tag\u00e8re sup\u00e9rieure \u00e0 14 tiroirs (9 + 5)<\/p>\n<p>Couleur: bleu<\/p>\n<p>Accessoire pour chariot multifonctions code 45660<\/p>\n","protected":false},"excerpt":{"rendered":"<p>\u00c9tag\u00e8re sup\u00e9rieure \u00e0 14 tiroirs (9 + 5) Couleur: bleu Accessoire pour chariot multifonctions code 45660<\/p>\n","protected":false},"featured_media":32794,"comment_status":"open","ping_status":"closed","template":"","meta":[],"product_brand":[],"product_cat":[166],"product_tag":[],"class_list":{"0":"post-32795","1":"product","2":"type-product","3":"status-publish","4":"has-post-thumbnail","6":"product_cat-equipements-medicaux-et-chirurgicaux","8":"first","9":"instock","10":"taxable","11":"shipping-taxable","12":"purchasable","13":"product-type-simple"},"_links":{"self":[{"href":"https:\/\/promatmedical.com\/fr\/wp-json\/wp\/v2\/product\/32795","targetHints":{"allow":["GET"]}}],"collection":[{"href":"https:\/\/promatmedical.com\/fr\/wp-json\/wp\/v2\/product"}],"about":[{"href":"https:\/\/promatmedical.com\/fr\/wp-json\/wp\/v2\/types\/product"}],"replies":[{"embeddable":true,"href":"https:\/\/promatmedical.com\/fr\/wp-json\/wp\/v2\/comments?post=32795"}],"wp:featuredmedia":[{"embeddable":true,"href":"https:\/\/promatmedical.com\/fr\/wp-json\/wp\/v2\/media\/32794"}],"wp:attachment":[{"href":"https:\/\/promatmedical.com\/fr\/wp-json\/wp\/v2\/media?parent=32795"}],"wp:term":[{"taxonomy":"product_brand","embeddable":true,"href":"https:\/\/promatmedical.com\/fr\/wp-json\/wp\/v2\/product_brand?post=32795"},{"taxonomy":"product_cat","embeddable":true,"href":"https:\/\/promatmedical.com\/fr\/wp-json\/wp\/v2\/product_cat?post=32795"},{"taxonomy":"product_tag","embeddable":true,"href":"https:\/\/promatmedical.com\/fr\/wp-json\/wp\/v2\/product_tag?post=32795"}],"curies":[{"name":"wp","href":"https:\/\/api.w.org\/{rel}","templated":true}]}}