{"id":32830,"date":"2025-03-21T10:33:15","date_gmt":"2025-03-21T09:33:15","guid":{"rendered":"https:\/\/promatmedical.com\/bj\/produit\/chariot-ks-durgence-standard\/"},"modified":"2025-03-21T10:33:15","modified_gmt":"2025-03-21T09:33:15","slug":"chariot-ks-durgence-standard","status":"publish","type":"product","link":"https:\/\/promatmedical.com\/fr\/produit\/chariot-ks-durgence-standard\/","title":{"rendered":"Chariot ks d\u2019urgence &#8211; standard"},"content":{"rendered":"<p>CHARIOT D\u2019URGENCE &#8211; standard<br \/>\nLivr\u00e9 avec support tournant pour d\u00e9fibrillateur\/moniteur et potence \u00e0 s\u00e9rum r\u00e9glable avec 2 crochets.<\/p>\n<p>&#8211; Peinture \u00e9poxy anti-microbes et serrure \u00e0 sceau<br \/>\n&#8211; Tablette sup\u00e9rieure avec compartiment int\u00e9gr\u00e9 et 4 bords<br \/>\n&#8211; Tiroirs sur rails avec roulement \u00e0 billes et but\u00e9e d\u2019arr\u00eat<br \/>\n&#8211; Poign\u00e9e int\u00e9gr\u00e9e<br \/>\n&#8211; 4 roulettes pivotantes \u00d8 125 mm &#8211; 2 antistatiques avec frein<br \/>\n&#8211; Dimensions: standard 911 x 704 x h 1 075 mm<\/p>\n<p>Made in Italy.<\/p>\n","protected":false},"excerpt":{"rendered":"<p>CHARIOT D\u2019URGENCE &#8211; standard Livr\u00e9 avec support tournant pour d\u00e9fibrillateur\/moniteur et potence \u00e0 s\u00e9rum r\u00e9glable avec 2 crochets. &#8211; Peinture \u00e9poxy anti-microbes et serrure \u00e0 sceau &#8211; Tablette sup\u00e9rieure avec compartiment int\u00e9gr\u00e9 et 4 bords &#8211; Tiroirs sur rails avec roulement \u00e0 billes et but\u00e9e d\u2019arr\u00eat &#8211; Poign\u00e9e int\u00e9gr\u00e9e &#8211; 4 roulettes pivotantes \u00d8 125 [&hellip;]<\/p>\n","protected":false},"featured_media":32829,"comment_status":"open","ping_status":"closed","template":"","meta":[],"product_brand":[],"product_cat":[166],"product_tag":[],"class_list":{"0":"post-32830","1":"product","2":"type-product","3":"status-publish","4":"has-post-thumbnail","6":"product_cat-equipements-medicaux-et-chirurgicaux","8":"first","9":"instock","10":"taxable","11":"shipping-taxable","12":"purchasable","13":"product-type-simple"},"_links":{"self":[{"href":"https:\/\/promatmedical.com\/fr\/wp-json\/wp\/v2\/product\/32830","targetHints":{"allow":["GET"]}}],"collection":[{"href":"https:\/\/promatmedical.com\/fr\/wp-json\/wp\/v2\/product"}],"about":[{"href":"https:\/\/promatmedical.com\/fr\/wp-json\/wp\/v2\/types\/product"}],"replies":[{"embeddable":true,"href":"https:\/\/promatmedical.com\/fr\/wp-json\/wp\/v2\/comments?post=32830"}],"wp:featuredmedia":[{"embeddable":true,"href":"https:\/\/promatmedical.com\/fr\/wp-json\/wp\/v2\/media\/32829"}],"wp:attachment":[{"href":"https:\/\/promatmedical.com\/fr\/wp-json\/wp\/v2\/media?parent=32830"}],"wp:term":[{"taxonomy":"product_brand","embeddable":true,"href":"https:\/\/promatmedical.com\/fr\/wp-json\/wp\/v2\/product_brand?post=32830"},{"taxonomy":"product_cat","embeddable":true,"href":"https:\/\/promatmedical.com\/fr\/wp-json\/wp\/v2\/product_cat?post=32830"},{"taxonomy":"product_tag","embeddable":true,"href":"https:\/\/promatmedical.com\/fr\/wp-json\/wp\/v2\/product_tag?post=32830"}],"curies":[{"name":"wp","href":"https:\/\/api.w.org\/{rel}","templated":true}]}}