{"id":32847,"date":"2025-03-21T10:34:24","date_gmt":"2025-03-21T09:34:24","guid":{"rendered":"https:\/\/promatmedical.com\/bj\/produit\/chariot-multifonctions-standard-blanc-bleu\/"},"modified":"2025-03-21T10:34:24","modified_gmt":"2025-03-21T09:34:24","slug":"chariot-multifonctions-standard-blanc-bleu","status":"publish","type":"product","link":"https:\/\/promatmedical.com\/fr\/produit\/chariot-multifonctions-standard-blanc-bleu\/","title":{"rendered":"Chariot multifonctions &#8211; standard &#8211; blanc\/bleu"},"content":{"rendered":"<p>CHARIOT MULTIFONCTIONS 65x88xh 100 cm<\/p>\n<p>Structure solide et robuste en feuille d\u2019acier peinte avec poudres \u00e9poxy antimicrobiennes et technopolym\u00e8res pour obtenir le maximum de l\u00e9g\u00e8ret\u00e9, manoeuvrabilit\u00e9 et facilit\u00e9 d\u2019utilisation.<br \/>\nPartie sup\u00e9rieure: large surface d\u2019appui en PST avec poign\u00e9e de pouss\u00e9e ergonomique int\u00e9gr\u00e9e, pourvue de m\u00e9canisme central pour bloquer et d\u00e9bloquer les freins des roues.<br \/>\nPartie frontale: plan de travail r\u00e9tractable avec ouverture par pouss\u00e9e et traction.<br \/>\n4 tiroirs modulaires avec fermeture automatique souple, roulements \u00e0 billes et serrure centrale avec cl\u00e9.<br \/>\nTiroirs en acier peint.<\/p>\n<p>C\u00f4t\u00e9 gauche: compartiment encastr\u00e9 et plan de travail r\u00e9tractable en technopolym\u00e8re; poubelle de 10 l avec ouverture au genou et support pour cath\u00e9ters en technopolym\u00e8re.<br \/>\nC\u00f4t\u00e9 droit: compartiment encastr\u00e9 avec 3 poches basculantes en technopolym\u00e8re.<br \/>\n4 roulettes doubles \u00d8 100 avec syst\u00e8me de blocage automatique.<\/p>\n<p>Made in Italy.<\/p>\n","protected":false},"excerpt":{"rendered":"<p>CHARIOT MULTIFONCTIONS 65x88xh 100 cm Structure solide et robuste en feuille d\u2019acier peinte avec poudres \u00e9poxy antimicrobiennes et technopolym\u00e8res pour obtenir le maximum de l\u00e9g\u00e8ret\u00e9, manoeuvrabilit\u00e9 et facilit\u00e9 d\u2019utilisation. Partie sup\u00e9rieure: large surface d\u2019appui en PST avec poign\u00e9e de pouss\u00e9e ergonomique int\u00e9gr\u00e9e, pourvue de m\u00e9canisme central pour bloquer et d\u00e9bloquer les freins des roues. Partie [&hellip;]<\/p>\n","protected":false},"featured_media":32846,"comment_status":"open","ping_status":"closed","template":"","meta":[],"product_brand":[],"product_cat":[166],"product_tag":[],"class_list":{"0":"post-32847","1":"product","2":"type-product","3":"status-publish","4":"has-post-thumbnail","6":"product_cat-equipements-medicaux-et-chirurgicaux","8":"first","9":"instock","10":"taxable","11":"shipping-taxable","12":"purchasable","13":"product-type-simple"},"_links":{"self":[{"href":"https:\/\/promatmedical.com\/fr\/wp-json\/wp\/v2\/product\/32847","targetHints":{"allow":["GET"]}}],"collection":[{"href":"https:\/\/promatmedical.com\/fr\/wp-json\/wp\/v2\/product"}],"about":[{"href":"https:\/\/promatmedical.com\/fr\/wp-json\/wp\/v2\/types\/product"}],"replies":[{"embeddable":true,"href":"https:\/\/promatmedical.com\/fr\/wp-json\/wp\/v2\/comments?post=32847"}],"wp:featuredmedia":[{"embeddable":true,"href":"https:\/\/promatmedical.com\/fr\/wp-json\/wp\/v2\/media\/32846"}],"wp:attachment":[{"href":"https:\/\/promatmedical.com\/fr\/wp-json\/wp\/v2\/media?parent=32847"}],"wp:term":[{"taxonomy":"product_brand","embeddable":true,"href":"https:\/\/promatmedical.com\/fr\/wp-json\/wp\/v2\/product_brand?post=32847"},{"taxonomy":"product_cat","embeddable":true,"href":"https:\/\/promatmedical.com\/fr\/wp-json\/wp\/v2\/product_cat?post=32847"},{"taxonomy":"product_tag","embeddable":true,"href":"https:\/\/promatmedical.com\/fr\/wp-json\/wp\/v2\/product_tag?post=32847"}],"curies":[{"name":"wp","href":"https:\/\/api.w.org\/{rel}","templated":true}]}}