{"id":32862,"date":"2025-03-21T10:35:22","date_gmt":"2025-03-21T09:35:22","guid":{"rendered":"https:\/\/promatmedical.com\/bj\/produit\/chariot-a-medicaments-double-face-3-tiroirs-larges-22-petits\/"},"modified":"2025-03-21T10:35:22","modified_gmt":"2025-03-21T09:35:22","slug":"chariot-a-medicaments-double-face-3-tiroirs-larges-22-petits","status":"publish","type":"product","link":"https:\/\/promatmedical.com\/fr\/produit\/chariot-a-medicaments-double-face-3-tiroirs-larges-22-petits\/","title":{"rendered":"Chariot \u00e0 m\u00e9dicaments double face &#8211; 3 tiroirs larges, 22 petits"},"content":{"rendered":"<p>CHARIOT \u00c0 M\u00c9DICAMENTS DOUBLE FACE &#8211; 3 tiroirs larges et 22 petits<\/p>\n<p>Deux chariots en un: 3 grands tiroirs d\u2019un c\u00f4t\u00e9, 22 (6+6+10) cassettes monodose de l\u2019autre; dispositif de verrouillage.<\/p>\n<p>Dimensions des cassettes:<br \/>\n&#8211; 12 cassettes 115x290xh 75 mm<br \/>\n&#8211; 10 cassettes 70x290xh 75 mm<\/p>\n<p>Dimensions chariot: 920x590xh 810 mm<\/p>\n<p>Fourni avec 4 roulettes pivotantes \u00d8 125 mm (3 avec frein, 1 de chariot, antistatique).<\/p>\n<p>Made in Italy.<\/p>\n<p><img decoding=\"async\" src=\"https:\/\/www.gimaitaly.com\/img\/aurion-fra.jpg\" alt=\"AURION - Fabbricato da Gamma Poliuretani\"\/><\/p>\n","protected":false},"excerpt":{"rendered":"<p>CHARIOT \u00c0 M\u00c9DICAMENTS DOUBLE FACE &#8211; 3 tiroirs larges et 22 petits Deux chariots en un: 3 grands tiroirs d\u2019un c\u00f4t\u00e9, 22 (6+6+10) cassettes monodose de l\u2019autre; dispositif de verrouillage. Dimensions des cassettes: &#8211; 12 cassettes 115x290xh 75 mm &#8211; 10 cassettes 70x290xh 75 mm Dimensions chariot: 920x590xh 810 mm Fourni avec 4 roulettes pivotantes [&hellip;]<\/p>\n","protected":false},"featured_media":32861,"comment_status":"open","ping_status":"closed","template":"","meta":[],"product_brand":[],"product_cat":[166],"product_tag":[],"class_list":{"0":"post-32862","1":"product","2":"type-product","3":"status-publish","4":"has-post-thumbnail","6":"product_cat-equipements-medicaux-et-chirurgicaux","8":"first","9":"instock","10":"taxable","11":"shipping-taxable","12":"purchasable","13":"product-type-simple"},"_links":{"self":[{"href":"https:\/\/promatmedical.com\/fr\/wp-json\/wp\/v2\/product\/32862","targetHints":{"allow":["GET"]}}],"collection":[{"href":"https:\/\/promatmedical.com\/fr\/wp-json\/wp\/v2\/product"}],"about":[{"href":"https:\/\/promatmedical.com\/fr\/wp-json\/wp\/v2\/types\/product"}],"replies":[{"embeddable":true,"href":"https:\/\/promatmedical.com\/fr\/wp-json\/wp\/v2\/comments?post=32862"}],"wp:featuredmedia":[{"embeddable":true,"href":"https:\/\/promatmedical.com\/fr\/wp-json\/wp\/v2\/media\/32861"}],"wp:attachment":[{"href":"https:\/\/promatmedical.com\/fr\/wp-json\/wp\/v2\/media?parent=32862"}],"wp:term":[{"taxonomy":"product_brand","embeddable":true,"href":"https:\/\/promatmedical.com\/fr\/wp-json\/wp\/v2\/product_brand?post=32862"},{"taxonomy":"product_cat","embeddable":true,"href":"https:\/\/promatmedical.com\/fr\/wp-json\/wp\/v2\/product_cat?post=32862"},{"taxonomy":"product_tag","embeddable":true,"href":"https:\/\/promatmedical.com\/fr\/wp-json\/wp\/v2\/product_tag?post=32862"}],"curies":[{"name":"wp","href":"https:\/\/api.w.org\/{rel}","templated":true}]}}