{"id":32876,"date":"2025-03-21T10:36:12","date_gmt":"2025-03-21T09:36:12","guid":{"rendered":"https:\/\/promatmedical.com\/bj\/produit\/chariot-d-urgence-aurion-bleu\/"},"modified":"2025-03-21T10:36:12","modified_gmt":"2025-03-21T09:36:12","slug":"chariot-d-urgence-aurion-bleu","status":"publish","type":"product","link":"https:\/\/promatmedical.com\/fr\/produit\/chariot-d-urgence-aurion-bleu\/","title":{"rendered":"Chariot d&#8217; urgence aurion &#8211; bleu"},"content":{"rendered":"<p>CHARIOT D\u2019URGENCE AURION &#8211; bleu fonc\u00e9 &#8211; 5 tiroirs<br \/>\navec potence \u00e0 s\u00e9rum, support pour d\u00e9fibrillateur, plateau porte-aspirateur, table de massage cardiaque, prise \u00e9lectrique<\/p>\n<p>CHARIOTS AURION<br \/>\nLigne multifonctionnelle et r\u00e9volutionnaire de chariots au design innovateur, une qualit\u00e9 sup\u00e9rieure et une dotation compl\u00e8te d\u2019accessoires.<\/p>\n<p>En polyur\u00e9thane Baydur\u00ae.<br \/>\nUn mat\u00e9riau \u00e0 haute performance qui lie les meilleures caract\u00e9ristiques du plastique \u00e0 celles du m\u00e9tal. L\u00e9ger, robuste, tr\u00e8s r\u00e9sistant aux rayures et aux coups. R\u00e9sistant aux rayons UV. Chimiquement inerte, il ne g\u00e9n\u00e8re aucune r\u00e9action en contact avec les acides, organiques et inorganiques, les alcalins et les solvants. (DIN 68861\/1). Ignifuge, autoextinguible (Classe I, UL94 V-O). Non-toxique, en cas de combustion ne produit pas de dioxines.<\/p>\n<p>Excellent design.<br \/>\nLes chariots Aurion sont ergonomiques, modulaires, personnalisables et modifiables au cours du temps. Les poign\u00e9es sont moul\u00e9es dans le corps; le plan de travail est \u00e9galement moul\u00e9 dans le corps et poss\u00e8de une large surface et un bord conteneur p\u00e9rim\u00e9tral. Chaque tiroir est \u00e9quip\u00e9 d\u2019un porte-\u00e9tiquette.<\/p>\n<p>Faciles \u00e0 transporter.<br \/>\nStructure l\u00e9g\u00e8re et roulettes de qualit\u00e9 \u00e9lev\u00e9e anti-corrosion qui ne laissent pas de traces. Chaque roulette est mont\u00e9e sur roulements \u00e0 billes avec lubrification \u00e9tanche (2 par roulette), 3 avec frein, 1 antistatique.<\/p>\n<p>S\u00fbrs et hygi\u00e9niques.<br \/>\nLes formes lisses et sans bords pointus offrent une forte protection et emp\u00eachent la formation de nids \u00e0 bact\u00e9ries et \u00e0 poussi\u00e8re. Faciles \u00e0 nettoyer et d\u00e9sinfecter m\u00eame avec des d\u00e9tergents agressifs. Haut niveau de s\u00e9curit\u00e9. Tampons de protections sur le pourtour pour \u00e9viter tout dommage au personnel, au chariot et aux dispositifs m\u00e9dicaux.<\/p>\n<p>Syst\u00e8me de blocage central avecsceau<br \/>\nDimensions: 775x710xh 920 mm<\/p>\n<p><img decoding=\"async\" src=\"https:\/\/www.gimaitaly.com\/img\/aurion-fra.jpg\" alt=\"AURION - Fabbricato da Gamma Poliuretani\"\/><\/p>\n","protected":false},"excerpt":{"rendered":"<p>CHARIOT D\u2019URGENCE AURION &#8211; bleu fonc\u00e9 &#8211; 5 tiroirs avec potence \u00e0 s\u00e9rum, support pour d\u00e9fibrillateur, plateau porte-aspirateur, table de massage cardiaque, prise \u00e9lectrique CHARIOTS AURION Ligne multifonctionnelle et r\u00e9volutionnaire de chariots au design innovateur, une qualit\u00e9 sup\u00e9rieure et une dotation compl\u00e8te d\u2019accessoires. En polyur\u00e9thane Baydur\u00ae. Un mat\u00e9riau \u00e0 haute performance qui lie les meilleures [&hellip;]<\/p>\n","protected":false},"featured_media":32875,"comment_status":"open","ping_status":"closed","template":"","meta":[],"product_brand":[],"product_cat":[166],"product_tag":[],"class_list":{"0":"post-32876","1":"product","2":"type-product","3":"status-publish","4":"has-post-thumbnail","6":"product_cat-equipements-medicaux-et-chirurgicaux","8":"first","9":"instock","10":"taxable","11":"shipping-taxable","12":"purchasable","13":"product-type-simple"},"_links":{"self":[{"href":"https:\/\/promatmedical.com\/fr\/wp-json\/wp\/v2\/product\/32876","targetHints":{"allow":["GET"]}}],"collection":[{"href":"https:\/\/promatmedical.com\/fr\/wp-json\/wp\/v2\/product"}],"about":[{"href":"https:\/\/promatmedical.com\/fr\/wp-json\/wp\/v2\/types\/product"}],"replies":[{"embeddable":true,"href":"https:\/\/promatmedical.com\/fr\/wp-json\/wp\/v2\/comments?post=32876"}],"wp:featuredmedia":[{"embeddable":true,"href":"https:\/\/promatmedical.com\/fr\/wp-json\/wp\/v2\/media\/32875"}],"wp:attachment":[{"href":"https:\/\/promatmedical.com\/fr\/wp-json\/wp\/v2\/media?parent=32876"}],"wp:term":[{"taxonomy":"product_brand","embeddable":true,"href":"https:\/\/promatmedical.com\/fr\/wp-json\/wp\/v2\/product_brand?post=32876"},{"taxonomy":"product_cat","embeddable":true,"href":"https:\/\/promatmedical.com\/fr\/wp-json\/wp\/v2\/product_cat?post=32876"},{"taxonomy":"product_tag","embeddable":true,"href":"https:\/\/promatmedical.com\/fr\/wp-json\/wp\/v2\/product_tag?post=32876"}],"curies":[{"name":"wp","href":"https:\/\/api.w.org\/{rel}","templated":true}]}}