{"id":32896,"date":"2025-03-21T10:37:13","date_gmt":"2025-03-21T09:37:13","guid":{"rendered":"https:\/\/promatmedical.com\/bj\/produit\/chariot-ter-plus\/"},"modified":"2025-03-21T10:37:13","modified_gmt":"2025-03-21T09:37:13","slug":"chariot-ter-plus","status":"publish","type":"product","link":"https:\/\/promatmedical.com\/fr\/produit\/chariot-ter-plus\/","title":{"rendered":"Chariot ter plus"},"content":{"rendered":"<p>CHARIOT TER PLUS<\/p>\n<p>Avec plateaux amovibles<br \/>\nEn acier inox mont\u00e9 sur roulettes \u00d8 80 mm.<br \/>\nDim.: 49 x 30 x h 78 cm.<br \/>\nPoids: 9 kg.<br \/>\nCharge max. (par tablette): 10 kg.<br \/>\nLivr\u00e9 en kit.<\/p>\n<p>Made in Italy.<\/p>\n","protected":false},"excerpt":{"rendered":"<p>CHARIOT TER PLUS Avec plateaux amovibles En acier inox mont\u00e9 sur roulettes \u00d8 80 mm. Dim.: 49 x 30 x h 78 cm. Poids: 9 kg. Charge max. (par tablette): 10 kg. Livr\u00e9 en kit. Made in Italy.<\/p>\n","protected":false},"featured_media":32895,"comment_status":"open","ping_status":"closed","template":"","meta":[],"product_brand":[],"product_cat":[166],"product_tag":[],"class_list":{"0":"post-32896","1":"product","2":"type-product","3":"status-publish","4":"has-post-thumbnail","6":"product_cat-equipements-medicaux-et-chirurgicaux","8":"first","9":"instock","10":"taxable","11":"shipping-taxable","12":"purchasable","13":"product-type-simple"},"_links":{"self":[{"href":"https:\/\/promatmedical.com\/fr\/wp-json\/wp\/v2\/product\/32896","targetHints":{"allow":["GET"]}}],"collection":[{"href":"https:\/\/promatmedical.com\/fr\/wp-json\/wp\/v2\/product"}],"about":[{"href":"https:\/\/promatmedical.com\/fr\/wp-json\/wp\/v2\/types\/product"}],"replies":[{"embeddable":true,"href":"https:\/\/promatmedical.com\/fr\/wp-json\/wp\/v2\/comments?post=32896"}],"wp:featuredmedia":[{"embeddable":true,"href":"https:\/\/promatmedical.com\/fr\/wp-json\/wp\/v2\/media\/32895"}],"wp:attachment":[{"href":"https:\/\/promatmedical.com\/fr\/wp-json\/wp\/v2\/media?parent=32896"}],"wp:term":[{"taxonomy":"product_brand","embeddable":true,"href":"https:\/\/promatmedical.com\/fr\/wp-json\/wp\/v2\/product_brand?post=32896"},{"taxonomy":"product_cat","embeddable":true,"href":"https:\/\/promatmedical.com\/fr\/wp-json\/wp\/v2\/product_cat?post=32896"},{"taxonomy":"product_tag","embeddable":true,"href":"https:\/\/promatmedical.com\/fr\/wp-json\/wp\/v2\/product_tag?post=32896"}],"curies":[{"name":"wp","href":"https:\/\/api.w.org\/{rel}","templated":true}]}}