{"id":32921,"date":"2025-03-21T10:38:45","date_gmt":"2025-03-21T09:38:45","guid":{"rendered":"https:\/\/promatmedical.com\/bj\/produit\/table-mayo-5-branches\/"},"modified":"2025-03-21T10:38:45","modified_gmt":"2025-03-21T09:38:45","slug":"table-mayo-5-branches","status":"publish","type":"product","link":"https:\/\/promatmedical.com\/fr\/produit\/table-mayo-5-branches\/","title":{"rendered":"Table mayo &#8211; 5 branches"},"content":{"rendered":"<p>TABLE MAYO &#8211; 5 branches<\/p>\n<p>Base en acier inox \u00e0 roulettes \u00d8 50 mm: 5 branches.<br \/>\nStructure inox avec plateau amovible.<br \/>\nHauteur r\u00e9glable.<br \/>\nLivr\u00e9e en kit.<\/p>\n<p>Dimensions internes plateau: 70x45xh 1,7 cm<\/p>\n<p>Made in Italy.<\/p>\n","protected":false},"excerpt":{"rendered":"<p>TABLE MAYO &#8211; 5 branches Base en acier inox \u00e0 roulettes \u00d8 50 mm: 5 branches. Structure inox avec plateau amovible. Hauteur r\u00e9glable. Livr\u00e9e en kit. Dimensions internes plateau: 70x45xh 1,7 cm Made in Italy.<\/p>\n","protected":false},"featured_media":32920,"comment_status":"open","ping_status":"closed","template":"","meta":[],"product_brand":[],"product_cat":[166],"product_tag":[],"class_list":{"0":"post-32921","1":"product","2":"type-product","3":"status-publish","4":"has-post-thumbnail","6":"product_cat-equipements-medicaux-et-chirurgicaux","8":"first","9":"instock","10":"taxable","11":"shipping-taxable","12":"purchasable","13":"product-type-simple"},"_links":{"self":[{"href":"https:\/\/promatmedical.com\/fr\/wp-json\/wp\/v2\/product\/32921","targetHints":{"allow":["GET"]}}],"collection":[{"href":"https:\/\/promatmedical.com\/fr\/wp-json\/wp\/v2\/product"}],"about":[{"href":"https:\/\/promatmedical.com\/fr\/wp-json\/wp\/v2\/types\/product"}],"replies":[{"embeddable":true,"href":"https:\/\/promatmedical.com\/fr\/wp-json\/wp\/v2\/comments?post=32921"}],"wp:featuredmedia":[{"embeddable":true,"href":"https:\/\/promatmedical.com\/fr\/wp-json\/wp\/v2\/media\/32920"}],"wp:attachment":[{"href":"https:\/\/promatmedical.com\/fr\/wp-json\/wp\/v2\/media?parent=32921"}],"wp:term":[{"taxonomy":"product_brand","embeddable":true,"href":"https:\/\/promatmedical.com\/fr\/wp-json\/wp\/v2\/product_brand?post=32921"},{"taxonomy":"product_cat","embeddable":true,"href":"https:\/\/promatmedical.com\/fr\/wp-json\/wp\/v2\/product_cat?post=32921"},{"taxonomy":"product_tag","embeddable":true,"href":"https:\/\/promatmedical.com\/fr\/wp-json\/wp\/v2\/product_tag?post=32921"}],"curies":[{"name":"wp","href":"https:\/\/api.w.org\/{rel}","templated":true}]}}