{"id":32970,"date":"2025-03-21T10:42:22","date_gmt":"2025-03-21T09:42:22","guid":{"rendered":"https:\/\/promatmedical.com\/bj\/produit\/set-de-bandes-de-resistance-sans-latex-15-m-x-14-cm-x-5-niveaux\/"},"modified":"2025-03-21T10:42:22","modified_gmt":"2025-03-21T09:42:22","slug":"set-de-bandes-de-resistance-sans-latex-15-m-x-14-cm-x-5-niveaux","status":"publish","type":"product","link":"https:\/\/promatmedical.com\/fr\/produit\/set-de-bandes-de-resistance-sans-latex-15-m-x-14-cm-x-5-niveaux\/","title":{"rendered":"Set de bandes de r\u00e9sistance sans latex 1,5 m x 14 cm x 5 niveaux"},"content":{"rendered":"<p>BANDES DE R\u00c9SISTANCE SANS LATEX<\/p>\n<p>\u2022 Set 5 bandes (1&#215;5 niveaux) 1,5 m x 14 cm<br \/>\n\u2022 Couleur:<br \/>\n&#8211; jaune (X-Light) 0,20 mm<br \/>\n&#8211; vert (Light) 0,25 mm<br \/>\n&#8211; rouge (Medium) 0,30 mm<br \/>\n&#8211; bleu (Heavy) 0,35 mm<br \/>\n&#8211; noir (X-Heavy) 0,40 mm<\/p>\n<p>Bandes sans latex en 7 couleurs diff\u00e9rentes, chacune correspondante \u00e0 un niveau de r\u00e9sistance et 3 longueurs (1,5, 5,5 et 45 m).<br \/>\nFiables et efficaces, elles sont id\u00e9ales pour am\u00e9liorer la force et l&#8217;ampleur du mouvement.<\/p>\n<p>Leur utilisation fr\u00e9quente accro\u00eet la force musculaire.<br \/>\nConvient aussi bien pour les membres sup\u00e9rieurs et inf\u00e9rieurs.<\/p>\n<p>Ces bandes sans latex assurent les m\u00eames r\u00e9sultats que les bandes traditionnelles.<\/p>\n","protected":false},"excerpt":{"rendered":"<p>BANDES DE R\u00c9SISTANCE SANS LATEX \u2022 Set 5 bandes (1&#215;5 niveaux) 1,5 m x 14 cm \u2022 Couleur: &#8211; jaune (X-Light) 0,20 mm &#8211; vert (Light) 0,25 mm &#8211; rouge (Medium) 0,30 mm &#8211; bleu (Heavy) 0,35 mm &#8211; noir (X-Heavy) 0,40 mm Bandes sans latex en 7 couleurs diff\u00e9rentes, chacune correspondante \u00e0 un niveau [&hellip;]<\/p>\n","protected":false},"featured_media":32969,"comment_status":"open","ping_status":"closed","template":"","meta":[],"product_brand":[],"product_cat":[166],"product_tag":[],"class_list":{"0":"post-32970","1":"product","2":"type-product","3":"status-publish","4":"has-post-thumbnail","6":"product_cat-equipements-medicaux-et-chirurgicaux","8":"first","9":"instock","10":"taxable","11":"shipping-taxable","12":"purchasable","13":"product-type-simple"},"_links":{"self":[{"href":"https:\/\/promatmedical.com\/fr\/wp-json\/wp\/v2\/product\/32970","targetHints":{"allow":["GET"]}}],"collection":[{"href":"https:\/\/promatmedical.com\/fr\/wp-json\/wp\/v2\/product"}],"about":[{"href":"https:\/\/promatmedical.com\/fr\/wp-json\/wp\/v2\/types\/product"}],"replies":[{"embeddable":true,"href":"https:\/\/promatmedical.com\/fr\/wp-json\/wp\/v2\/comments?post=32970"}],"wp:featuredmedia":[{"embeddable":true,"href":"https:\/\/promatmedical.com\/fr\/wp-json\/wp\/v2\/media\/32969"}],"wp:attachment":[{"href":"https:\/\/promatmedical.com\/fr\/wp-json\/wp\/v2\/media?parent=32970"}],"wp:term":[{"taxonomy":"product_brand","embeddable":true,"href":"https:\/\/promatmedical.com\/fr\/wp-json\/wp\/v2\/product_brand?post=32970"},{"taxonomy":"product_cat","embeddable":true,"href":"https:\/\/promatmedical.com\/fr\/wp-json\/wp\/v2\/product_cat?post=32970"},{"taxonomy":"product_tag","embeddable":true,"href":"https:\/\/promatmedical.com\/fr\/wp-json\/wp\/v2\/product_tag?post=32970"}],"curies":[{"name":"wp","href":"https:\/\/api.w.org\/{rel}","templated":true}]}}