{"id":32994,"date":"2025-03-21T10:43:39","date_gmt":"2025-03-21T09:43:39","guid":{"rendered":"https:\/\/promatmedical.com\/bj\/produit\/set-delastiques-en-latex\/"},"modified":"2025-03-21T10:43:39","modified_gmt":"2025-03-21T09:43:39","slug":"set-delastiques-en-latex","status":"publish","type":"product","link":"https:\/\/promatmedical.com\/fr\/produit\/set-delastiques-en-latex\/","title":{"rendered":"Set d&#8217;\u00e9lastiques en latex"},"content":{"rendered":"<p>SET DE 4 \u00c9LASTIQUES<\/p>\n<p>\u00c9lastiques plats pour muscler la partie inf\u00e9rieure et sup\u00e9rieure des jambes.<br \/>\nUtiles pour les muscles des hanches et des jambes.<\/p>\n<p>Le set inclut 4 \u00e9lastiques, chacun d&#8217;une couleur diff\u00e9rente selon le niveau:<br \/>\n\u00c9lastique 18 mm x 58 cm x 1,4 mm (X-Light &#8211; jaune)<br \/>\n\u00c9lastique 24 mm x 58 cm x 1,4 mm (Medium &#8211; rouge)<br \/>\n\u00c9lastique 24 mm x 58 cm x 1,6 mm (Heavy &#8211; vert)<br \/>\n\u00c9lastique 30 mm x 58 cm x 1,6 mm (X-Heavy &#8211; bleu)<\/p>\n","protected":false},"excerpt":{"rendered":"<p>SET DE 4 \u00c9LASTIQUES \u00c9lastiques plats pour muscler la partie inf\u00e9rieure et sup\u00e9rieure des jambes. Utiles pour les muscles des hanches et des jambes. Le set inclut 4 \u00e9lastiques, chacun d&#8217;une couleur diff\u00e9rente selon le niveau: \u00c9lastique 18 mm x 58 cm x 1,4 mm (X-Light &#8211; jaune) \u00c9lastique 24 mm x 58 cm x [&hellip;]<\/p>\n","protected":false},"featured_media":32993,"comment_status":"open","ping_status":"closed","template":"","meta":[],"product_brand":[],"product_cat":[166],"product_tag":[],"class_list":{"0":"post-32994","1":"product","2":"type-product","3":"status-publish","4":"has-post-thumbnail","6":"product_cat-equipements-medicaux-et-chirurgicaux","8":"first","9":"instock","10":"taxable","11":"shipping-taxable","12":"purchasable","13":"product-type-simple"},"_links":{"self":[{"href":"https:\/\/promatmedical.com\/fr\/wp-json\/wp\/v2\/product\/32994","targetHints":{"allow":["GET"]}}],"collection":[{"href":"https:\/\/promatmedical.com\/fr\/wp-json\/wp\/v2\/product"}],"about":[{"href":"https:\/\/promatmedical.com\/fr\/wp-json\/wp\/v2\/types\/product"}],"replies":[{"embeddable":true,"href":"https:\/\/promatmedical.com\/fr\/wp-json\/wp\/v2\/comments?post=32994"}],"wp:featuredmedia":[{"embeddable":true,"href":"https:\/\/promatmedical.com\/fr\/wp-json\/wp\/v2\/media\/32993"}],"wp:attachment":[{"href":"https:\/\/promatmedical.com\/fr\/wp-json\/wp\/v2\/media?parent=32994"}],"wp:term":[{"taxonomy":"product_brand","embeddable":true,"href":"https:\/\/promatmedical.com\/fr\/wp-json\/wp\/v2\/product_brand?post=32994"},{"taxonomy":"product_cat","embeddable":true,"href":"https:\/\/promatmedical.com\/fr\/wp-json\/wp\/v2\/product_cat?post=32994"},{"taxonomy":"product_tag","embeddable":true,"href":"https:\/\/promatmedical.com\/fr\/wp-json\/wp\/v2\/product_tag?post=32994"}],"curies":[{"name":"wp","href":"https:\/\/api.w.org\/{rel}","templated":true}]}}