{"id":33028,"date":"2025-03-21T10:45:50","date_gmt":"2025-03-21T09:45:50","guid":{"rendered":"https:\/\/promatmedical.com\/bj\/produit\/ballon-de-resistance-burst-diam-75-cm-bleu\/"},"modified":"2025-03-21T10:45:50","modified_gmt":"2025-03-21T09:45:50","slug":"ballon-de-resistance-burst-diam-75-cm-bleu","status":"publish","type":"product","link":"https:\/\/promatmedical.com\/fr\/produit\/ballon-de-resistance-burst-diam-75-cm-bleu\/","title":{"rendered":"Ballon de r\u00e9sistance burst diam. 75 cm &#8211; bleu"},"content":{"rendered":"<p>Con\u00e7u pour les entra\u00eenements dynamiques qui n\u00e9cessitent un niveau mod\u00e9r\u00e9 de r\u00e9sistance.<\/p>\n<p>En cas de crevaison il se d\u00e9gonfle lentement.<\/p>\n<p>Niveau de r\u00e9sistance: environ 136 kg (300 lbs).<\/p>\n","protected":false},"excerpt":{"rendered":"<p>Con\u00e7u pour les entra\u00eenements dynamiques qui n\u00e9cessitent un niveau mod\u00e9r\u00e9 de r\u00e9sistance. En cas de crevaison il se d\u00e9gonfle lentement. Niveau de r\u00e9sistance: environ 136 kg (300 lbs).<\/p>\n","protected":false},"featured_media":33027,"comment_status":"open","ping_status":"closed","template":"","meta":[],"product_brand":[],"product_cat":[166],"product_tag":[],"class_list":{"0":"post-33028","1":"product","2":"type-product","3":"status-publish","4":"has-post-thumbnail","6":"product_cat-equipements-medicaux-et-chirurgicaux","8":"first","9":"instock","10":"taxable","11":"shipping-taxable","12":"purchasable","13":"product-type-simple"},"_links":{"self":[{"href":"https:\/\/promatmedical.com\/fr\/wp-json\/wp\/v2\/product\/33028","targetHints":{"allow":["GET"]}}],"collection":[{"href":"https:\/\/promatmedical.com\/fr\/wp-json\/wp\/v2\/product"}],"about":[{"href":"https:\/\/promatmedical.com\/fr\/wp-json\/wp\/v2\/types\/product"}],"replies":[{"embeddable":true,"href":"https:\/\/promatmedical.com\/fr\/wp-json\/wp\/v2\/comments?post=33028"}],"wp:featuredmedia":[{"embeddable":true,"href":"https:\/\/promatmedical.com\/fr\/wp-json\/wp\/v2\/media\/33027"}],"wp:attachment":[{"href":"https:\/\/promatmedical.com\/fr\/wp-json\/wp\/v2\/media?parent=33028"}],"wp:term":[{"taxonomy":"product_brand","embeddable":true,"href":"https:\/\/promatmedical.com\/fr\/wp-json\/wp\/v2\/product_brand?post=33028"},{"taxonomy":"product_cat","embeddable":true,"href":"https:\/\/promatmedical.com\/fr\/wp-json\/wp\/v2\/product_cat?post=33028"},{"taxonomy":"product_tag","embeddable":true,"href":"https:\/\/promatmedical.com\/fr\/wp-json\/wp\/v2\/product_tag?post=33028"}],"curies":[{"name":"wp","href":"https:\/\/api.w.org\/{rel}","templated":true}]}}