{"id":33040,"date":"2025-03-21T10:46:39","date_gmt":"2025-03-21T09:46:39","guid":{"rendered":"https:\/\/promatmedical.com\/bj\/produit\/exercise-de-prise-x-dur-noir\/"},"modified":"2025-03-21T10:46:39","modified_gmt":"2025-03-21T09:46:39","slug":"exercise-de-prise-x-dur-noir","status":"publish","type":"product","link":"https:\/\/promatmedical.com\/fr\/produit\/exercise-de-prise-x-dur-noir\/","title":{"rendered":"Exercise de prise &#8211; x-dur &#8211; noir"},"content":{"rendered":"<p>D\u00e9tend la tension due \u00e0 l&#8217;utilisation du clavier et de la souris.<\/p>\n<p>Augmente la flexibilit\u00e9 de la main et des doigts. Id\u00e9al pour le renforcement et la r\u00e9habilitation des doigts et du poignet.<\/p>\n","protected":false},"excerpt":{"rendered":"<p>D\u00e9tend la tension due \u00e0 l&#8217;utilisation du clavier et de la souris. Augmente la flexibilit\u00e9 de la main et des doigts. Id\u00e9al pour le renforcement et la r\u00e9habilitation des doigts et du poignet.<\/p>\n","protected":false},"featured_media":33039,"comment_status":"open","ping_status":"closed","template":"","meta":[],"product_brand":[],"product_cat":[166],"product_tag":[],"class_list":{"0":"post-33040","1":"product","2":"type-product","3":"status-publish","4":"has-post-thumbnail","6":"product_cat-equipements-medicaux-et-chirurgicaux","8":"first","9":"instock","10":"taxable","11":"shipping-taxable","12":"purchasable","13":"product-type-simple"},"_links":{"self":[{"href":"https:\/\/promatmedical.com\/fr\/wp-json\/wp\/v2\/product\/33040","targetHints":{"allow":["GET"]}}],"collection":[{"href":"https:\/\/promatmedical.com\/fr\/wp-json\/wp\/v2\/product"}],"about":[{"href":"https:\/\/promatmedical.com\/fr\/wp-json\/wp\/v2\/types\/product"}],"replies":[{"embeddable":true,"href":"https:\/\/promatmedical.com\/fr\/wp-json\/wp\/v2\/comments?post=33040"}],"wp:featuredmedia":[{"embeddable":true,"href":"https:\/\/promatmedical.com\/fr\/wp-json\/wp\/v2\/media\/33039"}],"wp:attachment":[{"href":"https:\/\/promatmedical.com\/fr\/wp-json\/wp\/v2\/media?parent=33040"}],"wp:term":[{"taxonomy":"product_brand","embeddable":true,"href":"https:\/\/promatmedical.com\/fr\/wp-json\/wp\/v2\/product_brand?post=33040"},{"taxonomy":"product_cat","embeddable":true,"href":"https:\/\/promatmedical.com\/fr\/wp-json\/wp\/v2\/product_cat?post=33040"},{"taxonomy":"product_tag","embeddable":true,"href":"https:\/\/promatmedical.com\/fr\/wp-json\/wp\/v2\/product_tag?post=33040"}],"curies":[{"name":"wp","href":"https:\/\/api.w.org\/{rel}","templated":true}]}}