{"id":33052,"date":"2025-03-21T10:47:28","date_gmt":"2025-03-21T09:47:28","guid":{"rendered":"https:\/\/promatmedical.com\/bj\/produit\/set-doutils-pour-doigts-leger-moyen-dur\/"},"modified":"2025-03-21T10:47:28","modified_gmt":"2025-03-21T09:47:28","slug":"set-doutils-pour-doigts-leger-moyen-dur","status":"publish","type":"product","link":"https:\/\/promatmedical.com\/fr\/produit\/set-doutils-pour-doigts-leger-moyen-dur\/","title":{"rendered":"Set d&#8217;outils pour doigts &#8211; l\u00e9ger\/moyen\/dur"},"content":{"rendered":"<p>Conception parfaite pour la r\u00e9habilitation, soulage la fatigue de l&#8217;utilisateur. Il suffit d&#8217;ins\u00e9rer les doigts dans les espaces et les \u00e9tirer.<\/p>\n<p>Disponible avec trois niveaux de r\u00e9sistance: l\u00e9ger, moyen et haut.<\/p>\n","protected":false},"excerpt":{"rendered":"<p>Conception parfaite pour la r\u00e9habilitation, soulage la fatigue de l&#8217;utilisateur. Il suffit d&#8217;ins\u00e9rer les doigts dans les espaces et les \u00e9tirer. Disponible avec trois niveaux de r\u00e9sistance: l\u00e9ger, moyen et haut.<\/p>\n","protected":false},"featured_media":33051,"comment_status":"open","ping_status":"closed","template":"","meta":[],"product_brand":[],"product_cat":[166],"product_tag":[],"class_list":{"0":"post-33052","1":"product","2":"type-product","3":"status-publish","4":"has-post-thumbnail","6":"product_cat-equipements-medicaux-et-chirurgicaux","8":"first","9":"instock","10":"taxable","11":"shipping-taxable","12":"purchasable","13":"product-type-simple"},"_links":{"self":[{"href":"https:\/\/promatmedical.com\/fr\/wp-json\/wp\/v2\/product\/33052","targetHints":{"allow":["GET"]}}],"collection":[{"href":"https:\/\/promatmedical.com\/fr\/wp-json\/wp\/v2\/product"}],"about":[{"href":"https:\/\/promatmedical.com\/fr\/wp-json\/wp\/v2\/types\/product"}],"replies":[{"embeddable":true,"href":"https:\/\/promatmedical.com\/fr\/wp-json\/wp\/v2\/comments?post=33052"}],"wp:featuredmedia":[{"embeddable":true,"href":"https:\/\/promatmedical.com\/fr\/wp-json\/wp\/v2\/media\/33051"}],"wp:attachment":[{"href":"https:\/\/promatmedical.com\/fr\/wp-json\/wp\/v2\/media?parent=33052"}],"wp:term":[{"taxonomy":"product_brand","embeddable":true,"href":"https:\/\/promatmedical.com\/fr\/wp-json\/wp\/v2\/product_brand?post=33052"},{"taxonomy":"product_cat","embeddable":true,"href":"https:\/\/promatmedical.com\/fr\/wp-json\/wp\/v2\/product_cat?post=33052"},{"taxonomy":"product_tag","embeddable":true,"href":"https:\/\/promatmedical.com\/fr\/wp-json\/wp\/v2\/product_tag?post=33052"}],"curies":[{"name":"wp","href":"https:\/\/api.w.org\/{rel}","templated":true}]}}