{"id":33060,"date":"2025-03-21T10:48:00","date_gmt":"2025-03-21T09:48:00","guid":{"rendered":"https:\/\/promatmedical.com\/bj\/produit\/exerciseur-main-leger\/"},"modified":"2025-03-21T10:48:00","modified_gmt":"2025-03-21T09:48:00","slug":"exerciseur-main-leger","status":"publish","type":"product","link":"https:\/\/promatmedical.com\/fr\/produit\/exerciseur-main-leger\/","title":{"rendered":"Exerciseur main &#8211; l\u00e9ger"},"content":{"rendered":"<p>D\u00e9veloppe la flexibilit\u00e9, la force et la coordination des doigts.<\/p>\n<p>Augmente la force de la main, du poignet et de l&#8217;avant-bras et contribue \u00e0 am\u00e9liorer la r\u00e9cup\u00e9ration apr\u00e8s des accidents aux doigts.<\/p>\n","protected":false},"excerpt":{"rendered":"<p>D\u00e9veloppe la flexibilit\u00e9, la force et la coordination des doigts. Augmente la force de la main, du poignet et de l&#8217;avant-bras et contribue \u00e0 am\u00e9liorer la r\u00e9cup\u00e9ration apr\u00e8s des accidents aux doigts.<\/p>\n","protected":false},"featured_media":33059,"comment_status":"open","ping_status":"closed","template":"","meta":[],"product_brand":[],"product_cat":[166],"product_tag":[],"class_list":{"0":"post-33060","1":"product","2":"type-product","3":"status-publish","4":"has-post-thumbnail","6":"product_cat-equipements-medicaux-et-chirurgicaux","8":"first","9":"instock","10":"taxable","11":"shipping-taxable","12":"purchasable","13":"product-type-simple"},"_links":{"self":[{"href":"https:\/\/promatmedical.com\/fr\/wp-json\/wp\/v2\/product\/33060","targetHints":{"allow":["GET"]}}],"collection":[{"href":"https:\/\/promatmedical.com\/fr\/wp-json\/wp\/v2\/product"}],"about":[{"href":"https:\/\/promatmedical.com\/fr\/wp-json\/wp\/v2\/types\/product"}],"replies":[{"embeddable":true,"href":"https:\/\/promatmedical.com\/fr\/wp-json\/wp\/v2\/comments?post=33060"}],"wp:featuredmedia":[{"embeddable":true,"href":"https:\/\/promatmedical.com\/fr\/wp-json\/wp\/v2\/media\/33059"}],"wp:attachment":[{"href":"https:\/\/promatmedical.com\/fr\/wp-json\/wp\/v2\/media?parent=33060"}],"wp:term":[{"taxonomy":"product_brand","embeddable":true,"href":"https:\/\/promatmedical.com\/fr\/wp-json\/wp\/v2\/product_brand?post=33060"},{"taxonomy":"product_cat","embeddable":true,"href":"https:\/\/promatmedical.com\/fr\/wp-json\/wp\/v2\/product_cat?post=33060"},{"taxonomy":"product_tag","embeddable":true,"href":"https:\/\/promatmedical.com\/fr\/wp-json\/wp\/v2\/product_tag?post=33060"}],"curies":[{"name":"wp","href":"https:\/\/api.w.org\/{rel}","templated":true}]}}