{"id":33098,"date":"2025-03-21T10:51:11","date_gmt":"2025-03-21T09:51:11","guid":{"rendered":"https:\/\/promatmedical.com\/bj\/produit\/lampe-primaled-flex-sur-socle-a-roulettes-avec-batterie\/"},"modified":"2025-03-21T10:51:11","modified_gmt":"2025-03-21T09:51:11","slug":"lampe-primaled-flex-sur-socle-a-roulettes-avec-batterie","status":"publish","type":"product","link":"https:\/\/promatmedical.com\/fr\/produit\/lampe-primaled-flex-sur-socle-a-roulettes-avec-batterie\/","title":{"rendered":"Lampe primaled-flex &#8211; sur socle \u00e0 roulettes avec batterie"},"content":{"rendered":"<p>Lampe Primaled &#8211; Flex &#8211; sur chariot avec batterie<\/p>\n<p>LAMPE \u00c0 LUMI\u00c8RE FROIDE PRIMALED AVEC 9 LENTILLES \u00c0 LED<\/p>\n<p>Design \u00e9l\u00e9gant et technologie d\u2019avant-garde.<\/p>\n<p>Design: la forme arrondie et ultra plate rend cette lampe particuli\u00e8rement ergonomique et adapt\u00e9e \u00e0 tous les types d\u2019installation.<\/p>\n<p>Syst\u00e8me Ergo-Spring: le mouvement du bras tubulaire articul\u00e9 est assist\u00e9 par un ressort de torsion qui garantit des mouvements faciles et stables.<\/p>\n<p>105 000 lux: efficacit\u00e9 unique avec 105 000 lux \u00e0 50 cm.<\/p>\n<p>R\u00e9glage de l\u2019intensit\u00e9 lumineuse: diff\u00e9rents niveaux de r\u00e9glage avec des touches situ\u00e9es sur le panneau frontal.<\/p>\n<p>S\u00e9lection de la temp\u00e9rature de couleur 4 000 &#8211; 4 500 \u00b0K: la comparaison entre les deux couleurs (K) augmente la visibilit\u00e9 des d\u00e9tails.<\/p>\n<p>Suppression des ombres: la disposition radiale des lentilles et le grand diam\u00e8tre du r\u00e9flecteur (195 mm) permettent la suppression des ombres et un \u00e9clairage tridimensionnel.<\/p>\n<p>Lumi\u00e8re de courtoisie r\u00e9glable: int\u00e8gre la lumi\u00e8re naturelle en plus de la lumi\u00e8re concentr\u00e9e classique.<\/p>\n<p>Poign\u00e9e amovible st\u00e9rilisable: pour une asepsie optimale.<\/p>\n<p>Lumi\u00e8re froide: la basse \u00e9mission de rayons IR des LED et la faible puissance utilis\u00e9e d\u00e9gagent une quantit\u00e9 de chaleur minime.<\/p>\n<p>Long\u00e9vit\u00e9 des LED de 60 000 h: la coupole en aluminium permet l\u2019\u00e9change thermique en r\u00e9duisant ainsi la temp\u00e9rature de travail et augmentant consid\u00e9rablement la long\u00e9vit\u00e9 de chaque LED.<\/p>\n<p>Fiches interchangeables: transformateur int\u00e9gr\u00e9 dans la fiche pour un mouvement plus ais\u00e9 et fluide du bras. La lampe est livr\u00e9e avec prises interchangeables (UK, US, EU).<\/p>\n<p>Enti\u00e8rement certifi\u00e9e: conforme aux normes m\u00e9dicales g\u00e9n\u00e9rales IEC 60601-1 et 60601-1-2 et aux normes sp\u00e9ciales IEC 60601-2-41 UE 2017\/745; marque CE comme dispositif m\u00e9dical de Classe I.<\/p>\n<p>Contr\u00f4le m\u00e9canique et utilisation s\u00fbre: aluminium moul\u00e9 et structure tubulaire en acier. Le bras articul\u00e9 a \u00e9t\u00e9 soumis \u00e0 des essais m\u00e9caniques de 40 000 mouvements continus.<\/p>\n<p>Continuit\u00e9 de la lumi\u00e8re: la conception modulaire du circuit d\u2019alimentation \u00e0 LED assure la continuit\u00e9 de la lumi\u00e8re m\u00eame en cas de d\u00e9faut des LED.<\/p>\n<p>Kit batterie: fourni.<\/p>\n<p>Les lentilles de la lampe sont con\u00e7ues pour d\u00e9livrer une bonne focalisation et profondeur d&#8217;\u00e9clairage. Le diam\u00e8tre du champ d&#8217;\u00e9clairage est de 16 cm \u00e0 0,5 m.<\/p>\n<p>Les fonctions suivantes sont activ\u00e9es par les touches situ\u00e9es sur la membrane:<br \/>\n&#8211; allumage\/extinction<br \/>\n&#8211; s\u00e9lection de la temp\u00e9rature de couleur 4 000\u00b0K et 4 500\u00b0K<br \/>\n&#8211; 6 niveaux de r\u00e9glage de l\u2019intensit\u00e9 lumineuse<br \/>\n&#8211; lumi\u00e8re de courtoisie<\/p>\n<p>Mode d&#8217;emploi QR: GB, FR, IT, ES, PT.<\/p>\n<p>Made in Italy.<\/p>\n","protected":false},"excerpt":{"rendered":"<p>Lampe Primaled &#8211; Flex &#8211; sur chariot avec batterie LAMPE \u00c0 LUMI\u00c8RE FROIDE PRIMALED AVEC 9 LENTILLES \u00c0 LED Design \u00e9l\u00e9gant et technologie d\u2019avant-garde. Design: la forme arrondie et ultra plate rend cette lampe particuli\u00e8rement ergonomique et adapt\u00e9e \u00e0 tous les types d\u2019installation. Syst\u00e8me Ergo-Spring: le mouvement du bras tubulaire articul\u00e9 est assist\u00e9 par un [&hellip;]<\/p>\n","protected":false},"featured_media":33097,"comment_status":"open","ping_status":"closed","template":"","meta":[],"product_brand":[],"product_cat":[166],"product_tag":[],"class_list":{"0":"post-33098","1":"product","2":"type-product","3":"status-publish","4":"has-post-thumbnail","6":"product_cat-equipements-medicaux-et-chirurgicaux","8":"first","9":"instock","10":"taxable","11":"shipping-taxable","12":"purchasable","13":"product-type-simple"},"_links":{"self":[{"href":"https:\/\/promatmedical.com\/fr\/wp-json\/wp\/v2\/product\/33098","targetHints":{"allow":["GET"]}}],"collection":[{"href":"https:\/\/promatmedical.com\/fr\/wp-json\/wp\/v2\/product"}],"about":[{"href":"https:\/\/promatmedical.com\/fr\/wp-json\/wp\/v2\/types\/product"}],"replies":[{"embeddable":true,"href":"https:\/\/promatmedical.com\/fr\/wp-json\/wp\/v2\/comments?post=33098"}],"wp:featuredmedia":[{"embeddable":true,"href":"https:\/\/promatmedical.com\/fr\/wp-json\/wp\/v2\/media\/33097"}],"wp:attachment":[{"href":"https:\/\/promatmedical.com\/fr\/wp-json\/wp\/v2\/media?parent=33098"}],"wp:term":[{"taxonomy":"product_brand","embeddable":true,"href":"https:\/\/promatmedical.com\/fr\/wp-json\/wp\/v2\/product_brand?post=33098"},{"taxonomy":"product_cat","embeddable":true,"href":"https:\/\/promatmedical.com\/fr\/wp-json\/wp\/v2\/product_cat?post=33098"},{"taxonomy":"product_tag","embeddable":true,"href":"https:\/\/promatmedical.com\/fr\/wp-json\/wp\/v2\/product_tag?post=33098"}],"curies":[{"name":"wp","href":"https:\/\/api.w.org\/{rel}","templated":true}]}}