{"id":33110,"date":"2025-03-21T10:52:03","date_gmt":"2025-03-21T09:52:03","guid":{"rendered":"https:\/\/promatmedical.com\/bj\/produit\/lampe-ms-led-flex-plus-chariot\/"},"modified":"2025-03-21T10:52:03","modified_gmt":"2025-03-21T09:52:03","slug":"lampe-ms-led-flex-plus-chariot","status":"publish","type":"product","link":"https:\/\/promatmedical.com\/fr\/produit\/lampe-ms-led-flex-plus-chariot\/","title":{"rendered":"Lampe ms led flex plus &#8211; chariot"},"content":{"rendered":"<p>LUMI\u00c8RE MS LED FLEX PLUS &#8211; chariot<\/p>\n<p>Lampe pour petite chirurgie avec lumi\u00e8re \u00e0 LED et bras flexible ou articul\u00e9 de grande pr\u00e9cision, permettant le r\u00e9glage de la lampe dans toutes les positions. La qualit\u00e9 des mat\u00e9riaux utilis\u00e9s pour sa fabrication la rendent particuli\u00e8rement adapt\u00e9e pour l&#8217;usage intensif en chirurgie e pour les examens.<\/p>\n<p>Qualit\u00e9 exceptionnelle de la lumi\u00e8re \u00e0 LED<br \/>\nLa puissante lumi\u00e8re \u00e0 LED offre une qualit\u00e9 exceptionnelle et a une dur\u00e9e de plus de 50 000 heures. Le rendu chromatique \u00e9lev\u00e9 (Ra 97%) refl\u00e8te la qualit\u00e9 exceptionnelle de la lumi\u00e8re blanche, pour une tr\u00e8s bonne distinction des tissus et la reproduction de toutes les couleurs visibles, de mani\u00e8re naturelle et pr\u00e9cise.<\/p>\n<p>Conception ergonomique<br \/>\nLa forme circulaire de la coupole et la poign\u00e9e dans la partie inf\u00e9rieure facilitent le positionnement exact. Les formes \u00e9pur\u00e9es et souples facilitent l&#8217;hygi\u00e8ne et le nettoyage.<\/p>\n<p>Intensit\u00e9 lumineuse r\u00e9glable et gradable<\/p>\n<p>Made in Spain.<\/p>\n","protected":false},"excerpt":{"rendered":"<p>LUMI\u00c8RE MS LED FLEX PLUS &#8211; chariot Lampe pour petite chirurgie avec lumi\u00e8re \u00e0 LED et bras flexible ou articul\u00e9 de grande pr\u00e9cision, permettant le r\u00e9glage de la lampe dans toutes les positions. La qualit\u00e9 des mat\u00e9riaux utilis\u00e9s pour sa fabrication la rendent particuli\u00e8rement adapt\u00e9e pour l&#8217;usage intensif en chirurgie e pour les examens. Qualit\u00e9 [&hellip;]<\/p>\n","protected":false},"featured_media":33109,"comment_status":"open","ping_status":"closed","template":"","meta":[],"product_brand":[],"product_cat":[166],"product_tag":[],"class_list":{"0":"post-33110","1":"product","2":"type-product","3":"status-publish","4":"has-post-thumbnail","6":"product_cat-equipements-medicaux-et-chirurgicaux","8":"first","9":"instock","10":"taxable","11":"shipping-taxable","12":"purchasable","13":"product-type-simple"},"_links":{"self":[{"href":"https:\/\/promatmedical.com\/fr\/wp-json\/wp\/v2\/product\/33110","targetHints":{"allow":["GET"]}}],"collection":[{"href":"https:\/\/promatmedical.com\/fr\/wp-json\/wp\/v2\/product"}],"about":[{"href":"https:\/\/promatmedical.com\/fr\/wp-json\/wp\/v2\/types\/product"}],"replies":[{"embeddable":true,"href":"https:\/\/promatmedical.com\/fr\/wp-json\/wp\/v2\/comments?post=33110"}],"wp:featuredmedia":[{"embeddable":true,"href":"https:\/\/promatmedical.com\/fr\/wp-json\/wp\/v2\/media\/33109"}],"wp:attachment":[{"href":"https:\/\/promatmedical.com\/fr\/wp-json\/wp\/v2\/media?parent=33110"}],"wp:term":[{"taxonomy":"product_brand","embeddable":true,"href":"https:\/\/promatmedical.com\/fr\/wp-json\/wp\/v2\/product_brand?post=33110"},{"taxonomy":"product_cat","embeddable":true,"href":"https:\/\/promatmedical.com\/fr\/wp-json\/wp\/v2\/product_cat?post=33110"},{"taxonomy":"product_tag","embeddable":true,"href":"https:\/\/promatmedical.com\/fr\/wp-json\/wp\/v2\/product_tag?post=33110"}],"curies":[{"name":"wp","href":"https:\/\/api.w.org\/{rel}","templated":true}]}}