{"id":33142,"date":"2025-03-21T10:54:34","date_gmt":"2025-03-21T09:54:34","guid":{"rendered":"https:\/\/promatmedical.com\/bj\/produit\/lampes-scialytiques-pentaled-63n30n-plafonnier-double\/"},"modified":"2025-03-21T10:54:34","modified_gmt":"2025-03-21T09:54:34","slug":"lampes-scialytiques-pentaled-63n30n-plafonnier-double","status":"publish","type":"product","link":"https:\/\/promatmedical.com\/fr\/produit\/lampes-scialytiques-pentaled-63n30n-plafonnier-double\/","title":{"rendered":"Lampes scialytiques pentaled 63n+30n &#8211; plafonnier double"},"content":{"rendered":"<p>PENTALED 63N + 30N double &#8211; 320 000 LUX &#8211; compact<\/p>\n<p>Pentaled 63N est un appareill de tr\u00e8s haute technologie con\u00e7u pour garantir d\u2019excellentes prestations. Elle se compose de 72 r\u00e9flecteurs elliptiques divis\u00e9s en 8 modules de 9 LED chacun. La mise au point des modules s&#8217;effectue m\u00e9caniquement en tournant la poign\u00e9e st\u00e9rilisable. La multiplicit\u00e9 es sources lumineuses et la g\u00e9ometrie elliptique des paraboles cr\u00e9e un syst\u00e8me de r\u00e9flexion de la lumi\u00e8re permettant d&#8217;obtenir l&#8217;effet scialytique, pour un \u00e9clairage tridimensionnel et sans ombres.<\/p>\n<p>Utilisation confortable<br \/>\nGr\u00e2ce au principe de lumi\u00e8re indirecte, quelle que soit l\u2019orientation de la lampe, elle n\u2019\u00e9blouit ni le chirurgien, ni les assistants. La dimension du champ \u00e9clair\u00e9 se r\u00e8gle m\u00e9caniquement avec la poign\u00e9e en relation avec la typologie de lumi\u00e8re que la sp\u00e9cialit\u00e9 chirurgicale demande.<\/p>\n<p>\u00c9clairage sup\u00e9rieur<br \/>\nLes commandes situ\u00e9es sur le clavier \u00e0 membrane activent les fonctions de:<br \/>\n&#8211; s\u00e9lection de temp\u00e9rature de couleur 5 000\u00b0K et 4 500\u00b0K<br \/>\n&#8211; r\u00e9glage de l\u2019intensit\u00e9 lumineuse jusqu&#8217;\u00e0 160 Klx<br \/>\n&#8211; marche\/arr\u00eat<br \/>\n&#8211; endoLed avec s\u00e9lection couleur (pour endoscopie).<br \/>\n\u00c0 5 000\u00b0K stimule la concentration du chirurgien, ne fatigue pas la vue, reproduit fid\u00e8lement la couleur des tissus tout en augmentant la d\u00e9finition des contours.<\/p>\n<p>Performances fiables et durables<br \/>\nLa conception modulaire de la fiche \u00e9lectronique d&#8217;alimentation des LED garantit la continuit\u00e9 de la lumi\u00e8re m\u00eame en cas de d\u00e9faillance de celles-ci. La lumi\u00e8re est prot\u00e9g\u00e9e par un \u00e9cran diffuseur en verre d\u00e9poli tremp\u00e9, rev\u00eatu d&#8217;un film protecteur sp\u00e9cial qui \u00e9vite la perte des pi\u00e8ces en cas de rupture.<\/p>\n<p>Facile \u00e0 man\u0153uvrer<br \/>\nLes dimensions r\u00e9duites et la l\u00e9g\u00e8ret\u00e9 du r\u00e9flecteur conf\u00e8rent maniabilit\u00e9 et stabilit\u00e9 au produit. Rotation souple de 360\u00b0.<\/p>\n<p>L\u2019extr\u00eame l\u00e9g\u00e8ret\u00e9 de la structure, la barre trait\u00e9e en aluminium sur la partie frontale de la coupole, la parabole ultra-fine (13 cm seulement) permettent des mouvements simples.<\/p>\n<p>Kit batterie, cam\u00e9ra TVCC, bras pour \u00e9cran sur demande<br \/>\nChaque lampe peut \u00eatre \u00e9quip\u00e9e d\u2019un kit batterie d&#8217;urgence avec chargeur automatique (heures d&#8217;autonomie: 2,5 (49200), 2,5 (49201), 2 (49202), cam\u00e9ra TVCC ou bras porte-ecran.<\/p>\n<p>Certification compl\u00e8te<br \/>\nConforme aux directives europ\u00e9ennes 93\/42\/EEC et 2007\/47\/EC Classe I &#8211; marquage CE dispositif m\u00e9dical. Fabriqu\u00e9 en Italie.<\/p>\n","protected":false},"excerpt":{"rendered":"<p>PENTALED 63N + 30N double &#8211; 320 000 LUX &#8211; compact Pentaled 63N est un appareill de tr\u00e8s haute technologie con\u00e7u pour garantir d\u2019excellentes prestations. Elle se compose de 72 r\u00e9flecteurs elliptiques divis\u00e9s en 8 modules de 9 LED chacun. La mise au point des modules s&#8217;effectue m\u00e9caniquement en tournant la poign\u00e9e st\u00e9rilisable. La multiplicit\u00e9 [&hellip;]<\/p>\n","protected":false},"featured_media":33141,"comment_status":"open","ping_status":"closed","template":"","meta":[],"product_brand":[],"product_cat":[166],"product_tag":[],"class_list":{"0":"post-33142","1":"product","2":"type-product","3":"status-publish","4":"has-post-thumbnail","6":"product_cat-equipements-medicaux-et-chirurgicaux","8":"first","9":"instock","10":"taxable","11":"shipping-taxable","12":"purchasable","13":"product-type-simple"},"_links":{"self":[{"href":"https:\/\/promatmedical.com\/fr\/wp-json\/wp\/v2\/product\/33142","targetHints":{"allow":["GET"]}}],"collection":[{"href":"https:\/\/promatmedical.com\/fr\/wp-json\/wp\/v2\/product"}],"about":[{"href":"https:\/\/promatmedical.com\/fr\/wp-json\/wp\/v2\/types\/product"}],"replies":[{"embeddable":true,"href":"https:\/\/promatmedical.com\/fr\/wp-json\/wp\/v2\/comments?post=33142"}],"wp:featuredmedia":[{"embeddable":true,"href":"https:\/\/promatmedical.com\/fr\/wp-json\/wp\/v2\/media\/33141"}],"wp:attachment":[{"href":"https:\/\/promatmedical.com\/fr\/wp-json\/wp\/v2\/media?parent=33142"}],"wp:term":[{"taxonomy":"product_brand","embeddable":true,"href":"https:\/\/promatmedical.com\/fr\/wp-json\/wp\/v2\/product_brand?post=33142"},{"taxonomy":"product_cat","embeddable":true,"href":"https:\/\/promatmedical.com\/fr\/wp-json\/wp\/v2\/product_cat?post=33142"},{"taxonomy":"product_tag","embeddable":true,"href":"https:\/\/promatmedical.com\/fr\/wp-json\/wp\/v2\/product_tag?post=33142"}],"curies":[{"name":"wp","href":"https:\/\/api.w.org\/{rel}","templated":true}]}}