{"id":33175,"date":"2025-03-21T10:57:24","date_gmt":"2025-03-21T09:57:24","guid":{"rendered":"https:\/\/promatmedical.com\/bj\/produit\/stethoscope-yton-tete-double-y-vert-fonce\/"},"modified":"2025-03-21T10:57:24","modified_gmt":"2025-03-21T09:57:24","slug":"stethoscope-yton-tete-double-y-vert-fonce","status":"publish","type":"product","link":"https:\/\/promatmedical.com\/fr\/produit\/stethoscope-yton-tete-double-y-vert-fonce\/","title":{"rendered":"St\u00e9thoscope yton t\u00eate double &#8211; y vert fonc\u00e9"},"content":{"rendered":"<p>ST\u00c9THOSCOPES YTON &#8211; SANS LATEX<\/p>\n<p>&#8211; Yton t\u00eate double &#8211; vert fonc\u00e9<\/p>\n<p>Pavillon en aluminium solide ayant un diam\u00e8tre de 45 mm, cloche ayant un diam\u00e8tre de 30 mm (pour t\u00eate double), avec une bague de fixation en plastique assortie.<br \/>\nFinition \u00abDuracote\u00bb.<br \/>\nDisponibles en quatre couleurs: vert fonc\u00e9, bleu fonc\u00e9, rouge et bleu aqua.<br \/>\nMode d&#8217;emploi et bo\u00eete en 11 langues: GB, FR, IT, DE, ES, PT, GR, PL, SE, HU, Arabe.<\/p>\n","protected":false},"excerpt":{"rendered":"<p>ST\u00c9THOSCOPES YTON &#8211; SANS LATEX &#8211; Yton t\u00eate double &#8211; vert fonc\u00e9 Pavillon en aluminium solide ayant un diam\u00e8tre de 45 mm, cloche ayant un diam\u00e8tre de 30 mm (pour t\u00eate double), avec une bague de fixation en plastique assortie. Finition \u00abDuracote\u00bb. Disponibles en quatre couleurs: vert fonc\u00e9, bleu fonc\u00e9, rouge et bleu aqua. Mode [&hellip;]<\/p>\n","protected":false},"featured_media":33174,"comment_status":"open","ping_status":"closed","template":"","meta":[],"product_brand":[],"product_cat":[166],"product_tag":[],"class_list":{"0":"post-33175","1":"product","2":"type-product","3":"status-publish","4":"has-post-thumbnail","6":"product_cat-equipements-medicaux-et-chirurgicaux","8":"first","9":"instock","10":"taxable","11":"shipping-taxable","12":"purchasable","13":"product-type-simple"},"_links":{"self":[{"href":"https:\/\/promatmedical.com\/fr\/wp-json\/wp\/v2\/product\/33175","targetHints":{"allow":["GET"]}}],"collection":[{"href":"https:\/\/promatmedical.com\/fr\/wp-json\/wp\/v2\/product"}],"about":[{"href":"https:\/\/promatmedical.com\/fr\/wp-json\/wp\/v2\/types\/product"}],"replies":[{"embeddable":true,"href":"https:\/\/promatmedical.com\/fr\/wp-json\/wp\/v2\/comments?post=33175"}],"wp:featuredmedia":[{"embeddable":true,"href":"https:\/\/promatmedical.com\/fr\/wp-json\/wp\/v2\/media\/33174"}],"wp:attachment":[{"href":"https:\/\/promatmedical.com\/fr\/wp-json\/wp\/v2\/media?parent=33175"}],"wp:term":[{"taxonomy":"product_brand","embeddable":true,"href":"https:\/\/promatmedical.com\/fr\/wp-json\/wp\/v2\/product_brand?post=33175"},{"taxonomy":"product_cat","embeddable":true,"href":"https:\/\/promatmedical.com\/fr\/wp-json\/wp\/v2\/product_cat?post=33175"},{"taxonomy":"product_tag","embeddable":true,"href":"https:\/\/promatmedical.com\/fr\/wp-json\/wp\/v2\/product_tag?post=33175"}],"curies":[{"name":"wp","href":"https:\/\/api.w.org\/{rel}","templated":true}]}}