{"id":33205,"date":"2025-03-21T10:59:40","date_gmt":"2025-03-21T09:59:40","guid":{"rendered":"https:\/\/promatmedical.com\/bj\/produit\/stethoscope-double-tete-evolve-tete-noire-y-vert-emeraude\/"},"modified":"2025-03-21T10:59:40","modified_gmt":"2025-03-21T09:59:40","slug":"stethoscope-double-tete-evolve-tete-noire-y-vert-emeraude","status":"publish","type":"product","link":"https:\/\/promatmedical.com\/fr\/produit\/stethoscope-double-tete-evolve-tete-noire-y-vert-emeraude\/","title":{"rendered":"St\u00e9thoscope double t\u00eate evolve &#8211; t\u00eate noire &#8211; y vert \u00e9meraude"},"content":{"rendered":"<p>ST\u00c9THOSCOPES DOUBLE T\u00caTE GIMA EVOLVE &#8211; longueur 75 cm<\/p>\n<p>\u2022 S\u00c9RIE T\u00caTE NOIRE<br \/>\n\u2022 Gima Evolve &#8211; vert \u00e9meraude<br \/>\n\u2022 Lyre: noir<br \/>\n\u2022 Bague: noir<\/p>\n<p>Ligne de st\u00e9thoscopes pr\u00e9sentant acoustique et sensibilit\u00e9 \u00e9lev\u00e9es, avec 4 t\u00eates diff\u00e9rentes et un assortiment de tubulures en Y de couleurs attirantes.<br \/>\nLa combination du pavillon avec les membranes double fr\u00e9quence permet d&#8217;entendre des sons de basse et de haute fr\u00e9quence, simplement en r\u00e9glant la pression appliqu\u00e9e sur le pavillon.<br \/>\nLe pavillon en acier inox \u00e8 sensible aux sons de fr\u00e9quence plus basse. Son c\u00f4t\u00e9 int\u00e9rieur est poli, de sorte qu&#8217;il est lisse et que l&#8217;attenuation des sons est r\u00e9duite pendant l&#8217;auscultation.<br \/>\nAssortiment de tubulures en Y de couleurs modernes et \u00e9l\u00e9gantes.<br \/>\nLa nouvelle technologie d&#8217;\u00e9lectroplacage garantit une dur\u00e9e plus longue et une r\u00e9sistance plus \u00e9lev\u00e9e \u00e0 la corrosion.<\/p>\n<p>Caract\u00e9ristiques<br \/>\n&#8211; pavillon double t\u00eate (\u00d8 48 mm et 36 mm) avec bagues antifroid<br \/>\n&#8211; lyre en aluminium introduite dans la tubulure (acier inox pour la version Or Rose)<br \/>\n&#8211; embouts auriculaires en silicone ergonomiques et souples, pour un confort optimal<br \/>\n&#8211; tubulure en PVC \u00d8 10 mm, longueur 60 cm<br \/>\n&#8211; longueur totale 75 cm<\/p>\n<p>Livr\u00e9s avec \u00e9tiquette du nom et kit de rechanges dans un \u00e9tui transparent comprenant 2 paires d&#8217;embouts auriculaires souples et 2 membranes double fr\u00e9quence.<br \/>\nBo\u00eete et mode d&#8217;emploi multilingues: GB, FR, IT, ES, PT, DE, NL, PL, CZ, BG, RO, HR, GR, SE, Arabe.<\/p>\n","protected":false},"excerpt":{"rendered":"<p>ST\u00c9THOSCOPES DOUBLE T\u00caTE GIMA EVOLVE &#8211; longueur 75 cm \u2022 S\u00c9RIE T\u00caTE NOIRE \u2022 Gima Evolve &#8211; vert \u00e9meraude \u2022 Lyre: noir \u2022 Bague: noir Ligne de st\u00e9thoscopes pr\u00e9sentant acoustique et sensibilit\u00e9 \u00e9lev\u00e9es, avec 4 t\u00eates diff\u00e9rentes et un assortiment de tubulures en Y de couleurs attirantes. La combination du pavillon avec les membranes double [&hellip;]<\/p>\n","protected":false},"featured_media":33204,"comment_status":"open","ping_status":"closed","template":"","meta":[],"product_brand":[],"product_cat":[166],"product_tag":[],"class_list":{"0":"post-33205","1":"product","2":"type-product","3":"status-publish","4":"has-post-thumbnail","6":"product_cat-equipements-medicaux-et-chirurgicaux","8":"first","9":"instock","10":"taxable","11":"shipping-taxable","12":"purchasable","13":"product-type-simple"},"_links":{"self":[{"href":"https:\/\/promatmedical.com\/fr\/wp-json\/wp\/v2\/product\/33205","targetHints":{"allow":["GET"]}}],"collection":[{"href":"https:\/\/promatmedical.com\/fr\/wp-json\/wp\/v2\/product"}],"about":[{"href":"https:\/\/promatmedical.com\/fr\/wp-json\/wp\/v2\/types\/product"}],"replies":[{"embeddable":true,"href":"https:\/\/promatmedical.com\/fr\/wp-json\/wp\/v2\/comments?post=33205"}],"wp:featuredmedia":[{"embeddable":true,"href":"https:\/\/promatmedical.com\/fr\/wp-json\/wp\/v2\/media\/33204"}],"wp:attachment":[{"href":"https:\/\/promatmedical.com\/fr\/wp-json\/wp\/v2\/media?parent=33205"}],"wp:term":[{"taxonomy":"product_brand","embeddable":true,"href":"https:\/\/promatmedical.com\/fr\/wp-json\/wp\/v2\/product_brand?post=33205"},{"taxonomy":"product_cat","embeddable":true,"href":"https:\/\/promatmedical.com\/fr\/wp-json\/wp\/v2\/product_cat?post=33205"},{"taxonomy":"product_tag","embeddable":true,"href":"https:\/\/promatmedical.com\/fr\/wp-json\/wp\/v2\/product_tag?post=33205"}],"curies":[{"name":"wp","href":"https:\/\/api.w.org\/{rel}","templated":true}]}}