{"id":33235,"date":"2025-03-21T11:02:06","date_gmt":"2025-03-21T10:02:06","guid":{"rendered":"https:\/\/promatmedical.com\/bj\/produit\/brassard-heine-1-tube-adulte-large-5\/"},"modified":"2025-03-21T11:02:06","modified_gmt":"2025-03-21T10:02:06","slug":"brassard-heine-1-tube-adulte-large-5","status":"publish","type":"product","link":"https:\/\/promatmedical.com\/fr\/produit\/brassard-heine-1-tube-adulte-large-5\/","title":{"rendered":"Brassard heine 1 tube &#8211; adulte large &#8211; 5"},"content":{"rendered":"<p>BRASSARDS ORIGINAUX HEINE 1 TUBE<\/p>\n<p>\u2022 Adulte large &#8211; 5<br \/>\n\u2022 Code Heine: M-000-09-706<br \/>\n\u2022 Couleur: gris<br \/>\n\u2022 Dimensions: 17 x 70 cm<br \/>\n\u2022 Circonf\u00e9rence: 35 &#8211; 47 cm<\/p>\n<p>Brassards \u00e0 tube unique de haute qualit\u00e9, avec fermeture velcro. Parfaitement \u00e9quilibr\u00e9s pour donner confort et facilit\u00e9 d&#8217;utilisation. Compatibles avec tous les tensiom\u00e8tres Heine. Mat\u00e9riau imperm\u00e9able et lavable. Sans latex.<\/p>\n<p>Compatibilit\u00e9: Tous les Heine \u00e0 1 tube<\/p>\n","protected":false},"excerpt":{"rendered":"<p>BRASSARDS ORIGINAUX HEINE 1 TUBE \u2022 Adulte large &#8211; 5 \u2022 Code Heine: M-000-09-706 \u2022 Couleur: gris \u2022 Dimensions: 17 x 70 cm \u2022 Circonf\u00e9rence: 35 &#8211; 47 cm Brassards \u00e0 tube unique de haute qualit\u00e9, avec fermeture velcro. Parfaitement \u00e9quilibr\u00e9s pour donner confort et facilit\u00e9 d&#8217;utilisation. Compatibles avec tous les tensiom\u00e8tres Heine. Mat\u00e9riau imperm\u00e9able [&hellip;]<\/p>\n","protected":false},"featured_media":33234,"comment_status":"open","ping_status":"closed","template":"","meta":[],"product_brand":[],"product_cat":[166],"product_tag":[],"class_list":{"0":"post-33235","1":"product","2":"type-product","3":"status-publish","4":"has-post-thumbnail","6":"product_cat-equipements-medicaux-et-chirurgicaux","8":"first","9":"instock","10":"taxable","11":"shipping-taxable","12":"purchasable","13":"product-type-simple"},"_links":{"self":[{"href":"https:\/\/promatmedical.com\/fr\/wp-json\/wp\/v2\/product\/33235","targetHints":{"allow":["GET"]}}],"collection":[{"href":"https:\/\/promatmedical.com\/fr\/wp-json\/wp\/v2\/product"}],"about":[{"href":"https:\/\/promatmedical.com\/fr\/wp-json\/wp\/v2\/types\/product"}],"replies":[{"embeddable":true,"href":"https:\/\/promatmedical.com\/fr\/wp-json\/wp\/v2\/comments?post=33235"}],"wp:featuredmedia":[{"embeddable":true,"href":"https:\/\/promatmedical.com\/fr\/wp-json\/wp\/v2\/media\/33234"}],"wp:attachment":[{"href":"https:\/\/promatmedical.com\/fr\/wp-json\/wp\/v2\/media?parent=33235"}],"wp:term":[{"taxonomy":"product_brand","embeddable":true,"href":"https:\/\/promatmedical.com\/fr\/wp-json\/wp\/v2\/product_brand?post=33235"},{"taxonomy":"product_cat","embeddable":true,"href":"https:\/\/promatmedical.com\/fr\/wp-json\/wp\/v2\/product_cat?post=33235"},{"taxonomy":"product_tag","embeddable":true,"href":"https:\/\/promatmedical.com\/fr\/wp-json\/wp\/v2\/product_tag?post=33235"}],"curies":[{"name":"wp","href":"https:\/\/api.w.org\/{rel}","templated":true}]}}