{"id":33267,"date":"2025-03-21T11:04:50","date_gmt":"2025-03-21T10:04:50","guid":{"rendered":"https:\/\/promatmedical.com\/bj\/produit\/tensiometre-bp2a\/"},"modified":"2025-03-21T11:04:50","modified_gmt":"2025-03-21T10:04:50","slug":"tensiometre-bp2a","status":"publish","type":"product","link":"https:\/\/promatmedical.com\/fr\/produit\/tensiometre-bp2a\/","title":{"rendered":"Tensiom\u00e8tre bp2a"},"content":{"rendered":"<p>TENSIOM\u00c8TRE BLUETOOTH BP2A<\/p>\n<p>Tensiom\u00e8tre au bras, automatique et intelligent, con\u00e7u pour l&#8217;utilisation quotidienne. Gr\u00e2ce \u00e0 sa conception tout-en-un, il peut \u00eatre facilement transport\u00e9.<br \/>\nValidation clinique : l&#8217;association de la technologie de pressurisation intelligente et du nouveau brassard en Lycra hautement \u00e9lastique garantit la pr\u00e9cision maximale des r\u00e9sultats des mesures.<br \/>\nFacilit\u00e9 de lecture et d&#8217;utilisation : un seul clic pour mesurer et un \u00e9cran OLED garantissent la surveillance en temps r\u00e9el.<br \/>\nFiabilit\u00e9 : la d\u00e9tection du mouvement du corps et de la position correcte du brassard \u00e9vite les r\u00e9sultats invalides. La synchronisation Bluetooth permet de surveiller, partager et stocker les r\u00e9sultats sur l&#8217;Appli ViHealth, avec m\u00e9moire illimit\u00e9e et gestion d&#8217;utilisateurs multiples.<br \/>\nBrassard int\u00e9gr\u00e9 (22-42 cm), batterie rechargeable int\u00e9gr\u00e9e, c\u00e2ble de recharge, guide rapide et mode d&#8217;emploi multilingue en : GB, FR, IT, ES, DE.<\/p>\n","protected":false},"excerpt":{"rendered":"<p>TENSIOM\u00c8TRE BLUETOOTH BP2A Tensiom\u00e8tre au bras, automatique et intelligent, con\u00e7u pour l&#8217;utilisation quotidienne. Gr\u00e2ce \u00e0 sa conception tout-en-un, il peut \u00eatre facilement transport\u00e9. Validation clinique : l&#8217;association de la technologie de pressurisation intelligente et du nouveau brassard en Lycra hautement \u00e9lastique garantit la pr\u00e9cision maximale des r\u00e9sultats des mesures. Facilit\u00e9 de lecture et d&#8217;utilisation : [&hellip;]<\/p>\n","protected":false},"featured_media":33266,"comment_status":"open","ping_status":"closed","template":"","meta":[],"product_brand":[],"product_cat":[166],"product_tag":[],"class_list":{"0":"post-33267","1":"product","2":"type-product","3":"status-publish","4":"has-post-thumbnail","6":"product_cat-equipements-medicaux-et-chirurgicaux","8":"first","9":"instock","10":"taxable","11":"shipping-taxable","12":"purchasable","13":"product-type-simple"},"_links":{"self":[{"href":"https:\/\/promatmedical.com\/fr\/wp-json\/wp\/v2\/product\/33267","targetHints":{"allow":["GET"]}}],"collection":[{"href":"https:\/\/promatmedical.com\/fr\/wp-json\/wp\/v2\/product"}],"about":[{"href":"https:\/\/promatmedical.com\/fr\/wp-json\/wp\/v2\/types\/product"}],"replies":[{"embeddable":true,"href":"https:\/\/promatmedical.com\/fr\/wp-json\/wp\/v2\/comments?post=33267"}],"wp:featuredmedia":[{"embeddable":true,"href":"https:\/\/promatmedical.com\/fr\/wp-json\/wp\/v2\/media\/33266"}],"wp:attachment":[{"href":"https:\/\/promatmedical.com\/fr\/wp-json\/wp\/v2\/media?parent=33267"}],"wp:term":[{"taxonomy":"product_brand","embeddable":true,"href":"https:\/\/promatmedical.com\/fr\/wp-json\/wp\/v2\/product_brand?post=33267"},{"taxonomy":"product_cat","embeddable":true,"href":"https:\/\/promatmedical.com\/fr\/wp-json\/wp\/v2\/product_cat?post=33267"},{"taxonomy":"product_tag","embeddable":true,"href":"https:\/\/promatmedical.com\/fr\/wp-json\/wp\/v2\/product_tag?post=33267"}],"curies":[{"name":"wp","href":"https:\/\/api.w.org\/{rel}","templated":true}]}}