{"id":33269,"date":"2025-03-21T11:04:55","date_gmt":"2025-03-21T10:04:55","guid":{"rendered":"https:\/\/promatmedical.com\/bj\/produit\/tensiometre-gima-wrap-gbfritesptdenlseplhurogr\/"},"modified":"2025-03-21T11:04:55","modified_gmt":"2025-03-21T10:04:55","slug":"tensiometre-gima-wrap-gbfritesptdenlseplhurogr","status":"publish","type":"product","link":"https:\/\/promatmedical.com\/fr\/produit\/tensiometre-gima-wrap-gbfritesptdenlseplhurogr\/","title":{"rendered":"Tensiom\u00e8tre gima wrap gb,fr,it,es,pt,de,nl,se,pl,hu,ro,gr"},"content":{"rendered":"<p>TENSIOM\u00c8TRE GIMA WRAP avec Bluetooth<\/p>\n<p>Tensiom\u00e8tre portable et l\u00e9ger, avec connexion Bluetooth, con\u00e7u pour usage professionnel et domestique.<\/p>\n<p>&#8211; large \u00e9cran LED 3,2&#8243;, facile \u00e0 lire et r\u00e9tro\u00e9clair\u00e9<br \/>\n&#8211; indicateur r\u00e9tro\u00e9clair\u00e9 \u00e0 3 couleurs<br \/>\n&#8211; 2 utilisateurs, 120 m\u00e9moires chacun + mode invit\u00e9, id\u00e9al pour un usage familial<br \/>\n&#8211; d\u00e9tection du rythme cardiaque irr\u00e9gulier (IHB)<br \/>\n&#8211; indicateur d&#8217;erreur caus\u00e9e par le mouvement<br \/>\n&#8211; indicateur de brassard port\u00e9 correctement<br \/>\n&#8211; alarme sonore et visuel avec indicateurs de 4 couleurs<br \/>\n&#8211; technologie de &#8220;gonflage intelligent&#8221;<br \/>\n&#8211; batterie au lithium rechargeable int\u00e9gr\u00e9e<\/p>\n<p>Livr\u00e9 avec brassard pour adultes (22-42 cm), batterie au lithium int\u00e9gr\u00e9e, c\u00e2ble USB de type C, mode d&#8217;emploi en GB, FR, IT, ES, PT, DE, NL, SE, PL, HU, RO, GR.<\/p>\n","protected":false},"excerpt":{"rendered":"<p>TENSIOM\u00c8TRE GIMA WRAP avec Bluetooth Tensiom\u00e8tre portable et l\u00e9ger, avec connexion Bluetooth, con\u00e7u pour usage professionnel et domestique. &#8211; large \u00e9cran LED 3,2&#8243;, facile \u00e0 lire et r\u00e9tro\u00e9clair\u00e9 &#8211; indicateur r\u00e9tro\u00e9clair\u00e9 \u00e0 3 couleurs &#8211; 2 utilisateurs, 120 m\u00e9moires chacun + mode invit\u00e9, id\u00e9al pour un usage familial &#8211; d\u00e9tection du rythme cardiaque irr\u00e9gulier (IHB) [&hellip;]<\/p>\n","protected":false},"featured_media":33268,"comment_status":"open","ping_status":"closed","template":"","meta":[],"product_brand":[],"product_cat":[166],"product_tag":[],"class_list":{"0":"post-33269","1":"product","2":"type-product","3":"status-publish","4":"has-post-thumbnail","6":"product_cat-equipements-medicaux-et-chirurgicaux","8":"first","9":"instock","10":"taxable","11":"shipping-taxable","12":"purchasable","13":"product-type-simple"},"_links":{"self":[{"href":"https:\/\/promatmedical.com\/fr\/wp-json\/wp\/v2\/product\/33269","targetHints":{"allow":["GET"]}}],"collection":[{"href":"https:\/\/promatmedical.com\/fr\/wp-json\/wp\/v2\/product"}],"about":[{"href":"https:\/\/promatmedical.com\/fr\/wp-json\/wp\/v2\/types\/product"}],"replies":[{"embeddable":true,"href":"https:\/\/promatmedical.com\/fr\/wp-json\/wp\/v2\/comments?post=33269"}],"wp:featuredmedia":[{"embeddable":true,"href":"https:\/\/promatmedical.com\/fr\/wp-json\/wp\/v2\/media\/33268"}],"wp:attachment":[{"href":"https:\/\/promatmedical.com\/fr\/wp-json\/wp\/v2\/media?parent=33269"}],"wp:term":[{"taxonomy":"product_brand","embeddable":true,"href":"https:\/\/promatmedical.com\/fr\/wp-json\/wp\/v2\/product_brand?post=33269"},{"taxonomy":"product_cat","embeddable":true,"href":"https:\/\/promatmedical.com\/fr\/wp-json\/wp\/v2\/product_cat?post=33269"},{"taxonomy":"product_tag","embeddable":true,"href":"https:\/\/promatmedical.com\/fr\/wp-json\/wp\/v2\/product_tag?post=33269"}],"curies":[{"name":"wp","href":"https:\/\/api.w.org\/{rel}","templated":true}]}}